{"id":1889214,"date":"2025-06-19T00:52:49","date_gmt":"2025-06-18T22:52:49","guid":{"rendered":"https:\/\/liquidmaster.pl\/innovacar-ls3-foam-lance-pianownica-cisnieniowa\/"},"modified":"2026-04-20T08:09:07","modified_gmt":"2026-04-20T06:09:07","slug":"innovacar-ls3-foam-lance-pianownica-cisnieniowa","status":"publish","type":"product","link":"https:\/\/liquidmaster.pl\/en\/innovacar-ls3-foam-lance-pianownica-cisnieniowa\/","title":{"rendered":"Innovacar LS3 Foam Lance - pressure foam gun"},"content":{"rendered":"<p>Innovacar LS3 Foam Lance \u2013 a foam applicator for use with pressure washers.<\/p>\n<p>Main features:<\/p>\n<ul>\n<li>Easy to use: the design and dimensions of the lance make it easy to use.<\/li>\n<li>Water valve: an adjustable valve located above the lance facilitates dosing even when dispensing foam.<\/li>\n<li>Suitable for use with shampoos and pre-cleansers: with a nominal pressure of 160 bar, a maximum temperature of 60\u00b0C and a one-liter graduated tank, it is ideal for producing foam for washing cars and other vehicles.<\/li>\n<li>Venturi effect: the cleaning agent is sucked out of the 1-liter bottle.<\/li>\n<li>Adjustable foam: the foam flow and density can be adjusted using the knob on the top.<\/li>\n<li>Rated temperature: 60\u00b0C.<\/li>\n<li>Tank: 1 L<\/li>\n<li>Rated pressure: 160 bar.<\/li>\n<li>Permissible pressure: 180 bar.<\/li>\n<li>Nozzle diameter: 1.25 mm.<\/li>\n<li>Rated flow: 12 L\/min.<\/li>\n<\/ul>","protected":false},"excerpt":{"rendered":"<p>Innovacar LS3 Foam Lance \u2013 pianownica do u\u017cytku z myjkami ci\u015bnieniowymi. G\u0142\u00f3wne cechy: \u0141atwa w obs\u0142udze: konstrukcja i gabaryty lancy u\u0142atwiaj\u0105 obs\u0142ug\u0119. Zaw\u00f3r wody: regulowany zaw\u00f3r umieszczony nad lanc\u0105 u\u0142atwia dozowanie nawet podczas podawania piany. Nadaje si\u0119 do stosowania z szamponami i \u015brodkami do mycia wst\u0119pnego: dzi\u0119ki ci\u015bnieniu nominalnemu 160 bar, maksymalnej temperaturze 60\u00b0C i&hellip;&nbsp;<a href=\"https:\/\/liquidmaster.pl\/en\/innovacar-ls3-foam-lance-pianownica-cisnieniowa\/\" rel=\"bookmark\">Read More \u00bb<span class=\"screen-reader-text\">Innovacar LS3 Foam Lance - pressure foam gun<\/span><\/a><\/p>","protected":false},"featured_media":1850648,"comment_status":"open","ping_status":"open","template":"","meta":{"neve_meta_sidebar":"","neve_meta_container":"","neve_meta_enable_content_width":"","neve_meta_content_width":0,"neve_meta_title_alignment":"","neve_meta_author_avatar":"","neve_post_elements_order":"","neve_meta_disable_header":"","neve_meta_disable_footer":"","neve_meta_disable_title":"","_themeisle_gutenberg_block_has_review":false},"product_brand":[],"product_cat":[734,733,753],"product_tag":[310],"class_list":{"0":"post-1889214","1":"product","2":"type-product","3":"status-publish","4":"has-post-thumbnail","6":"product_cat-mycie-i-osuszanie","7":"product_cat-na-zewnatrz","8":"product_cat-piany-aktywne-i-pianownice","9":"product_tag-innovacar","11":"first","12":"instock","13":"taxable","14":"shipping-taxable","15":"purchasable","16":"product-type-simple"},"_links":{"self":[{"href":"https:\/\/liquidmaster.pl\/en\/wp-json\/wp\/v2\/product\/1889214","targetHints":{"allow":["GET"]}}],"collection":[{"href":"https:\/\/liquidmaster.pl\/en\/wp-json\/wp\/v2\/product"}],"about":[{"href":"https:\/\/liquidmaster.pl\/en\/wp-json\/wp\/v2\/types\/product"}],"replies":[{"embeddable":true,"href":"https:\/\/liquidmaster.pl\/en\/wp-json\/wp\/v2\/comments?post=1889214"}],"wp:featuredmedia":[{"embeddable":true,"href":"https:\/\/liquidmaster.pl\/en\/wp-json\/wp\/v2\/media\/1850648"}],"wp:attachment":[{"href":"https:\/\/liquidmaster.pl\/en\/wp-json\/wp\/v2\/media?parent=1889214"}],"wp:term":[{"taxonomy":"product_brand","embeddable":true,"href":"https:\/\/liquidmaster.pl\/en\/wp-json\/wp\/v2\/product_brand?post=1889214"},{"taxonomy":"product_cat","embeddable":true,"href":"https:\/\/liquidmaster.pl\/en\/wp-json\/wp\/v2\/product_cat?post=1889214"},{"taxonomy":"product_tag","embeddable":true,"href":"https:\/\/liquidmaster.pl\/en\/wp-json\/wp\/v2\/product_tag?post=1889214"}],"curies":[{"name":"wp","href":"https:\/\/api.w.org\/{rel}","templated":true}]}}