{"id":1889208,"date":"2025-06-19T00:50:07","date_gmt":"2025-06-18T22:50:07","guid":{"rendered":"https:\/\/liquidmaster.pl\/innovacar-foamer-150ml-pianowniczka-butelka-z-dysza-pianujaca\/"},"modified":"2026-04-20T08:09:05","modified_gmt":"2026-04-20T06:09:05","slug":"innovacar-foamer-150ml-pianowniczka-butelka-z-dysza-pianujaca","status":"publish","type":"product","link":"https:\/\/liquidmaster.pl\/en\/innovacar-foamer-150ml-pianowniczka-butelka-z-dysza-pianujaca\/","title":{"rendered":"Innovacar Foamer 150ml - a foamer, a bottle with a foaming nozzle"},"content":{"rendered":"<p>Innovacar Foamer \u2013 a bottle with a foaming nozzle is the perfect solution for dispensing foam products for cleaning leather and interiors.<\/p>\n<p>Main features:<\/p>\n<ul>\n<li>Graduation: indicators from 20 ml to 150 ml that allow you to choose the dilution level of the product.<\/li>\n<li>Foam applicator: the dispenser can produce a thick foam that optimizes the amount of product used and improves adhesion.<\/li>\n<li>Interior maintenance: by dispensing the foam, you avoid excessive wetting of the surface and do not spread the product to unnecessary places.<\/li>\n<li>Can be used with Innovacar products: especially suitable for X2 Fabrics&amp;Leather for leather cleaning and 100% Degreasing for interior cleaning<\/li>\n<\/ul>\n<p>Capacity: 150 ml<\/p>","protected":false},"excerpt":{"rendered":"<p>Innovacar Foamer \u2013 butelka z dysz\u0105 pianuj\u0105c\u0105 to idealne rozwi\u0105zanie do dozowania produkt\u00f3w w piance do czyszczenia sk\u00f3ry i wn\u0119trz. G\u0142\u00f3wne cechy: Podzia\u0142ka: wska\u017aniki od 20 ml do 150 ml, kt\u00f3re pozwalaj\u0105 wybra\u0107 poziom rozcie\u0144czenia produktu. Pianowniczka: dozownik mo\u017ce wytworzy\u0107 g\u0119st\u0105 piank\u0119, kt\u00f3ra optymalizuje ilo\u015b\u0107 u\u017cytego produktu i poprawia przyczepno\u015b\u0107. Konserwacja wn\u0119trza: dzi\u0119ki dozowaniu pianki&hellip;&nbsp;<a href=\"https:\/\/liquidmaster.pl\/en\/innovacar-foamer-150ml-pianowniczka-butelka-z-dysza-pianujaca\/\" rel=\"bookmark\">Read More \u00bb<span class=\"screen-reader-text\">Innovacar Foamer 150ml - a foamer, a bottle with a foaming nozzle<\/span><\/a><\/p>","protected":false},"featured_media":1850622,"comment_status":"open","ping_status":"open","template":"","meta":{"neve_meta_sidebar":"","neve_meta_container":"","neve_meta_enable_content_width":"","neve_meta_content_width":0,"neve_meta_title_alignment":"","neve_meta_author_avatar":"","neve_post_elements_order":"","neve_meta_disable_header":"","neve_meta_disable_footer":"","neve_meta_disable_title":"","_themeisle_gutenberg_block_has_review":false},"product_brand":[],"product_cat":[757,811],"product_tag":[310],"class_list":{"0":"post-1889208","1":"product","2":"type-product","3":"status-publish","4":"has-post-thumbnail","6":"product_cat-akcesoria","7":"product_cat-pozostale-akcesoria","8":"product_tag-innovacar","10":"first","11":"instock","12":"taxable","13":"shipping-taxable","14":"purchasable","15":"product-type-simple"},"_links":{"self":[{"href":"https:\/\/liquidmaster.pl\/en\/wp-json\/wp\/v2\/product\/1889208","targetHints":{"allow":["GET"]}}],"collection":[{"href":"https:\/\/liquidmaster.pl\/en\/wp-json\/wp\/v2\/product"}],"about":[{"href":"https:\/\/liquidmaster.pl\/en\/wp-json\/wp\/v2\/types\/product"}],"replies":[{"embeddable":true,"href":"https:\/\/liquidmaster.pl\/en\/wp-json\/wp\/v2\/comments?post=1889208"}],"wp:featuredmedia":[{"embeddable":true,"href":"https:\/\/liquidmaster.pl\/en\/wp-json\/wp\/v2\/media\/1850622"}],"wp:attachment":[{"href":"https:\/\/liquidmaster.pl\/en\/wp-json\/wp\/v2\/media?parent=1889208"}],"wp:term":[{"taxonomy":"product_brand","embeddable":true,"href":"https:\/\/liquidmaster.pl\/en\/wp-json\/wp\/v2\/product_brand?post=1889208"},{"taxonomy":"product_cat","embeddable":true,"href":"https:\/\/liquidmaster.pl\/en\/wp-json\/wp\/v2\/product_cat?post=1889208"},{"taxonomy":"product_tag","embeddable":true,"href":"https:\/\/liquidmaster.pl\/en\/wp-json\/wp\/v2\/product_tag?post=1889208"}],"curies":[{"name":"wp","href":"https:\/\/api.w.org\/{rel}","templated":true}]}}