{"id":1886839,"date":"2025-06-16T12:28:53","date_gmt":"2025-06-16T10:28:53","guid":{"rendered":"https:\/\/liquidmaster.pl\/sonax-xtreme-zimowy-plyn-do-spryskiwaczy-4l\/"},"modified":"2026-04-20T07:57:26","modified_gmt":"2026-04-20T05:57:26","slug":"sonax-xtreme-zimowy-plyn-do-spryskiwaczy-4l","status":"publish","type":"product","link":"https:\/\/liquidmaster.pl\/en\/sonax-xtreme-zimowy-plyn-do-spryskiwaczy-4l\/","title":{"rendered":"Sonax Xtreme winter washer fluid 4L"},"content":{"rendered":"<p>Sonax Xtreme Winter Windshield Washer Fluid is an excellent agent that effectively cleans windows even in frosty weather. Thanks to the use of Smart Dynamics Technology, you no longer have to choose between low temperature resistance and cleaning ability. The formula of Sonax Xtreme Winter Liquid uses nanoparticles that significantly improve its cleaning properties.<\/p>\n<p>Sonax Winter Windshield Washer Fluid is perfect for removing slush, salt and other road contaminants. It does not leave streaks on the glass and quickly helps improve visibility.\u00a0<\/p>\n<p>The liquid is completely safe for paint, plastics and headlights (including xenon). The glycerin in the composition protects the wiper blades and extends their service life. It can be used in cars with fan nozzles.<\/p>\n<p>Thanks to its excellent cleaning properties, Sonax Xtreme winter windshield washer fluid is very efficient. To effectively clean the glass, less liquid is needed, so it wears out much slower than standard products.<\/p>\n<p>How to use Sonax Xtreme Winter windshield washer fluid?<\/p>\n<p>The product is ready for use - you can pour it into the windshield washer fluid tank. The packaging is equipped with a funnel that prevents spilling.<\/p>\n<p>Tip!<\/p>\n<p>To strengthen the fluid&#039;s resistance to low temperatures, you can add Sonax Xtreme series washer fluid concentrate to the tank.<\/p>","protected":false},"excerpt":{"rendered":"<p>Sonax Xtreme Zimowy P\u0142yn do Spryskiwaczy to doskona\u0142y \u015brodek skutecznie czyszcz\u0105cy szyby nawet w czasie wi\u0119kszych mroz\u00f3w. Dzi\u0119ki zastosowaniu Smart Dynamics Technology nie musisz ju\u017c wybiera\u0107 mi\u0119dzy odporno\u015bci\u0105 na niskie temperatury a zdolno\u015bci\u0105 czyszczenia. Formu\u0142a Zimowego P\u0142ynu Sonax Xtreme wykorzystuje nanocz\u0105steczki, kt\u00f3re znacznie poprawiaj\u0105 jego w\u0142a\u015bciwo\u015bci myj\u0105ce. Zimowy P\u0142yn do Spryskiwaczy Sonax\u00a0doskonale radzi sobie z&hellip;&nbsp;<a href=\"https:\/\/liquidmaster.pl\/en\/sonax-xtreme-zimowy-plyn-do-spryskiwaczy-4l\/\" rel=\"bookmark\">Read More \u00bb<span class=\"screen-reader-text\">Sonax Xtreme winter washer fluid 4L<\/span><\/a><\/p>","protected":false},"featured_media":1846975,"comment_status":"open","ping_status":"open","template":"","meta":{"neve_meta_sidebar":"","neve_meta_container":"","neve_meta_enable_content_width":"","neve_meta_content_width":0,"neve_meta_title_alignment":"","neve_meta_author_avatar":"","neve_post_elements_order":"","neve_meta_disable_header":"","neve_meta_disable_footer":"","neve_meta_disable_title":"","_themeisle_gutenberg_block_has_review":false},"product_brand":[],"product_cat":[733,899,773],"product_tag":[363],"class_list":{"0":"post-1886839","1":"product","2":"type-product","3":"status-publish","4":"has-post-thumbnail","6":"product_cat-na-zewnatrz","7":"product_cat-plyny-do-spryskiwaczy","8":"product_cat-szyby","9":"product_tag-sonax","11":"first","12":"instock","13":"taxable","14":"shipping-taxable","15":"purchasable","16":"product-type-simple"},"_links":{"self":[{"href":"https:\/\/liquidmaster.pl\/en\/wp-json\/wp\/v2\/product\/1886839","targetHints":{"allow":["GET"]}}],"collection":[{"href":"https:\/\/liquidmaster.pl\/en\/wp-json\/wp\/v2\/product"}],"about":[{"href":"https:\/\/liquidmaster.pl\/en\/wp-json\/wp\/v2\/types\/product"}],"replies":[{"embeddable":true,"href":"https:\/\/liquidmaster.pl\/en\/wp-json\/wp\/v2\/comments?post=1886839"}],"wp:featuredmedia":[{"embeddable":true,"href":"https:\/\/liquidmaster.pl\/en\/wp-json\/wp\/v2\/media\/1846975"}],"wp:attachment":[{"href":"https:\/\/liquidmaster.pl\/en\/wp-json\/wp\/v2\/media?parent=1886839"}],"wp:term":[{"taxonomy":"product_brand","embeddable":true,"href":"https:\/\/liquidmaster.pl\/en\/wp-json\/wp\/v2\/product_brand?post=1886839"},{"taxonomy":"product_cat","embeddable":true,"href":"https:\/\/liquidmaster.pl\/en\/wp-json\/wp\/v2\/product_cat?post=1886839"},{"taxonomy":"product_tag","embeddable":true,"href":"https:\/\/liquidmaster.pl\/en\/wp-json\/wp\/v2\/product_tag?post=1886839"}],"curies":[{"name":"wp","href":"https:\/\/api.w.org\/{rel}","templated":true}]}}