{"id":1884737,"date":"2025-06-15T13:54:47","date_gmt":"2025-06-15T11:54:47","guid":{"rendered":"https:\/\/liquidmaster.pl\/mio-mivue-955wd-dwie-kamery-nagrywaja-jednoczesnie\/"},"modified":"2026-04-21T07:37:26","modified_gmt":"2026-04-21T05:37:26","slug":"mio-mivue-955wd-dwie-kamery-nagrywaja-jednoczesnie","status":"publish","type":"product","link":"https:\/\/liquidmaster.pl\/en\/mio-mivue-955wd-dwie-kamery-nagrywaja-jednoczesnie\/","title":{"rendered":"Mio MiVue 955WD \u2013 two cameras record simultaneously"},"content":{"rendered":"<p>Two cameras record simultaneously.<\/p>\n<p>Rear Camera (MiVue\u2122 E60) features STARVIS\u2122 optical sensor &amp; RCW system for reverse collision warning<\/p>\n<p>Your MiVue\u2122 955WD is equipped with the MiVue\u2122 E60 camera, which uses Sony&#039;s premium STARVIS sensor to record videos in greater detail thanks to Night Vision technology in 2.5K 1440P resolution at 30fps and HDR. Drivers will be warned when cars behind them get too close with the MiVue\u2122 E60&#039;s reverse collision warning.<\/p>\n<p>Extreme clarity of 4K recordings with the most important details preserved, plus a full package of professional features and warnings!<\/p>\n<ul>\n<li>Exceed Your Expectations: Extreme 4K Clarity<\/li>\n<li>1\/1.8\u201d larger sensor<\/li>\n<li>Even more legible license plates thanks to HDR<\/li>\n<li>Warning about sectional speed measurement<\/li>\n<li>Integrated high-speed Wi-Fi \u2013 Instant pairing via QR code<\/li>\n<\/ul>\n<p>Even more legible license plates thanks to HDR \u2013 High Dynamic Range<br \/>\n2.5K 1440P\/30fps with HDR &amp; Auto HDR<\/p>\n<ul>\n<li>With HDR, the MiVue\u2122 955W automatically captures multiple frames with different exposure values, then combines these frames to create a single image that is optimized for brighter, clearer video with less noise.<\/li>\n<li>2.5K 1440P\/Auto HDR mode switches the image sensor between day and night for better video.<\/li>\n<li>Warning about sectional speed measurement<\/li>\n<li>Calculation of remaining time, distance and average speed<\/li>\n<\/ul>\n<p>The MiVue\u2122 955W shows the distance and time in seconds to the upcoming speed camera, indicates the speed limit and provides information about your average speed on the measured section.<\/p>\n<p>Integrated high-speed Wi-Fi<\/p>\n<p>Instant pairing via QR code<\/p>\n<p>Integrated high-speed Wi-Fi enables lightning-fast data transfer, making video downloads even faster. Scan the QR code on your MiVue\u2122 955W to quickly and easily connect to Wi-Fi using the MiVue\u2122 Pro App in one step.<\/p>\n<p>Technical Specifications:<\/p>\n<p>Screen size: 2.7\u2033 IPS<\/p>\n<p>Video <\/p>\n<p>Recording resolution:<\/p>\n<ul>\n<li>4K 3840 x 2160 at 30 fps<\/li>\n<li>2.5K 2560 x 1440 Auto HDR<\/li>\n<li>2.5K 2560 x 1440 at 60 fps<\/li>\n<li>2.5K 2560 x 1440 at 30 fps HDR<\/li>\n<\/ul>\n<p>Rear Camera: 2.5K 2560 x 1440 at 30fps HDR<br \/>\nOptical recording sensor: Front camera: 8 Mega Pixels 1\/1.8&#039;&#039; sensor<br \/>\nRear Camera: Sony premium STARVIS CMOS<br \/>\nAperture: Front Camera &amp; Rear Camera: F2.0<br \/>\nRecording format: MP4 (H.265)<br \/>\n*To play H.265 videos, you must use a device and video player that supports 4K HEVC.<br \/>\nOptical viewing angle: Front camera: 140\u00b0<br \/>\nRear Camera: 140\u00b0<br \/>\nAudio recording: Yes<br \/>\nWIFI Hardware: Yes<br \/>\nBuilt-in GPS: Yes<br \/>\nG-sensor: Yes<br \/>\nMemory card support: (Recommended card type: U3 V30 or higher micro SD up to 256GB)<br \/>\nOperating temperature range: -10\u00b0 to +60\u00b0 C<br \/>\nHeight (mm): 102.5<br \/>\nWidth (mm): 61.75<br \/>\nThickness (mm): 40.25<br \/>\nWeight (g): 130<br \/>\nMicrophone: Yes<br \/>\nSpeaker: Yes<br \/>\nSupports Mio SmartBox Hardwire Kit: Optional<br \/>\nBuilt-in SuperCap: Yes<\/p>\n<p>Software <\/p>\n<p>Video Backup: Yes<br \/>\nVoice commands: Yes<br \/>\nGPS positioning: Yes<br \/>\nSpeed Camera Warning: Yes<br \/>\nCustom Speedcam Smartalert: Yes<br \/>\nSectional speed warning: Yes<br \/>\nMaintain Speed Alert: Yes<br \/>\nHUD\/Information Display: Yes<br \/>\nParking Mode: 2 in 1 Parking Mode: (*Requires SmartBox III, not included.)<\/p>\n<ul>\n<li>Passive Power Parking Mode: Only with G Sensor shock and impact sensor<\/li>\n<li>Intelligent parking mode: Motion, shock and impact sensor<\/li>\n<\/ul>\n<p>Event Recording: Yes<br \/>\nWhite balance (EV): Yes<br \/>\nCustomization Video Label: Yes<br \/>\nPhoto Mode: (Ability to take photos while recording)<br \/>\nAuto-start: Yes<br \/>\nSmartphone App: MiVue\u2122 Pro<br \/>\nOTA updates: Yes<\/p>\n<p>\u00a0<\/p>\n<p>\u00a0<\/p>","protected":false},"excerpt":{"rendered":"<p>Dwie kamery nagrywaj\u0105 jednocze\u015bnie. Tylna Kamera (MiVue\u2122 E60) posiada sensor optyczny STARVIS\u2122 &#038; System RCW ostrzegaj\u0105cy o kolizji wstecznej Twoja kamera MiVue\u2122 955WD jest wyposa\u017cone w kamer\u0119 MiVue\u2122 E60, kt\u00f3ra wykorzystuje wysokiej klasy sensor STARVIS firmy Sony do nagrywania wideo o wy\u017cszej szczeg\u00f3\u0142owo\u015bci dzi\u0119ki technologiI Night Vsion w rozdzielczo\u015bci 2,5K 1440P przy 30 klatkach na&hellip;&nbsp;<a href=\"https:\/\/liquidmaster.pl\/en\/mio-mivue-955wd-dwie-kamery-nagrywaja-jednoczesnie\/\" rel=\"bookmark\">Read More \u00bb<span class=\"screen-reader-text\">Mio MiVue 955WD \u2013 two cameras record simultaneously<\/span><\/a><\/p>","protected":false},"featured_media":1884739,"comment_status":"open","ping_status":"open","template":"","meta":{"neve_meta_sidebar":"","neve_meta_container":"","neve_meta_enable_content_width":"","neve_meta_content_width":0,"neve_meta_title_alignment":"","neve_meta_author_avatar":"","neve_post_elements_order":"","neve_meta_disable_header":"","neve_meta_disable_footer":"","neve_meta_disable_title":"","_themeisle_gutenberg_block_has_review":false},"product_brand":[],"product_cat":[757,846,891],"product_tag":[],"class_list":{"0":"post-1884737","1":"product","2":"type-product","3":"status-publish","4":"has-post-thumbnail","6":"product_cat-akcesoria","7":"product_cat-reszta","8":"product_cat-urzadzenia","10":"first","11":"outofstock","12":"taxable","13":"shipping-taxable","14":"purchasable","15":"product-type-simple"},"_links":{"self":[{"href":"https:\/\/liquidmaster.pl\/en\/wp-json\/wp\/v2\/product\/1884737","targetHints":{"allow":["GET"]}}],"collection":[{"href":"https:\/\/liquidmaster.pl\/en\/wp-json\/wp\/v2\/product"}],"about":[{"href":"https:\/\/liquidmaster.pl\/en\/wp-json\/wp\/v2\/types\/product"}],"replies":[{"embeddable":true,"href":"https:\/\/liquidmaster.pl\/en\/wp-json\/wp\/v2\/comments?post=1884737"}],"wp:featuredmedia":[{"embeddable":true,"href":"https:\/\/liquidmaster.pl\/en\/wp-json\/wp\/v2\/media\/1884739"}],"wp:attachment":[{"href":"https:\/\/liquidmaster.pl\/en\/wp-json\/wp\/v2\/media?parent=1884737"}],"wp:term":[{"taxonomy":"product_brand","embeddable":true,"href":"https:\/\/liquidmaster.pl\/en\/wp-json\/wp\/v2\/product_brand?post=1884737"},{"taxonomy":"product_cat","embeddable":true,"href":"https:\/\/liquidmaster.pl\/en\/wp-json\/wp\/v2\/product_cat?post=1884737"},{"taxonomy":"product_tag","embeddable":true,"href":"https:\/\/liquidmaster.pl\/en\/wp-json\/wp\/v2\/product_tag?post=1884737"}],"curies":[{"name":"wp","href":"https:\/\/api.w.org\/{rel}","templated":true}]}}