{"id":1884734,"date":"2025-06-15T13:54:05","date_gmt":"2025-06-15T11:54:05","guid":{"rendered":"https:\/\/liquidmaster.pl\/mio-mivue-c955w-kamera-samochodowa\/"},"modified":"2026-04-20T08:29:44","modified_gmt":"2026-04-20T06:29:44","slug":"mio-mivue-c955w-kamera-samochodowa","status":"publish","type":"product","link":"https:\/\/liquidmaster.pl\/en\/mio-mivue-c955w-kamera-samochodowa\/","title":{"rendered":"Mio MiVue C955W \u2013 car camera"},"content":{"rendered":"<p>Extreme clarity of 4K recordings with the most important details preserved, plus a full package of professional features and warnings!<\/p>\n<p>With HDR, the MiVue\u2122 955W automatically captures multiple frames with different exposure values, then combines these frames to create a single image that is optimized for brighter, clearer video with less noise.<\/p>\n<p>2.5K 1440P\/Auto HDR mode switches the image sensor between day and night for better video.<\/p>\n<p>Technical Specifications:<\/p>\n<p>Screen size: 2.7\u2033 IPS<\/p>\n<p>Video <\/p>\n<p>Recording resolution:<\/p>\n<ul>\n<li>4K 3840 x 2160 at 30 fps<\/li>\n<li>2.5K 2560 x 1440 Auto HDR<\/li>\n<li>2.5K 2560 x 1440 at 60 fps<\/li>\n<li>2.5K 2560 x 1440 at 30 fps HDR<\/li>\n<\/ul>\n<p>Optical recording sensor: 8 Mega Pixels 1\/1.8&#039;&#039; sensor<br \/>\nAperture: F2.0<br \/>\nRecording format: MP4 (H.265)<br \/>\n*To play H.265 videos, you must use a device and video player that supports 4K HEVC.<br \/>\nOptical viewing angle: 140\u00b0<br \/>\nAudio Recording: Yes<\/p>\n<p>Equipment <\/p>\n<p>WIFI: Yes<br \/>\nBuilt-in GPS: Yes<br \/>\nG-sensor: Yes<br \/>\nMemory card support: (Recommended card type: U3 V30 or higher micro SD up to 256GB)<br \/>\nOperating temperature range: -10\u00b0 to +60\u00b0 C<br \/>\nHeight (mm): 102.5<br \/>\nWidth (mm): 61.75<br \/>\nThickness (mm): 40.25<br \/>\nWeight (g): 130<br \/>\nMicrophone: Yes<br \/>\nSpeaker: Yes<br \/>\nSupports Mio SmartBox Hardwire Kit: Optional<br \/>\nBuilt-in SuperCap: Yes<\/p>\n<p>Software <\/p>\n<p>Video Backup: Yes<br \/>\nVoice commands: Yes<br \/>\nGPS positioning: Yes<br \/>\nSpeed Camera Warning: Yes<br \/>\nCustom Speedcam Smartalert: Yes<br \/>\nSectional speed warning: Yes<br \/>\nMaintain Speed Alert: Yes<br \/>\nHUD\/Information Display: Yes<br \/>\nParking mode:<\/p>\n<ul>\n<li>\u00a02 in 1 Parking Mode: (*Requires SmartBox III, not included.)<\/li>\n<li>Passive Power Parking Mode: Only with G Sensor shock and impact sensor<\/li>\n<li>Intelligent parking mode: Motion, shock and impact sensor<\/li>\n<\/ul>\n<p>Event Recording: Yes<br \/>\nWhite balance (EV): Yes<br \/>\nCustomization Video Label: Yes<br \/>\nPhoto Mode: (Ability to take photos while recording)<br \/>\nAuto-start: Yes<br \/>\nSmartphone App: MiVue\u2122 Pro<br \/>\nOTA updates: Yes<\/p>","protected":false},"excerpt":{"rendered":"<p>Ekstremalna wyrazisto\u015b\u0107 nagra\u0144 4K z zachowaniem najwa\u017cnjeszych szczeg\u00f3\u0142\u00f3w, dodatkowo pe\u0142en pakiet profesjonalnych funkcji i ostrze\u017ce\u0144! Dzi\u0119ki zastosowaniu funkcji HDR, MiVue\u2122 955W automatycznie rejestruje wiele klatek z r\u00f3\u017cnymi warto\u015bciami ekspozycji, a nast\u0119pnie \u0142\u0105czy te klatki, aby utworzy\u0107 pojedynczy obraz, kt\u00f3ry jest zoptymalizowany jako ja\u015bniejszy i czytelniejszy, z mniejsz\u0105 ilo\u015bci\u0105 szum\u00f3w. Tryb 2.5K 1440P\/Auto HDR prze\u0142\u0105cza czujnik&hellip;&nbsp;<a href=\"https:\/\/liquidmaster.pl\/en\/mio-mivue-c955w-kamera-samochodowa\/\" rel=\"bookmark\">Read More \u00bb<span class=\"screen-reader-text\">Mio MiVue C955W \u2013 car camera<\/span><\/a><\/p>","protected":false},"featured_media":1884736,"comment_status":"open","ping_status":"open","template":"","meta":{"neve_meta_sidebar":"","neve_meta_container":"","neve_meta_enable_content_width":"","neve_meta_content_width":0,"neve_meta_title_alignment":"","neve_meta_author_avatar":"","neve_post_elements_order":"","neve_meta_disable_header":"","neve_meta_disable_footer":"","neve_meta_disable_title":"","_themeisle_gutenberg_block_has_review":false},"product_brand":[],"product_cat":[757,846,891],"product_tag":[],"class_list":{"0":"post-1884734","1":"product","2":"type-product","3":"status-publish","4":"has-post-thumbnail","6":"product_cat-akcesoria","7":"product_cat-reszta","8":"product_cat-urzadzenia","10":"first","11":"outofstock","12":"taxable","13":"shipping-taxable","14":"purchasable","15":"product-type-simple"},"_links":{"self":[{"href":"https:\/\/liquidmaster.pl\/en\/wp-json\/wp\/v2\/product\/1884734","targetHints":{"allow":["GET"]}}],"collection":[{"href":"https:\/\/liquidmaster.pl\/en\/wp-json\/wp\/v2\/product"}],"about":[{"href":"https:\/\/liquidmaster.pl\/en\/wp-json\/wp\/v2\/types\/product"}],"replies":[{"embeddable":true,"href":"https:\/\/liquidmaster.pl\/en\/wp-json\/wp\/v2\/comments?post=1884734"}],"wp:featuredmedia":[{"embeddable":true,"href":"https:\/\/liquidmaster.pl\/en\/wp-json\/wp\/v2\/media\/1884736"}],"wp:attachment":[{"href":"https:\/\/liquidmaster.pl\/en\/wp-json\/wp\/v2\/media?parent=1884734"}],"wp:term":[{"taxonomy":"product_brand","embeddable":true,"href":"https:\/\/liquidmaster.pl\/en\/wp-json\/wp\/v2\/product_brand?post=1884734"},{"taxonomy":"product_cat","embeddable":true,"href":"https:\/\/liquidmaster.pl\/en\/wp-json\/wp\/v2\/product_cat?post=1884734"},{"taxonomy":"product_tag","embeddable":true,"href":"https:\/\/liquidmaster.pl\/en\/wp-json\/wp\/v2\/product_tag?post=1884734"}],"curies":[{"name":"wp","href":"https:\/\/api.w.org\/{rel}","templated":true}]}}