{"id":1884731,"date":"2025-06-15T13:52:49","date_gmt":"2025-06-15T11:52:49","guid":{"rendered":"https:\/\/liquidmaster.pl\/mio-mivue-c595w-kamera-samochodowa-przednia\/"},"modified":"2026-04-20T08:29:44","modified_gmt":"2026-04-20T06:29:44","slug":"mio-mivue-c595w-kamera-samochodowa-przednia","status":"publish","type":"product","link":"https:\/\/liquidmaster.pl\/en\/mio-mivue-c595w-kamera-samochodowa-przednia\/","title":{"rendered":"Mio MiVue C595W &#8211; kamera samochodowa przednia"},"content":{"rendered":"<p>Rejestrator MiVue\u2122 C595W jest wyposa\u017cony w wysokiej jako\u015bci sensor optyczny STARVIS CMOS, kt\u00f3ry zapewnia doskona\u0142y kontrast oraz jasn\u0105 i bogat\u0105 kolorystyk\u0119, nawet w s\u0142abym o\u015bwietleniu. Wysoka jako\u015b\u0107 nagrania ma zasadnicze znaczenie niezale\u017cnie od tego, czy chcesz je po prostu zachowa\u0107 na pami\u0105tk\u0119, czy te\u017c przekaza\u0107 ubezpieczycielowi razem z wnioskiem o wyp\u0142at\u0119 odszkodowania.<\/p>\n<p>Funkcje<\/p>\n<p>\u00a0<\/p>\n<ul>\n<li>High-quality Sensor: Sony premium STARVIS\u2122 CMOS<\/li>\n<li>Doskona\u0142e nagrania nawet przy minimalnej ilo\u015bci \u015bwiat\u0142a\u00a0Full HD 1080P 60 klatkach\/s<\/li>\n<li>Kryszta\u0142owo czysty obraz wideo nawet przy du\u017cych pr\u0119dko\u015bciach<\/li>\n<li>Even more legible license plates thanks to HDR \u2013 High Dynamic Range<\/li>\n<li>Zintegrowany modu\u0142 Wi-Fi<\/li>\n<li>Ostrze\u017cenia GPS o fotoradarach &#038; Opatentowana funkcja Mio Smart Alert<\/li>\n<li>Warning about sectional speed measurement<\/li>\n<li>Kalkulacja pozosta\u0142ego czasu, dystansu oraz \u015bredniej predkosci<\/li>\n<li>Superkondensator<\/li>\n<li>Super-cap dla ekstremalnych warunk\u00f3w<\/li>\n<li>Tryb parkingowy<\/li>\n<\/ul>\n<p>\u00a0<\/p>\n<p>* Wymaga Smartbox III, dost\u0119pnego oddzielnie.<\/p>\n<p>Pozycjonowanie GPS &#038; Automatyczna kalibracja czasu\/lokalizacji<\/p>\n<p>Technical Specifications:<\/p>\n<p>Wielko\u015b\u0107 ekranu:\u00a02.0\u2033<\/p>\n<p>Recording resolution:<\/p>\n<ul>\n<li>Full HD 1920 x 1080 at 60fps<\/li>\n<li>Full HD 1920 x 1080 at 30fps<\/li>\n<li>Full HD 1920 x 1080 at 30fps HDR<\/li>\n<\/ul>\n<p>Optical recording sensor: High quality Matrix: Sony premium STARVIS CMOS<br \/>\nAperture: F1.8<br \/>\nFormat nagrywania: .MP4 (H.264)<br \/>\nOptical viewing angle: 140\u00b0<br \/>\nAudio recording: Yes<\/p>\n<p>Sprz\u0119t:<\/p>\n<p>WIFI: Yes<br \/>\nBuilt-in GPS: Yes<br \/>\nG-sensor: Yes<br \/>\nObs\u0142uga kart pami\u0119ci: Tak (Rekomendowany typ karty U3 V30 b\u0105d\u017a wy\u017csza micro SD do 256GB)<br \/>\nOperating temperature range: -10\u00b0 to +60\u00b0 C<br \/>\nHeight (mm): 61<br \/>\nSzeroko\u015b\u0107 (mm): 54.6<br \/>\nThickness (mm): 41.74<br \/>\nWeight (g): 68 g<br \/>\nMicrophone: Yes<br \/>\nSpeaker: Yes<br \/>\nRear camera: Optional (MiVue\u2122 T35)<br \/>\nSupports Mio SmartBox Hardwire Kit: Optional<br \/>\nBuilt-in SuperCap: Yes<\/p>\n<p>Oprogramowanie:<\/p>\n<p>Video Backup: Yes<br \/>\nGPS positioning: Yes<br \/>\nSpeed Camera Warning: Yes<br \/>\nCustom Speedcam Smartalert: Yes<br \/>\nAsystent przejazdu przez odcinkowy pomiar pr\u0119dko\u015bci i ostrze\u017cenia przed fotoradarami: Tak<br \/>\nMaintain Speed Alert: Yes<br \/>\nHUD\/Information Display: Yes<br \/>\nParking mode:<\/p>\n<ul>\n<li>2 in 1 Parking Mode: (*Requires SmartBox III, not included.)<\/li>\n<li>Passive Power Parking Mode: Only with G Sensor shock and impact sensor<\/li>\n<li>Intelligent parking mode: Motion, shock and impact sensor<\/li>\n<\/ul>\n<p>Event Recording: Yes<br \/>\nWhite balance (EV): Yes<br \/>\nCustomization Video Label: Yes<br \/>\nTryb Zdj\u0119cia: (Mo\u017cliowo\u015b\u0107 robienia zdj\u0119\u0107 podczas nagrywania)<br \/>\nAuto-start: Yes<br \/>\nDarmowa aktualizacja bazy fotoradar\u00f3w: Tak<br \/>\nAlert przekroczenia pr\u0119dko\u015bci: Tak<br \/>\nSmartphone App: MiVue\u2122 Pro<br \/>\nDesktop: MiVue\u2122 Manager<br \/>\nOTA updates: Yes<\/p>","protected":false},"excerpt":{"rendered":"<p>Rejestrator MiVue\u2122 C595W jest wyposa\u017cony w wysokiej jako\u015bci sensor optyczny STARVIS CMOS, kt\u00f3ry zapewnia doskona\u0142y kontrast oraz jasn\u0105 i bogat\u0105 kolorystyk\u0119, nawet w s\u0142abym o\u015bwietleniu. Wysoka jako\u015b\u0107 nagrania ma zasadnicze znaczenie niezale\u017cnie od tego, czy chcesz je po prostu zachowa\u0107 na pami\u0105tk\u0119, czy te\u017c przekaza\u0107 ubezpieczycielowi razem z wnioskiem o wyp\u0142at\u0119 odszkodowania. Funkcje \u00a0 Wysokiej&hellip;&nbsp;<a href=\"https:\/\/liquidmaster.pl\/en\/mio-mivue-c595w-kamera-samochodowa-przednia\/\" rel=\"bookmark\">Read More \u00bb<span class=\"screen-reader-text\">Mio MiVue C595W &#8211; kamera samochodowa przednia<\/span><\/a><\/p>","protected":false},"featured_media":1884733,"comment_status":"open","ping_status":"open","template":"","meta":{"neve_meta_sidebar":"","neve_meta_container":"","neve_meta_enable_content_width":"","neve_meta_content_width":0,"neve_meta_title_alignment":"","neve_meta_author_avatar":"","neve_post_elements_order":"","neve_meta_disable_header":"","neve_meta_disable_footer":"","neve_meta_disable_title":"","_themeisle_gutenberg_block_has_review":false},"product_brand":[],"product_cat":[757,846,891],"product_tag":[],"class_list":{"0":"post-1884731","1":"product","2":"type-product","3":"status-publish","4":"has-post-thumbnail","6":"product_cat-akcesoria","7":"product_cat-reszta","8":"product_cat-urzadzenia","10":"first","11":"outofstock","12":"taxable","13":"shipping-taxable","14":"purchasable","15":"product-type-simple"},"_links":{"self":[{"href":"https:\/\/liquidmaster.pl\/en\/wp-json\/wp\/v2\/product\/1884731","targetHints":{"allow":["GET"]}}],"collection":[{"href":"https:\/\/liquidmaster.pl\/en\/wp-json\/wp\/v2\/product"}],"about":[{"href":"https:\/\/liquidmaster.pl\/en\/wp-json\/wp\/v2\/types\/product"}],"replies":[{"embeddable":true,"href":"https:\/\/liquidmaster.pl\/en\/wp-json\/wp\/v2\/comments?post=1884731"}],"wp:featuredmedia":[{"embeddable":true,"href":"https:\/\/liquidmaster.pl\/en\/wp-json\/wp\/v2\/media\/1884733"}],"wp:attachment":[{"href":"https:\/\/liquidmaster.pl\/en\/wp-json\/wp\/v2\/media?parent=1884731"}],"wp:term":[{"taxonomy":"product_brand","embeddable":true,"href":"https:\/\/liquidmaster.pl\/en\/wp-json\/wp\/v2\/product_brand?post=1884731"},{"taxonomy":"product_cat","embeddable":true,"href":"https:\/\/liquidmaster.pl\/en\/wp-json\/wp\/v2\/product_cat?post=1884731"},{"taxonomy":"product_tag","embeddable":true,"href":"https:\/\/liquidmaster.pl\/en\/wp-json\/wp\/v2\/product_tag?post=1884731"}],"curies":[{"name":"wp","href":"https:\/\/api.w.org\/{rel}","templated":true}]}}