{"id":1884728,"date":"2025-06-15T13:52:05","date_gmt":"2025-06-15T11:52:05","guid":{"rendered":"https:\/\/liquidmaster.pl\/mio-mivue-c545-pro-kamera-samochodowa-przednia-z-superkondensatorem\/"},"modified":"2026-04-20T08:29:43","modified_gmt":"2026-04-20T06:29:43","slug":"mio-mivue-c545-pro-kamera-samochodowa-przednia-z-superkondensatorem","status":"publish","type":"product","link":"https:\/\/liquidmaster.pl\/en\/mio-mivue-c545-pro-kamera-samochodowa-przednia-z-superkondensatorem\/","title":{"rendered":"Mio MiVue C545 PRO \u2013 front car camera with supercapacitor"},"content":{"rendered":"<p>High-quality Sensor: Sony premium STARVIS\u2122 CMOS<\/p>\n<p>The MiVue\u2122 C545 Pro dashcam features a high-quality STARVIS CMOS sensor, delivering excellent contrast and bright, rich colors, even in low light. High-quality footage is essential, whether you simply want to keep it as a keepsake or submit it to your insurance company with a claim.<\/p>\n<p>Technical Specifications:<\/p>\n<p>Screen size: 2.0<\/p>\n<p>Video <\/p>\n<p>Recording resolution:<\/p>\n<ul>\n<li>Full HD 1920 x 1080 \/ 60fps<\/li>\n<li>Full HD 1920 x 1080 \/ 30fps<\/li>\n<li>Full HD 1920 x 1080 \/ 30fps HDR<\/li>\n<\/ul>\n<p>Optical recording sensor: High quality Matrix: Sony premium STARVIS CMOS<br \/>\nAperture: F1.8<br \/>\nRecording format: MP4 (H.264)<br \/>\nOptical viewing angle: 140\u00b0<br \/>\nAudio recording: Yes<\/p>\n<p>Equipment <\/p>\n<p>G-sensor: Yes<br \/>\nMemory card support: (Recommended card type: U3 V30 or higher micro SD up to 256GB)<br \/>\nOperating temperature range: -10\u00b0 to +60\u00b0 C<br \/>\nHeight (mm): 61<br \/>\nWidth (mm): 54.6<br \/>\nThickness (mm): 41.74<br \/>\nWeight (g): 68 g<br \/>\nMicrophone: Yes<br \/>\nRear camera: Optional (MiVue\u2122 T35)<br \/>\nSupports Mio SmartBox Hardwire Kit: Optional<br \/>\nBuilt-in SuperCap: Yes<\/p>\n<p>Software <\/p>\n<p>Video Backup: Yes<br \/>\nHUD\/Information Display: Yes<br \/>\nParking mode:<\/p>\n<ul>\n<li>2 in 1 Parking Mode: (*Requires SmartBox III, not included.)<\/li>\n<li>Passive Power Parking Mode: Only with G Sensor shock and impact sensor<\/li>\n<li>Intelligent parking mode: Motion, shock and impact sensor<\/li>\n<\/ul>\n<p>Event Recording: Yes<br \/>\nWhite balance (EV): Yes<br \/>\nCustomization Video Label: Yes<br \/>\nPhoto Mode: (Ability to take photos while recording)<br \/>\nAuto-start: Yes<br \/>\nDesktop: MiVue\u2122 Manager<\/p>","protected":false},"excerpt":{"rendered":"<p>Wysokiej jako\u015bci Matryca: Sony premium STARVIS\u2122 CMOS Rejestrator MiVue\u2122 C545 Pro jest wyposa\u017cony w wysokiej jako\u015bci sensor optyczny STARVIS CMOS, kt\u00f3ry zapewnia doskona\u0142y kontrast oraz jasn\u0105 i bogat\u0105 kolorystyk\u0119, nawet w s\u0142abym o\u015bwietleniu. Wysoka jako\u015b\u0107 nagrania ma zasadnicze znaczenie niezale\u017cnie od tego, czy chcesz je po prostu zachowa\u0107 na pami\u0105tk\u0119, czy te\u017c przekaza\u0107 ubezpieczycielowi razem&hellip;&nbsp;<a href=\"https:\/\/liquidmaster.pl\/en\/mio-mivue-c545-pro-kamera-samochodowa-przednia-z-superkondensatorem\/\" rel=\"bookmark\">Read More \u00bb<span class=\"screen-reader-text\">Mio MiVue C545 PRO \u2013 front car camera with supercapacitor<\/span><\/a><\/p>","protected":false},"featured_media":1884730,"comment_status":"open","ping_status":"open","template":"","meta":{"neve_meta_sidebar":"","neve_meta_container":"","neve_meta_enable_content_width":"","neve_meta_content_width":0,"neve_meta_title_alignment":"","neve_meta_author_avatar":"","neve_post_elements_order":"","neve_meta_disable_header":"","neve_meta_disable_footer":"","neve_meta_disable_title":"","_themeisle_gutenberg_block_has_review":false},"product_brand":[],"product_cat":[757,846,891],"product_tag":[],"class_list":{"0":"post-1884728","1":"product","2":"type-product","3":"status-publish","4":"has-post-thumbnail","6":"product_cat-akcesoria","7":"product_cat-reszta","8":"product_cat-urzadzenia","10":"first","11":"instock","12":"taxable","13":"shipping-taxable","14":"purchasable","15":"product-type-simple"},"_links":{"self":[{"href":"https:\/\/liquidmaster.pl\/en\/wp-json\/wp\/v2\/product\/1884728","targetHints":{"allow":["GET"]}}],"collection":[{"href":"https:\/\/liquidmaster.pl\/en\/wp-json\/wp\/v2\/product"}],"about":[{"href":"https:\/\/liquidmaster.pl\/en\/wp-json\/wp\/v2\/types\/product"}],"replies":[{"embeddable":true,"href":"https:\/\/liquidmaster.pl\/en\/wp-json\/wp\/v2\/comments?post=1884728"}],"wp:featuredmedia":[{"embeddable":true,"href":"https:\/\/liquidmaster.pl\/en\/wp-json\/wp\/v2\/media\/1884730"}],"wp:attachment":[{"href":"https:\/\/liquidmaster.pl\/en\/wp-json\/wp\/v2\/media?parent=1884728"}],"wp:term":[{"taxonomy":"product_brand","embeddable":true,"href":"https:\/\/liquidmaster.pl\/en\/wp-json\/wp\/v2\/product_brand?post=1884728"},{"taxonomy":"product_cat","embeddable":true,"href":"https:\/\/liquidmaster.pl\/en\/wp-json\/wp\/v2\/product_cat?post=1884728"},{"taxonomy":"product_tag","embeddable":true,"href":"https:\/\/liquidmaster.pl\/en\/wp-json\/wp\/v2\/product_tag?post=1884728"}],"curies":[{"name":"wp","href":"https:\/\/api.w.org\/{rel}","templated":true}]}}