{"id":1884725,"date":"2025-06-15T13:50:49","date_gmt":"2025-06-15T11:50:49","guid":{"rendered":"https:\/\/liquidmaster.pl\/detailing-house-brush-panda-16-28mm-pedzelek-detailingowy-do-wnetrza\/"},"modified":"2026-04-21T07:37:22","modified_gmt":"2026-04-21T05:37:22","slug":"detailing-house-brush-panda-16-28mm-pedzelek-detailingowy-do-wnetrza","status":"publish","type":"product","link":"https:\/\/liquidmaster.pl\/en\/detailing-house-brush-panda-16-28mm-pedzelek-detailingowy-do-wnetrza\/","title":{"rendered":"Detailing House Brush Panda 16 28mm &#8211; p\u0119dzelek detailingowy do wn\u0119trza"},"content":{"rendered":"<p>P\u0119dzelek z wyj\u0105tkowo mi\u0119kkim, sztucznym w\u0142osiem, stworzony z my\u015bl\u0105 o profesjonalnych detailerach. Idealny do czyszczenia wn\u0119trz pojazd\u00f3w, w tym plastik\u00f3w, nawiew\u00f3w i boczk\u00f3w drzwi. Charakteryzuje si\u0119 niezwykle g\u0119stym i delikatnym w\u0142osiem, kt\u00f3re jest jednocze\u015bnie wytrzyma\u0142e i odporne na dzia\u0142anie chemii. Lakierowana, plastikowa r\u0105czka i skuwka zapewniaj\u0105 bezpiecze\u0144stwo czyszczonych powierzchni. Produkt polskiej produkcji. Przed pierwszym u\u017cyciem zaleca si\u0119 przedmuchanie w\u0142osia spr\u0119\u017conym powietrzem w celu usuni\u0119cia lu\u017anych w\u0142\u00f3kien.<\/p>\n<p>Rozmiar:\u00a016 (28 mm).<\/p>","protected":false},"excerpt":{"rendered":"<p>P\u0119dzelek z wyj\u0105tkowo mi\u0119kkim, sztucznym w\u0142osiem, stworzony z my\u015bl\u0105 o profesjonalnych detailerach. Idealny do czyszczenia wn\u0119trz pojazd\u00f3w, w tym plastik\u00f3w, nawiew\u00f3w i boczk\u00f3w drzwi. Charakteryzuje si\u0119 niezwykle g\u0119stym i delikatnym w\u0142osiem, kt\u00f3re jest jednocze\u015bnie wytrzyma\u0142e i odporne na dzia\u0142anie chemii. Lakierowana, plastikowa r\u0105czka i skuwka zapewniaj\u0105 bezpiecze\u0144stwo czyszczonych powierzchni. Produkt polskiej produkcji. Przed pierwszym u\u017cyciem&hellip;&nbsp;<a href=\"https:\/\/liquidmaster.pl\/en\/detailing-house-brush-panda-16-28mm-pedzelek-detailingowy-do-wnetrza\/\" rel=\"bookmark\">Read More \u00bb<span class=\"screen-reader-text\">Detailing House Brush Panda 16 28mm &#8211; p\u0119dzelek detailingowy do wn\u0119trza<\/span><\/a><\/p>","protected":false},"featured_media":1884727,"comment_status":"open","ping_status":"open","template":"","meta":{"neve_meta_sidebar":"","neve_meta_container":"","neve_meta_enable_content_width":"","neve_meta_content_width":0,"neve_meta_title_alignment":"","neve_meta_author_avatar":"","neve_post_elements_order":"","neve_meta_disable_header":"","neve_meta_disable_footer":"","neve_meta_disable_title":"","_themeisle_gutenberg_block_has_review":false},"product_brand":[],"product_cat":[799,800,768],"product_tag":[286],"class_list":{"0":"post-1884725","1":"product","2":"type-product","3":"status-publish","4":"has-post-thumbnail","6":"product_cat-narzedzia-i-akcesoria","7":"product_cat-szczotki-pedzelki-i-narzedzia","8":"product_cat-wnetrze-auta","9":"product_tag-detailing-house","11":"first","12":"instock","13":"taxable","14":"shipping-taxable","15":"purchasable","16":"product-type-simple"},"_links":{"self":[{"href":"https:\/\/liquidmaster.pl\/en\/wp-json\/wp\/v2\/product\/1884725","targetHints":{"allow":["GET"]}}],"collection":[{"href":"https:\/\/liquidmaster.pl\/en\/wp-json\/wp\/v2\/product"}],"about":[{"href":"https:\/\/liquidmaster.pl\/en\/wp-json\/wp\/v2\/types\/product"}],"replies":[{"embeddable":true,"href":"https:\/\/liquidmaster.pl\/en\/wp-json\/wp\/v2\/comments?post=1884725"}],"wp:featuredmedia":[{"embeddable":true,"href":"https:\/\/liquidmaster.pl\/en\/wp-json\/wp\/v2\/media\/1884727"}],"wp:attachment":[{"href":"https:\/\/liquidmaster.pl\/en\/wp-json\/wp\/v2\/media?parent=1884725"}],"wp:term":[{"taxonomy":"product_brand","embeddable":true,"href":"https:\/\/liquidmaster.pl\/en\/wp-json\/wp\/v2\/product_brand?post=1884725"},{"taxonomy":"product_cat","embeddable":true,"href":"https:\/\/liquidmaster.pl\/en\/wp-json\/wp\/v2\/product_cat?post=1884725"},{"taxonomy":"product_tag","embeddable":true,"href":"https:\/\/liquidmaster.pl\/en\/wp-json\/wp\/v2\/product_tag?post=1884725"}],"curies":[{"name":"wp","href":"https:\/\/api.w.org\/{rel}","templated":true}]}}