{"id":1884716,"date":"2025-06-15T13:48:06","date_gmt":"2025-06-15T11:48:06","guid":{"rendered":"https:\/\/liquidmaster.pl\/cleantle-ecowash-1l-produkt-do-mycia-bezwodnego\/"},"modified":"2026-04-18T04:48:42","modified_gmt":"2026-04-18T02:48:42","slug":"cleantle-ecowash-1l-produkt-do-mycia-bezwodnego","status":"publish","type":"product","link":"https:\/\/liquidmaster.pl\/en\/cleantle-ecowash-1l-produkt-do-mycia-bezwodnego\/","title":{"rendered":"Cleantle EcoWash 1L \u2013 waterless cleaning product"},"content":{"rendered":"<p>EcoWash is an eco-friendly, multi-purpose product for washing and cleaning without rinsing. Depending on the concentration, the product can be used as a low-foaming shampoo for rinsing or waterless car washing, as a window cleaner, as an interior cleaner, as a clay bar lubricant, a quick paint detailer, and much more. Its advanced formula cleans and protects the surface. It adds shine to the paint, is antistatic, and, depending on the concentration, provides slight hydrophobic properties.<\/p>\n<p>Product features:<\/p>\n<ul>\n<li>Multi-purpose and versatile \u2013 depending on the concentration, it is perfect for various detailing tasks<\/li>\n<li>Can be used on cars with ceramic coating, wax, quick detailers and PPF foil as well as on unprotected cars<\/li>\n<li>It has antistatic properties<\/li>\n<li>Easily biodegradable<\/li>\n<\/ul>\n<p>Dilution:<\/p>\n<ul>\n<li>No-rinse\/waterless wash \u2013 1:200<\/li>\n<li>Quick detailer for paint \u2013 1:5<\/li>\n<li>Window cleaner \u2013 1:15<\/li>\n<li>Interior Quick Detailer \u2013 1:15<\/li>\n<\/ul>\n<p>Usage:<\/p>\n<li>Pour 50ml of the product and 10L of water into the bucket with the separator.<\/li>\n<li>Wash the item using a soft Cleantle Teddy Bear mitt or microfiber cloth.<\/li>\n<li>Make sure the item is clean and then wipe it dry with a Cleantle Looper towel.<\/li>\n<li>After washing, dip the gloves in the bucket again and wash the next item.<\/li>\n<p>Note: For heavily soiled cars, first use Cleantle TFR PreWash2 or Citrus Foam2 to remove loose dirt from the car (sand, dried mud), which could scratch the paint if rubbed with a glove.<\/p>\n<p>Capacity 1 L<\/p>","protected":false},"excerpt":{"rendered":"<p>EcoWash to ekologiczny i wielozadaniowy produkt do mycia i czyszczenia bez sp\u0142ukiwania. Produkt w zale\u017cno\u015bci od st\u0119\u017cenia mo\u017ce by\u0107 u\u017cywany jako niskopienny szampon do mycia auta bez sp\u0142ukiwania lub do bezwodnego mycia auta, do mycia szyb, do czyszczenia wn\u0119trza, jako po\u015blizg do glinki czy quick detailer do lakieru i wiele innych. Jego zaawansowana formu\u0142a czy\u015bci&hellip;&nbsp;<a href=\"https:\/\/liquidmaster.pl\/en\/cleantle-ecowash-1l-produkt-do-mycia-bezwodnego\/\" rel=\"bookmark\">Read More \u00bb<span class=\"screen-reader-text\">Cleantle EcoWash 1L \u2013 waterless cleaning product<\/span><\/a><\/p>","protected":false},"featured_media":1884718,"comment_status":"open","ping_status":"open","template":"","meta":{"neve_meta_sidebar":"","neve_meta_container":"","neve_meta_enable_content_width":"","neve_meta_content_width":0,"neve_meta_title_alignment":"","neve_meta_author_avatar":"","neve_post_elements_order":"","neve_meta_disable_header":"","neve_meta_disable_footer":"","neve_meta_disable_title":"","_themeisle_gutenberg_block_has_review":false},"product_brand":[],"product_cat":[734,733,907],"product_tag":[280],"class_list":{"0":"post-1884716","1":"product","2":"type-product","3":"status-publish","4":"has-post-thumbnail","6":"product_cat-mycie-i-osuszanie","7":"product_cat-na-zewnatrz","8":"product_cat-szampon-do-bezwodnego-mycia","9":"product_tag-cleantech-cleantle","11":"first","12":"instock","13":"taxable","14":"shipping-taxable","15":"purchasable","16":"product-type-simple"},"_links":{"self":[{"href":"https:\/\/liquidmaster.pl\/en\/wp-json\/wp\/v2\/product\/1884716","targetHints":{"allow":["GET"]}}],"collection":[{"href":"https:\/\/liquidmaster.pl\/en\/wp-json\/wp\/v2\/product"}],"about":[{"href":"https:\/\/liquidmaster.pl\/en\/wp-json\/wp\/v2\/types\/product"}],"replies":[{"embeddable":true,"href":"https:\/\/liquidmaster.pl\/en\/wp-json\/wp\/v2\/comments?post=1884716"}],"wp:featuredmedia":[{"embeddable":true,"href":"https:\/\/liquidmaster.pl\/en\/wp-json\/wp\/v2\/media\/1884718"}],"wp:attachment":[{"href":"https:\/\/liquidmaster.pl\/en\/wp-json\/wp\/v2\/media?parent=1884716"}],"wp:term":[{"taxonomy":"product_brand","embeddable":true,"href":"https:\/\/liquidmaster.pl\/en\/wp-json\/wp\/v2\/product_brand?post=1884716"},{"taxonomy":"product_cat","embeddable":true,"href":"https:\/\/liquidmaster.pl\/en\/wp-json\/wp\/v2\/product_cat?post=1884716"},{"taxonomy":"product_tag","embeddable":true,"href":"https:\/\/liquidmaster.pl\/en\/wp-json\/wp\/v2\/product_tag?post=1884716"}],"curies":[{"name":"wp","href":"https:\/\/api.w.org\/{rel}","templated":true}]}}