{"id":1884707,"date":"2025-06-15T13:44:49","date_gmt":"2025-06-15T11:44:49","guid":{"rendered":"https:\/\/liquidmaster.pl\/allegrini-smacchiatore-4-750ml-odplamiacz-do-tkanin-krew-mocz-mleko\/"},"modified":"2026-04-18T04:48:40","modified_gmt":"2026-04-18T02:48:40","slug":"allegrini-smacchiatore-4-750ml-odplamiacz-do-tkanin-krew-mocz-mleko","status":"publish","type":"product","link":"https:\/\/liquidmaster.pl\/en\/allegrini-smacchiatore-4-750ml-odplamiacz-do-tkanin-krew-mocz-mleko\/","title":{"rendered":"Allegrini Smacchiatore 4 750ml \u2013 fabric stain remover \u2013 blood, urine, milk"},"content":{"rendered":"<p>Produkt gotowy do uz\u0307ycia do profesjonalnego usuwania plam z tkanin. Idealny do usuwania: krwi, mleka, majonezu, jajek, sosu, lodo\u0301w, skrobi, ka\u0142u, s\u0301luzu, potu, moczu, wymiocin, skorupiako\u0301w.\u00a0<\/p>\n<p>Usage:<\/p>\n<li>Spryskaj r\u00f3wnomiernie plamy.<\/li>\n<li>Pozostaw na 5\/10 minut, a nast\u0119pnie wypierz.<\/li>\n<p>Capacity 750 ml<\/p>","protected":false},"excerpt":{"rendered":"<p>Produkt gotowy do uz\u0307ycia do profesjonalnego usuwania plam z tkanin. Idealny do usuwania: krwi, mleka, majonezu, jajek, sosu, lodo\u0301w, skrobi, ka\u0142u, s\u0301luzu, potu, moczu, wymiocin, skorupiako\u0301w.\u00a0 Spos\u00f3b u\u017cycia: Spryskaj r\u00f3wnomiernie plamy. Pozostaw na 5\/10 minut, a nast\u0119pnie wypierz. Pojemno\u015b\u0107 750 ml<\/p>","protected":false},"featured_media":1884709,"comment_status":"open","ping_status":"open","template":"","meta":{"neve_meta_sidebar":"","neve_meta_container":"","neve_meta_enable_content_width":"","neve_meta_content_width":0,"neve_meta_title_alignment":"","neve_meta_author_avatar":"","neve_post_elements_order":"","neve_meta_disable_header":"","neve_meta_disable_footer":"","neve_meta_disable_title":"","_themeisle_gutenberg_block_has_review":false},"product_brand":[],"product_cat":[906,769,768],"product_tag":[259],"class_list":{"0":"post-1884707","1":"product","2":"type-product","3":"status-publish","4":"has-post-thumbnail","6":"product_cat-czyszczenie-miejscowe","7":"product_cat-tapicerka-i-dywaniki","8":"product_cat-wnetrze-auta","9":"product_tag-allegrini","11":"first","12":"instock","13":"taxable","14":"shipping-taxable","15":"purchasable","16":"product-type-simple"},"_links":{"self":[{"href":"https:\/\/liquidmaster.pl\/en\/wp-json\/wp\/v2\/product\/1884707","targetHints":{"allow":["GET"]}}],"collection":[{"href":"https:\/\/liquidmaster.pl\/en\/wp-json\/wp\/v2\/product"}],"about":[{"href":"https:\/\/liquidmaster.pl\/en\/wp-json\/wp\/v2\/types\/product"}],"replies":[{"embeddable":true,"href":"https:\/\/liquidmaster.pl\/en\/wp-json\/wp\/v2\/comments?post=1884707"}],"wp:featuredmedia":[{"embeddable":true,"href":"https:\/\/liquidmaster.pl\/en\/wp-json\/wp\/v2\/media\/1884709"}],"wp:attachment":[{"href":"https:\/\/liquidmaster.pl\/en\/wp-json\/wp\/v2\/media?parent=1884707"}],"wp:term":[{"taxonomy":"product_brand","embeddable":true,"href":"https:\/\/liquidmaster.pl\/en\/wp-json\/wp\/v2\/product_brand?post=1884707"},{"taxonomy":"product_cat","embeddable":true,"href":"https:\/\/liquidmaster.pl\/en\/wp-json\/wp\/v2\/product_cat?post=1884707"},{"taxonomy":"product_tag","embeddable":true,"href":"https:\/\/liquidmaster.pl\/en\/wp-json\/wp\/v2\/product_tag?post=1884707"}],"curies":[{"name":"wp","href":"https:\/\/api.w.org\/{rel}","templated":true}]}}