{"id":1884698,"date":"2025-06-15T13:42:08","date_gmt":"2025-06-15T11:42:08","guid":{"rendered":"https:\/\/liquidmaster.pl\/allegrini-skin-pronto-uso-750ml-uniwersalny-srodek-czyszczacy\/"},"modified":"2026-04-18T04:48:38","modified_gmt":"2026-04-18T02:48:38","slug":"allegrini-skin-pronto-uso-750ml-uniwersalny-srodek-czyszczacy","status":"publish","type":"product","link":"https:\/\/liquidmaster.pl\/en\/allegrini-skin-pronto-uso-750ml-uniwersalny-srodek-czyszczacy\/","title":{"rendered":"Allegrini Skin Pronto Uso 750ml \u2013 universal cleanser"},"content":{"rendered":"<p>The product is ready to use.<\/p>\n<p>APC \u2013 The variety of stains that can stain car interiors is vast. SKIN PRONTO USO is the solution for every stain on every type of surface. This low-viscosity liquid detergent with a pleasant citrus scent offers powerful cleaning power and controlled foam, removing all stains, even the most stubborn, from plastic, rubber, artificial leather, hard surfaces, painted surfaces, metals, and more.<\/p>\n<p>Usage:\u00a0<\/p>\n<li>Apply the product to the surface using a sprayer or cloth.<\/li>\n<li>If necessary, leave on for 1-3 minutes before rinsing.\u00a0<\/li>\n<p>Capacity 750 ml<\/p>","protected":false},"excerpt":{"rendered":"<p>Produkt gotowy do u\u017cycia. APC &#8211; R\u00f3\u017cnorodno\u015b\u0107 plam, kt\u00f3re mog\u0105 zabrudzi\u0107 wn\u0119trza naszych samochod\u00f3w jest bardzo du\u017ca, SKIN PRONTO USO jest rozwi\u0105zaniem na ka\u017cd\u0105 plam\u0119 na ka\u017cdym rodzaju powierzchni. P\u0142ynny detergent o niskiej lepkos\u0301ci i przyjemnym cytrusowym zapachu. Produkt o duz\u0307ej mocy czyszcza\u0328cej, kontrolowanej pianie, usuwa wszelkie plamy, nawet najbardziej uporczywe, z plastiku, gumy, sztucznej&hellip;&nbsp;<a href=\"https:\/\/liquidmaster.pl\/en\/allegrini-skin-pronto-uso-750ml-uniwersalny-srodek-czyszczacy\/\" rel=\"bookmark\">Read More \u00bb<span class=\"screen-reader-text\">Allegrini Skin Pronto Uso 750ml \u2013 universal cleanser<\/span><\/a><\/p>","protected":false},"featured_media":1884700,"comment_status":"open","ping_status":"open","template":"","meta":{"neve_meta_sidebar":"","neve_meta_container":"","neve_meta_enable_content_width":"","neve_meta_content_width":0,"neve_meta_title_alignment":"","neve_meta_author_avatar":"","neve_post_elements_order":"","neve_meta_disable_header":"","neve_meta_disable_footer":"","neve_meta_disable_title":"","_themeisle_gutenberg_block_has_review":false},"product_brand":[],"product_cat":[804,795,768],"product_tag":[259],"class_list":{"0":"post-1884698","1":"product","2":"type-product","3":"status-publish","4":"has-post-thumbnail","6":"product_cat-czyszczenie-plastikow-wewnetrznych","7":"product_cat-plastiki-wewnetrzne","8":"product_cat-wnetrze-auta","9":"product_tag-allegrini","10":"pa_promocja-promocje","12":"first","13":"instock","14":"taxable","15":"shipping-taxable","16":"purchasable","17":"product-type-simple"},"_links":{"self":[{"href":"https:\/\/liquidmaster.pl\/en\/wp-json\/wp\/v2\/product\/1884698","targetHints":{"allow":["GET"]}}],"collection":[{"href":"https:\/\/liquidmaster.pl\/en\/wp-json\/wp\/v2\/product"}],"about":[{"href":"https:\/\/liquidmaster.pl\/en\/wp-json\/wp\/v2\/types\/product"}],"replies":[{"embeddable":true,"href":"https:\/\/liquidmaster.pl\/en\/wp-json\/wp\/v2\/comments?post=1884698"}],"wp:featuredmedia":[{"embeddable":true,"href":"https:\/\/liquidmaster.pl\/en\/wp-json\/wp\/v2\/media\/1884700"}],"wp:attachment":[{"href":"https:\/\/liquidmaster.pl\/en\/wp-json\/wp\/v2\/media?parent=1884698"}],"wp:term":[{"taxonomy":"product_brand","embeddable":true,"href":"https:\/\/liquidmaster.pl\/en\/wp-json\/wp\/v2\/product_brand?post=1884698"},{"taxonomy":"product_cat","embeddable":true,"href":"https:\/\/liquidmaster.pl\/en\/wp-json\/wp\/v2\/product_cat?post=1884698"},{"taxonomy":"product_tag","embeddable":true,"href":"https:\/\/liquidmaster.pl\/en\/wp-json\/wp\/v2\/product_tag?post=1884698"}],"curies":[{"name":"wp","href":"https:\/\/api.w.org\/{rel}","templated":true}]}}