{"id":1884692,"date":"2025-06-15T13:40:08","date_gmt":"2025-06-15T11:40:08","guid":{"rendered":"https:\/\/liquidmaster.pl\/allegrini-m30-lavamoquette-5kg-srodek-do-glebokiego-czyszczenia-dywanow-i-wykladzin\/"},"modified":"2026-04-18T04:48:37","modified_gmt":"2026-04-18T02:48:37","slug":"allegrini-m30-lavamoquette-5kg-srodek-do-glebokiego-czyszczenia-dywanow-i-wykladzin","status":"publish","type":"product","link":"https:\/\/liquidmaster.pl\/en\/allegrini-m30-lavamoquette-5kg-srodek-do-glebokiego-czyszczenia-dywanow-i-wykladzin\/","title":{"rendered":"Allegrini M30 Lavamoquette 5kg \u2013 a product for deep cleaning of carpets and rugs"},"content":{"rendered":"<p>A highly active foaming agent for deep cleaning carpets using wet and\/or dry shampooing. It penetrates deep into the fibers, loosens dirt, and brings it to the surface for easy vacuuming. It leaves no residue. It creates a protective layer around the fibers, extending the time between freshening and restoring the natural color.\u00a0<\/p>\n<p>MAIN FEATURES<\/p>\n<ul>\n<li>Highly active foaming agent: the product is characterized by intensive cleaning action thanks to its foam formula.<\/li>\n<li>For deep carpet cleaning: Designed for deep carpet cleaning using wet and\/or dry shampooing.<\/li>\n<li>Penetrates deep into the fibers and removes dirt: the formula allows it to penetrate the fibers, remove dirt and bring it to the surface.<\/li>\n<li>Allows easy removal with a vacuum cleaner: dirt brought to the surface is easily removed with a vacuum cleaner.<\/li>\n<li>Leaves no residue: leaves no unwanted residue after drying.<\/li>\n<li>Creates a protective layer: the product formula creates a protective layer around the fibers, delaying re-soiling.<\/li>\n<li>Restores natural color tone: helps restore the carpet&#039;s original color intensity.<\/li>\n<\/ul>\n<p>HOW TO USE<\/p>\n<li>Dilute with water in a ratio of 1:5 \u2013 1:10 (concentration depending on the degree of soiling).<\/li>\n<li>Apply the product to the surface using a vacuum cleaner dispensing brush.<\/li>\n<li>Leave to dry.<\/li>\n<li>Use a device with a vacuum cleaner system to remove the dissolved dirt.<\/li>\n<p>ADDITIONAL INFORMATION<\/p>\n<ul>\n<li>Do not use in sunlight or on hot surfaces.<\/li>\n<li>After cleaning, allow the surface to dry naturally.<\/li>\n<\/ul>\n<p>Capacity: 5L<\/p>","protected":false},"excerpt":{"rendered":"<p>Wysoce aktywny s\u0301rodek pienia\u0328cy do g\u0142e\u0328bokiego czyszczenia dywano\u0301w metoda\u0328 szamponowania na mokro i\/lub sucho. Wnika g\u0142e\u0328boko we w\u0142o\u0301kna, usuwa brud i wydobywa go na powierzchnie\u0328, umoz\u0307liwiaja\u0328c \u0142atwe usunie\u0328cie odkurzaczem. Nie pozostawia osadu. Tworzy warstwe\u0328 ochronna\u0328 woko\u0301\u0142 w\u0142o\u0301kien, wyd\u0142uz\u0307aja\u0328c czas do kolejnego ods\u0301wiez\u0307enia. Przywraca naturalny odcien\u0301 koloru.\u00a0 CECHY G\u0141\u00d3WNE Wysoce aktywny \u015brodek pieni\u0105cy: produkt charakteryzuje si\u0119&hellip;&nbsp;<a href=\"https:\/\/liquidmaster.pl\/en\/allegrini-m30-lavamoquette-5kg-srodek-do-glebokiego-czyszczenia-dywanow-i-wykladzin\/\" rel=\"bookmark\">Read More \u00bb<span class=\"screen-reader-text\">Allegrini M30 Lavamoquette 5kg \u2013 a product for deep cleaning of carpets and rugs<\/span><\/a><\/p>","protected":false},"featured_media":1884694,"comment_status":"open","ping_status":"open","template":"","meta":{"neve_meta_sidebar":"","neve_meta_container":"","neve_meta_enable_content_width":"","neve_meta_content_width":0,"neve_meta_title_alignment":"","neve_meta_author_avatar":"","neve_post_elements_order":"","neve_meta_disable_header":"","neve_meta_disable_footer":"","neve_meta_disable_title":"","_themeisle_gutenberg_block_has_review":false},"product_brand":[],"product_cat":[771,769,768],"product_tag":[259],"class_list":{"0":"post-1884692","1":"product","2":"type-product","3":"status-publish","4":"has-post-thumbnail","6":"product_cat-czyszczenie","7":"product_cat-tapicerka-i-dywaniki","8":"product_cat-wnetrze-auta","9":"product_tag-allegrini","10":"pa_promocja-promocje","12":"first","13":"instock","14":"taxable","15":"shipping-taxable","16":"purchasable","17":"product-type-simple"},"_links":{"self":[{"href":"https:\/\/liquidmaster.pl\/en\/wp-json\/wp\/v2\/product\/1884692","targetHints":{"allow":["GET"]}}],"collection":[{"href":"https:\/\/liquidmaster.pl\/en\/wp-json\/wp\/v2\/product"}],"about":[{"href":"https:\/\/liquidmaster.pl\/en\/wp-json\/wp\/v2\/types\/product"}],"replies":[{"embeddable":true,"href":"https:\/\/liquidmaster.pl\/en\/wp-json\/wp\/v2\/comments?post=1884692"}],"wp:featuredmedia":[{"embeddable":true,"href":"https:\/\/liquidmaster.pl\/en\/wp-json\/wp\/v2\/media\/1884694"}],"wp:attachment":[{"href":"https:\/\/liquidmaster.pl\/en\/wp-json\/wp\/v2\/media?parent=1884692"}],"wp:term":[{"taxonomy":"product_brand","embeddable":true,"href":"https:\/\/liquidmaster.pl\/en\/wp-json\/wp\/v2\/product_brand?post=1884692"},{"taxonomy":"product_cat","embeddable":true,"href":"https:\/\/liquidmaster.pl\/en\/wp-json\/wp\/v2\/product_cat?post=1884692"},{"taxonomy":"product_tag","embeddable":true,"href":"https:\/\/liquidmaster.pl\/en\/wp-json\/wp\/v2\/product_tag?post=1884692"}],"curies":[{"name":"wp","href":"https:\/\/api.w.org\/{rel}","templated":true}]}}