{"id":1884683,"date":"2025-06-15T13:36:48","date_gmt":"2025-06-15T11:36:48","guid":{"rendered":"https:\/\/liquidmaster.pl\/adbl-roller-d21-v2-maszyna-polerska-dual-action\/"},"modified":"2026-04-20T08:29:35","modified_gmt":"2026-04-20T06:29:35","slug":"adbl-roller-d21-v2-maszyna-polerska-dual-action","status":"publish","type":"product","link":"https:\/\/liquidmaster.pl\/en\/adbl-roller-d21-v2-maszyna-polerska-dual-action\/","title":{"rendered":"ADBL Roller D21 V2 &#8211; maszyna polerska dual action"},"content":{"rendered":"<p>Roller D21 V2 to uniwersalna maszyna polerska o skoku 21 mm. Sprawdza si\u0119 wsz\u0119dzie tam, gdzie potrzebna jest mocna si\u0142a korekcji po\u0142\u0105czona z doskona\u0142ym wyko\u0144czeniem powierzchni. Du\u017cy moment obrotowy silnika pozwala na p\u0142ynn\u0105 prac\u0119 podczas polerowania nawet najtwardszych lakier\u00f3w. Maszyna posiada elektronicznie sterowany system Soft Start oraz stabilizacj\u0119 obrot\u00f3w. D\u0142ugi i elastyczny przew\u00f3d oraz ergonomiczna g\u0142owa maszyny wspieraj\u0105 u\u017cytkownika podczas wielogodzinnej pracy. Maszyna jest wyposa\u017cona w wymienne talerze oporowe o \u015brednicy 150 mm i 125 mm, kt\u00f3re umo\u017cliwiaj\u0105 dostosowanie narz\u0119dzia do r\u00f3\u017cnych kszta\u0142t\u00f3w powierzchni. Dzi\u0119ki tej funkcjonalno\u015bci, u\u017cytkownik mo\u017ce \u0142atwo dopasowa\u0107 sprz\u0119t do wi\u0119kszych lub mniejszych obszar\u00f3w, co zwi\u0119ksza elastyczno\u015b\u0107 i wszechstronno\u015b\u0107 urz\u0105dzenia.<\/p>\n<p>Obs\u0142uga maszyny:<\/p>\n<p>Maszyna mo\u017ce by\u0107 u\u017cyta do polerowania lakieru lub nak\u0142adania wosku, przy zwi\u0119kszonej pr\u0119dko\u015bci i intensywno\u015bci w por\u00f3wnaniu do polerki obrotowej. Ruchy mimo\u015brodowe wykonywane przez urz\u0105dzenie s\u0105 r\u00f3wnie\u017c okre\u015blane jako Dual Action. Oznacza to, \u017ce maszyna wykonuje du\u017co ma\u0142ych, owalnych ruch\u00f3w na minut\u0119, por\u00f3wnywalnych do kulistych ruch\u00f3w d\u0142oni\u0105. Ruch rotacyjny i mimo\u015brodowy nie pokrywa si\u0119 nigdy w 100%, poniewa\u017c pad polerski obraca si\u0119 swobodnie wok\u00f3\u0142 osi. Dzi\u0119ki tej technologii maszyna dzia\u0142a w spos\u00f3b bezpieczny i efektywny, minimalizuj\u0105c ryzyko powstawania hologram\u00f3w i zarysowa\u0144 na powierzchni.<\/p>\n<p>The set includes:<\/p>\n<ul>\n<li>Maszyna polerska ADBL ROLLER D21 V2 + B<\/li>\n<li>Talerz oporowy 125mm \u2013 1 szt.<\/li>\n<li>key - 1 pc.<\/li>\n<li>Carbon brushes - 1 set<\/li>\n<li>User manual<\/li>\n<li>Warranty Card<\/li>\n<li>Bag<\/li>\n<\/ul>\n<p>Technical Specifications:<\/p>\n<p>Skok maksymalny \u2013 21 mm<br \/>\nMaksymalna \u015brednica pada polerskiego \u2013 160 mm<br \/>\n\u015arednica talerza obrotowego \u2013 125 mm | 150 mm<br \/>\nMoc wyj\u015bciowa\u00a0 \u2013 810 W<br \/>\nRPM (ilo\u015b\u0107 obrot\u00f3w na minut\u0119) \u2013 1650 \u2013 4500<br \/>\nD\u0142ugo\u015b\u0107 przewodu zasilaj\u0105cego \u2013 8 m<br \/>\nWaga \u2013 3,55 kg<br \/>\nElectronic speed control - YES<br \/>\nSoft start trigger - YES<br \/>\nInsulation class - II<br \/>\nNapi\u0119cie operacyjne \u2013 230 V\/50 Hz<\/p>\n<p>\u00a0<\/p>","protected":false},"excerpt":{"rendered":"<p>Roller D21 V2 to uniwersalna maszyna polerska o skoku 21 mm. Sprawdza si\u0119 wsz\u0119dzie tam, gdzie potrzebna jest mocna si\u0142a korekcji po\u0142\u0105czona z doskona\u0142ym wyko\u0144czeniem powierzchni. Du\u017cy moment obrotowy silnika pozwala na p\u0142ynn\u0105 prac\u0119 podczas polerowania nawet najtwardszych lakier\u00f3w. Maszyna posiada elektronicznie sterowany system Soft Start oraz stabilizacj\u0119 obrot\u00f3w. D\u0142ugi i elastyczny przew\u00f3d oraz ergonomiczna&hellip;&nbsp;<a href=\"https:\/\/liquidmaster.pl\/en\/adbl-roller-d21-v2-maszyna-polerska-dual-action\/\" rel=\"bookmark\">Read More \u00bb<span class=\"screen-reader-text\">ADBL Roller D21 V2 &#8211; maszyna polerska dual action<\/span><\/a><\/p>","protected":false},"featured_media":1884685,"comment_status":"open","ping_status":"open","template":"","meta":{"neve_meta_sidebar":"","neve_meta_container":"","neve_meta_enable_content_width":"","neve_meta_content_width":0,"neve_meta_title_alignment":"","neve_meta_author_avatar":"","neve_post_elements_order":"","neve_meta_disable_header":"","neve_meta_disable_footer":"","neve_meta_disable_title":"","_themeisle_gutenberg_block_has_review":false},"product_brand":[],"product_cat":[807,806,748],"product_tag":[258],"class_list":{"0":"post-1884683","1":"product","2":"type-product","3":"status-publish","4":"has-post-thumbnail","6":"product_cat-maszyny-dual-action","7":"product_cat-maszyny-polerskie","8":"product_cat-polerowanie","9":"product_tag-adbl","11":"first","12":"instock","13":"taxable","14":"shipping-taxable","15":"purchasable","16":"product-type-simple"},"_links":{"self":[{"href":"https:\/\/liquidmaster.pl\/en\/wp-json\/wp\/v2\/product\/1884683","targetHints":{"allow":["GET"]}}],"collection":[{"href":"https:\/\/liquidmaster.pl\/en\/wp-json\/wp\/v2\/product"}],"about":[{"href":"https:\/\/liquidmaster.pl\/en\/wp-json\/wp\/v2\/types\/product"}],"replies":[{"embeddable":true,"href":"https:\/\/liquidmaster.pl\/en\/wp-json\/wp\/v2\/comments?post=1884683"}],"wp:featuredmedia":[{"embeddable":true,"href":"https:\/\/liquidmaster.pl\/en\/wp-json\/wp\/v2\/media\/1884685"}],"wp:attachment":[{"href":"https:\/\/liquidmaster.pl\/en\/wp-json\/wp\/v2\/media?parent=1884683"}],"wp:term":[{"taxonomy":"product_brand","embeddable":true,"href":"https:\/\/liquidmaster.pl\/en\/wp-json\/wp\/v2\/product_brand?post=1884683"},{"taxonomy":"product_cat","embeddable":true,"href":"https:\/\/liquidmaster.pl\/en\/wp-json\/wp\/v2\/product_cat?post=1884683"},{"taxonomy":"product_tag","embeddable":true,"href":"https:\/\/liquidmaster.pl\/en\/wp-json\/wp\/v2\/product_tag?post=1884683"}],"curies":[{"name":"wp","href":"https:\/\/api.w.org\/{rel}","templated":true}]}}