{"id":1884674,"date":"2025-06-15T13:34:06","date_gmt":"2025-06-15T11:34:06","guid":{"rendered":"https:\/\/liquidmaster.pl\/adbl-pad-cleaner-1l-preparat-do-czyszczenia-padow-polerskich\/"},"modified":"2026-04-19T03:36:41","modified_gmt":"2026-04-19T01:36:41","slug":"adbl-pad-cleaner-1l-preparat-do-czyszczenia-padow-polerskich","status":"publish","type":"product","link":"https:\/\/liquidmaster.pl\/en\/adbl-pad-cleaner-1l-preparat-do-czyszczenia-padow-polerskich\/","title":{"rendered":"ADBL Pad Cleaner 1L \u2013 preparation for cleaning polishing pads"},"content":{"rendered":"<p>ADBL Pad Cleaner is an innovative preparation designed for effective cleaning of polishing pads.\u00a0<br \/>\nIts formula allows for easy removal of residues of polishes, waxes and other contaminants that may accumulate on the surface of the pads during work.\u00a0<\/p>\n<p>Restores the original properties of the pads, extending their lifespan and ensuring better results with subsequent uses.\u00a0<\/p>\n<p>It can be used undiluted directly on a polishing pad or in pad cleaning devices in a ratio of 25\/50 ml per 5 liters of water.<\/p>\n<p>Capacity 1 L<\/p>\n<p>\u00a0<\/p>","protected":false},"excerpt":{"rendered":"<p>ADBL Pad Cleaner to innowacyjny preparat przeznaczony do skutecznego czyszczenia pad\u00f3w polerskich.\u00a0 Jego formu\u0142a pozwala na \u0142atwe usuwanie resztek past, wosk\u00f3w oraz innych zanieczyszcze\u0144, kt\u00f3re mog\u0105 gromadzi\u0107 si\u0119 na powierzchni pad\u00f3w podczas pracy.\u00a0 Przywraca padom pierwotne w\u0142a\u015bciwo\u015bci, wyd\u0142u\u017caj\u0105c ich \u017cywotno\u015b\u0107 i zapewniaj\u0105c lepsze efekty pracy przy kolejnych u\u017cyciach.\u00a0 Mo\u017ce by\u0107 stosowany w formie nierozcie\u0144czonej bezpo\u015brednio&hellip;&nbsp;<a href=\"https:\/\/liquidmaster.pl\/en\/adbl-pad-cleaner-1l-preparat-do-czyszczenia-padow-polerskich\/\" rel=\"bookmark\">Read More \u00bb<span class=\"screen-reader-text\">ADBL Pad Cleaner 1L \u2013 preparation for cleaning polishing pads<\/span><\/a><\/p>","protected":false},"featured_media":1884676,"comment_status":"open","ping_status":"open","template":"","meta":{"neve_meta_sidebar":"","neve_meta_container":"","neve_meta_enable_content_width":"","neve_meta_content_width":0,"neve_meta_title_alignment":"","neve_meta_author_avatar":"","neve_post_elements_order":"","neve_meta_disable_header":"","neve_meta_disable_footer":"","neve_meta_disable_title":"","_themeisle_gutenberg_block_has_review":false},"product_brand":[],"product_cat":[749,877,748],"product_tag":[258],"class_list":{"0":"post-1884674","1":"product","2":"type-product","3":"status-publish","4":"has-post-thumbnail","6":"product_cat-akcesoria-polerskie","7":"product_cat-czyszczenie-padow","8":"product_cat-polerowanie","9":"product_tag-adbl","11":"first","12":"instock","13":"taxable","14":"shipping-taxable","15":"purchasable","16":"product-type-simple"},"_links":{"self":[{"href":"https:\/\/liquidmaster.pl\/en\/wp-json\/wp\/v2\/product\/1884674","targetHints":{"allow":["GET"]}}],"collection":[{"href":"https:\/\/liquidmaster.pl\/en\/wp-json\/wp\/v2\/product"}],"about":[{"href":"https:\/\/liquidmaster.pl\/en\/wp-json\/wp\/v2\/types\/product"}],"replies":[{"embeddable":true,"href":"https:\/\/liquidmaster.pl\/en\/wp-json\/wp\/v2\/comments?post=1884674"}],"wp:featuredmedia":[{"embeddable":true,"href":"https:\/\/liquidmaster.pl\/en\/wp-json\/wp\/v2\/media\/1884676"}],"wp:attachment":[{"href":"https:\/\/liquidmaster.pl\/en\/wp-json\/wp\/v2\/media?parent=1884674"}],"wp:term":[{"taxonomy":"product_brand","embeddable":true,"href":"https:\/\/liquidmaster.pl\/en\/wp-json\/wp\/v2\/product_brand?post=1884674"},{"taxonomy":"product_cat","embeddable":true,"href":"https:\/\/liquidmaster.pl\/en\/wp-json\/wp\/v2\/product_cat?post=1884674"},{"taxonomy":"product_tag","embeddable":true,"href":"https:\/\/liquidmaster.pl\/en\/wp-json\/wp\/v2\/product_tag?post=1884674"}],"curies":[{"name":"wp","href":"https:\/\/api.w.org\/{rel}","templated":true}]}}