{"id":1884656,"date":"2025-06-15T13:28:05","date_gmt":"2025-06-15T11:28:05","guid":{"rendered":"https:\/\/liquidmaster.pl\/ctek-mxs-7-0-56-754-ladowarka-samochodowa\/"},"modified":"2026-02-17T01:39:53","modified_gmt":"2026-02-16T23:39:53","slug":"ctek-mxs-7-0-56-754-ladowarka-samochodowa","status":"publish","type":"product","link":"https:\/\/liquidmaster.pl\/en\/ctek-mxs-70-56-754-ladowarka-samochodowa\/","title":{"rendered":"CTEK MXS 7.0 56-754 \u2013 car charger"},"content":{"rendered":"<p>\u0141adowarka CTEKMXS 7.0 to idealna uniwersalna \u0142adowarka 12V. Nadaje si\u0119 ona idealnie do \u0142adowania du\u017cych akumulator\u00f3w u\u017cywanych w przyczepach kempingowych, RV, \u0142odziach i pojazdach. Tego typu pojazdy wymagaj\u0105 rozwi\u0105za\u0144 zapewniaj\u0105cych rozwi\u0105zanie wielu mo\u017cliwych problem\u00f3w zwi\u0105zanych z eksploatacj\u0105 akumulator\u00f3w.<\/p>\n<p>\u0141adowarka MXS 7.0 oferuje takie funkcje jak diagnoza akumulatora sygnalizuj\u0105ca czy akumulator mo\u017ce otrzyma\u0107 i utrzyma\u0107 \u0142adunek, regeneracj\u0119 umo\u017cliwiaj\u0105c\u0105 ca\u0142kowicie roz\u0142adowanych akumulator\u00f3w. Z rozwarstwionym elektrolitem, unikalne \u0142adowanie podtrzymuj\u0105ce, tryb optymalnego \u0142adowania w niskich temperaturach oraz \u0142adowanie wymagaj\u0105cych akumulator\u00f3w AGM (np. Optima). Ponadto funkcja trybu zasilania umo\u017cliwia od\u0142\u0105czenie akumulatora od pojazdu nie powoduj\u0105c utraty konfiguracji ustawie\u0144.<\/p>\n<p>MXS 7.0 to ca\u0142kowicie automatyczna 8-etapowa \u0142adowarka zapewniaj\u0105ca \u0142adowanie akumulator\u00f3w 7A od 14Ah do 150Ah umo\u017cliwiaj\u0105ca tak\u017ce \u0142adowanie \u0142adowanie podtrzymuj\u0105ce do 225Ah. \u0141adowarka posiada klas\u0119 IP 65 (ochrona przed wod\u0105 i py\u0142em) i zosta\u0142a zaprojektowana w celu zabezpieczenia samochodowych podzespo\u0142\u00f3w elektronicznych , wraz z zabezpieczeniem przed iskrzeniem i odwrotn\u0105 biegunowo\u015bci\u0105 oraz ochron\u0105 przeciwzwarciow\u0105.<\/p>\n<p>TECHNICAL DATA<\/p>\n<ul>\n<li>Napi\u0119cie \u0142adowania: 14,4\/14,7\/15,8\/13,6 V<\/li>\n<li>Pr\u0105d \u0142adowania: Maks. 7 A<\/li>\n<li>Typ \u0142adowarki: Unikalny ca\u0142kowicie automatyczny 8 etapowy proces \u0142adowania<\/li>\n<li>Typy \u0141adowanych akumulator\u00f3w &#8211; kwasowo o\u0142owiowe wykonane w technologii; WET (mokry), AGM, GEL EFB<\/li>\n<li>Pojemno\u015b\u0107 akumulatora: 14-150 Ah, \u0142adowanie konserwacyjne do 225 Ah<\/li>\n<li>Izolacja: IP65 (bryzgoszczelno\u015b\u0107 i py\u0142oszczelno\u015b\u0107)<\/li>\n<li>Gwarancja: 5-letnia gwarancja<\/li>\n<\/ul>\n<p>THE SET INCLUDES<\/p>\n<ul>\n<li>\u0141ADOWARKA CTEK MXS 7.0<\/li>\n<li>KONC\u00d3WKA KABLA ZAKO\u0143CZONA KROKODYLKAMI<\/li>\n<li>Z\u0141\u0104CZKA COMFORT CONNECT EYELET M8<\/li>\n<li>POKROWIEC<\/li>\n<\/ul>","protected":false},"excerpt":{"rendered":"<p>\u0141adowarka CTEKMXS 7.0 to idealna uniwersalna \u0142adowarka 12V. Nadaje si\u0119 ona idealnie do \u0142adowania du\u017cych akumulator\u00f3w u\u017cywanych w przyczepach kempingowych, RV, \u0142odziach i pojazdach. Tego typu pojazdy wymagaj\u0105 rozwi\u0105za\u0144 zapewniaj\u0105cych rozwi\u0105zanie wielu mo\u017cliwych problem\u00f3w zwi\u0105zanych z eksploatacj\u0105 akumulator\u00f3w. \u0141adowarka MXS 7.0 oferuje takie funkcje jak diagnoza akumulatora sygnalizuj\u0105ca czy akumulator mo\u017ce otrzyma\u0107 i utrzyma\u0107 \u0142adunek,&hellip;&nbsp;<a href=\"https:\/\/liquidmaster.pl\/en\/ctek-mxs-70-56-754-ladowarka-samochodowa\/\" rel=\"bookmark\">Read More \u00bb<span class=\"screen-reader-text\">CTEK MXS 7.0 56-754 \u2013 car charger<\/span><\/a><\/p>","protected":false},"featured_media":1884658,"comment_status":"open","ping_status":"open","template":"","meta":{"neve_meta_sidebar":"","neve_meta_container":"","neve_meta_enable_content_width":"","neve_meta_content_width":0,"neve_meta_title_alignment":"","neve_meta_author_avatar":"","neve_post_elements_order":"","neve_meta_disable_header":"","neve_meta_disable_footer":"","neve_meta_disable_title":"","_themeisle_gutenberg_block_has_review":false},"product_brand":[],"product_cat":[757,846,891],"product_tag":[],"class_list":{"0":"post-1884656","1":"product","2":"type-product","3":"status-publish","4":"has-post-thumbnail","6":"product_cat-akcesoria","7":"product_cat-reszta","8":"product_cat-urzadzenia","10":"first","11":"instock","12":"taxable","13":"shipping-taxable","14":"purchasable","15":"product-type-simple"},"_links":{"self":[{"href":"https:\/\/liquidmaster.pl\/en\/wp-json\/wp\/v2\/product\/1884656","targetHints":{"allow":["GET"]}}],"collection":[{"href":"https:\/\/liquidmaster.pl\/en\/wp-json\/wp\/v2\/product"}],"about":[{"href":"https:\/\/liquidmaster.pl\/en\/wp-json\/wp\/v2\/types\/product"}],"replies":[{"embeddable":true,"href":"https:\/\/liquidmaster.pl\/en\/wp-json\/wp\/v2\/comments?post=1884656"}],"wp:featuredmedia":[{"embeddable":true,"href":"https:\/\/liquidmaster.pl\/en\/wp-json\/wp\/v2\/media\/1884658"}],"wp:attachment":[{"href":"https:\/\/liquidmaster.pl\/en\/wp-json\/wp\/v2\/media?parent=1884656"}],"wp:term":[{"taxonomy":"product_brand","embeddable":true,"href":"https:\/\/liquidmaster.pl\/en\/wp-json\/wp\/v2\/product_brand?post=1884656"},{"taxonomy":"product_cat","embeddable":true,"href":"https:\/\/liquidmaster.pl\/en\/wp-json\/wp\/v2\/product_cat?post=1884656"},{"taxonomy":"product_tag","embeddable":true,"href":"https:\/\/liquidmaster.pl\/en\/wp-json\/wp\/v2\/product_tag?post=1884656"}],"curies":[{"name":"wp","href":"https:\/\/api.w.org\/{rel}","templated":true}]}}