{"id":1884653,"date":"2025-06-15T13:26:50","date_gmt":"2025-06-15T11:26:50","guid":{"rendered":"https:\/\/liquidmaster.pl\/ctek-mxs-5-0-56-998-inteligentna-ladowarka-samochodowa\/"},"modified":"2026-02-17T01:37:51","modified_gmt":"2026-02-16T23:37:51","slug":"ctek-mxs-5-0-56-998-inteligentna-ladowarka-samochodowa","status":"publish","type":"product","link":"https:\/\/liquidmaster.pl\/en\/ctek-mxs-50-56-998-inteligentna-ladowarka-samochodowa\/","title":{"rendered":"CTEK MXS 5.0 56-998 &#8211; inteligentna \u0142adowarka samochodowa"},"content":{"rendered":"<p>CTEK MXS 5.0 to zaawansowana \u0142adowarka sterowana mikroprocesorem z wbudowanym czujnikiem temperatury. Funkcje \u0142adowarki MXS 5.0 rozwi\u0105zuj\u0105 szeroki zakres problem\u00f3w zwi\u0105zanych z akumulatorami, dzi\u0119ki czemu urz\u0105dzenie doskonale nadaje si\u0119 dla wymagaj\u0105cych u\u017cytkownik\u00f3w. MXS 5.0 sprawdza, czy akumulator mo\u017ce utrzyma\u0107 \u0142adunek.<\/p>\n<p>MXS 5.0 posiada opatentowany, automatyczny system odsiarczania oraz specjalny program do regeneracji i przywracania do u\u017cytku g\u0142\u0119boko roz\u0142adowanych, rozwarstwionych akumulator\u00f3w.<\/p>\n<p>Tryb AGM doskonale nadaje si\u0119 do maksymalizowania wydajno\u015bci i \u017cywotno\u015bci wi\u0119kszo\u015bci akumulator\u00f3w do pojazd\u00f3w z funkcj\u0105 Start\/Stop.<\/p>\n<p>Kompletna obs\u0142uga akumulatora \u2013 jedyny w swoim rodzaju,opatentowany system przywracania gotowo\u015bci eksploatacyjnej, \u0142adowania i konserwacji wszystkich typ\u00f3w akumulator\u00f3w kwasowo-o\u0142owiowych, zapewniaj\u0105cy maksymalizacj\u0119 ich wydajno\u015bci i \u017cywotno\u015bci.<\/p>\n<p>\u0141atwo\u015b\u0107 i bezpiecze\u0144stwo u\u017cytkowania \u2013 bezpiecze\u0144stwo u\u017cytkownikowi gwarantuje zabezpieczenie przed iskrzeniem oraz odwr\u00f3ceniem biegunowo\u015bci. Uk\u0142ady elektryczne pojazdu s\u0105 zabezpieczone dzi\u0119ki wytwarzaniu napi\u0119cia o wyj\u0105tkowo wysokim poziomie jako\u015bci oraz pr\u0105d charakteryzuj\u0105cy si\u0119 brakiem przepi\u0119\u0107 lub skok\u00f3w impulsowych. Brak konieczno\u015bci od\u0142\u0105czania akumulatora od pojazdu podczas \u0142adowania.<\/p>\n<p>\u201eWystarczy pod\u0142\u0105czy\u0107\u201d \u2013 czynno\u015b\u0107 pod\u0142\u0105czenia jest niezwykle prosta do wykonania. Nast\u0119pnie wystarczy wybra\u0107 program i tryb dzia\u0142ania, a \u0142adowarka wykona ca\u0142\u0105 reszt\u0119.<\/p>\n<p>Jedyny w swoim rodzaju 8-etapowy proces \u0142adowania \u2013 opatentowany 8-etapowy program \u0142adowania obejmuje testowanie stanu akumulatora, przywr\u00f3cenie jego gotowo\u015bci do pracy, \u0142adowanie i konserwacj\u0119 w celu zagwarantowania maksymalnej \u017cywotno\u015bci i wydajno\u015bci akumulatora. Dzi\u0119ki funkcji RECOND mo\u017cliwa jest regeneracja g\u0142\u0119boko roz\u0142adowanych akumulator\u00f3w z rozwarstwionym elektrolitem. Funkcja konserwacyjnego \u0142adowania PODTRZYMUJ\u0104CO-IMPULSOWEGO zapewnia doskona\u0142\u0105 obs\u0142ug\u0119 akumulatora w okresach, gdy nie jest on u\u017cywany.<\/p>\n<p>Kompensacja temperatury \u2013 wbudowany uk\u0142ad automatycznej kompensacji napi\u0119cia \u0142adowania w zale\u017cno\u015bci od temperatury otoczenia gwarantuje doskona\u0142\u0105 sprawno\u015b\u0107 \u0142adowania nawet w warunkach skrajnie niskich lub wysokich temperatur.<\/p>\n<p>Przed\u0142u\u017cenie \u017cywotno\u015bci akumulatora \u2013 jedyne w swoim rodzaju funkcje \u0142adowarek CTEK zapewniaj\u0105 maksymalizacj\u0119 niezawodno\u015bci, wydajno\u015bci i \u017cywotno\u015bci akumulatora.<\/p>\n<p>TECHNICAL DATA<\/p>\n<ul>\n<li>Napi\u0119cie \u0142adowania: 14,4\/14,7\/15,8 V<\/li>\n<li>Pr\u0105d \u0142adowania: Maks. 5 A<\/li>\n<li>Typ \u0142adowarki: Unikalny ca\u0142kowicie automatyczny 8 etapowy proces \u0142adowania<\/li>\n<li>Typy \u0141adowanych akumulator\u00f3w &#8211; kwasowo o\u0142owiowe wykonane w technologii; WET (mokry), AGM, GEL EFB<\/li>\n<li>Pojemno\u015b\u0107 akumulatora: 1,2-110 Ah, \u0142adowanie konserwacyjne do 160 Ah<\/li>\n<li>Izolacja: IP65 (bryzgoszczelno\u015b\u0107 i py\u0142oszczelno\u015b\u0107)<\/li>\n<li>Gwarancja: 5-letnia gwarancja<\/li>\n<\/ul>\n<p>ZESTAW ZAWIERA:<\/p>\n<ul>\n<li>\u0141ADOWARK\u0118 CTEK MXS 5.0<\/li>\n<li>Z\u0141\u0104CZK\u0118 COMFORT CONNECT &#8211; EYELET M6<\/li>\n<li>Z\u0141\u0104CZK\u0118 ZACISKOW\u0104 &#8211; KROKODYLKI<\/li>\n<li>POKROWIEC<\/li>\n<\/ul>","protected":false},"excerpt":{"rendered":"<p>CTEK MXS 5.0 to zaawansowana \u0142adowarka sterowana mikroprocesorem z wbudowanym czujnikiem temperatury. Funkcje \u0142adowarki MXS 5.0 rozwi\u0105zuj\u0105 szeroki zakres problem\u00f3w zwi\u0105zanych z akumulatorami, dzi\u0119ki czemu urz\u0105dzenie doskonale nadaje si\u0119 dla wymagaj\u0105cych u\u017cytkownik\u00f3w. MXS 5.0 sprawdza, czy akumulator mo\u017ce utrzyma\u0107 \u0142adunek. MXS 5.0 posiada opatentowany, automatyczny system odsiarczania oraz specjalny program do regeneracji i przywracania do&hellip;&nbsp;<a href=\"https:\/\/liquidmaster.pl\/en\/ctek-mxs-50-56-998-inteligentna-ladowarka-samochodowa\/\" rel=\"bookmark\">Read More \u00bb<span class=\"screen-reader-text\">CTEK MXS 5.0 56-998 &#8211; inteligentna \u0142adowarka samochodowa<\/span><\/a><\/p>","protected":false},"featured_media":1884655,"comment_status":"open","ping_status":"open","template":"","meta":{"neve_meta_sidebar":"","neve_meta_container":"","neve_meta_enable_content_width":"","neve_meta_content_width":0,"neve_meta_title_alignment":"","neve_meta_author_avatar":"","neve_post_elements_order":"","neve_meta_disable_header":"","neve_meta_disable_footer":"","neve_meta_disable_title":"","_themeisle_gutenberg_block_has_review":false},"product_brand":[],"product_cat":[757,846,891],"product_tag":[],"class_list":{"0":"post-1884653","1":"product","2":"type-product","3":"status-publish","4":"has-post-thumbnail","6":"product_cat-akcesoria","7":"product_cat-reszta","8":"product_cat-urzadzenia","10":"first","11":"outofstock","12":"taxable","13":"shipping-taxable","14":"purchasable","15":"product-type-simple"},"_links":{"self":[{"href":"https:\/\/liquidmaster.pl\/en\/wp-json\/wp\/v2\/product\/1884653","targetHints":{"allow":["GET"]}}],"collection":[{"href":"https:\/\/liquidmaster.pl\/en\/wp-json\/wp\/v2\/product"}],"about":[{"href":"https:\/\/liquidmaster.pl\/en\/wp-json\/wp\/v2\/types\/product"}],"replies":[{"embeddable":true,"href":"https:\/\/liquidmaster.pl\/en\/wp-json\/wp\/v2\/comments?post=1884653"}],"wp:featuredmedia":[{"embeddable":true,"href":"https:\/\/liquidmaster.pl\/en\/wp-json\/wp\/v2\/media\/1884655"}],"wp:attachment":[{"href":"https:\/\/liquidmaster.pl\/en\/wp-json\/wp\/v2\/media?parent=1884653"}],"wp:term":[{"taxonomy":"product_brand","embeddable":true,"href":"https:\/\/liquidmaster.pl\/en\/wp-json\/wp\/v2\/product_brand?post=1884653"},{"taxonomy":"product_cat","embeddable":true,"href":"https:\/\/liquidmaster.pl\/en\/wp-json\/wp\/v2\/product_cat?post=1884653"},{"taxonomy":"product_tag","embeddable":true,"href":"https:\/\/liquidmaster.pl\/en\/wp-json\/wp\/v2\/product_tag?post=1884653"}],"curies":[{"name":"wp","href":"https:\/\/api.w.org\/{rel}","templated":true}]}}