{"id":1874979,"date":"2025-06-08T13:38:45","date_gmt":"2025-06-08T11:38:45","guid":{"rendered":"https:\/\/liquidmaster.pl\/fresso-perfumy-infinity-bliss-50ml\/"},"modified":"2026-04-18T04:48:29","modified_gmt":"2026-04-18T02:48:29","slug":"fresso-perfumy-infinity-bliss-50ml","status":"publish","type":"product","link":"https:\/\/liquidmaster.pl\/en\/fresso-perfumy-infinity-bliss-50ml\/","title":{"rendered":"Fresso \u2013 Infinity Bliss Perfume 50ml"},"content":{"rendered":"<p>Infinity Bliss opens with an energizing accord of bergamot and juicy pear, delicately sharpened by pink and black peppercorns and an intriguing note of warm milk. At the heart of the composition, soothing lavender pulsates, intertwined with white flowers and exotic tiar\u00e9, creating a subtly floral, relaxing bouquet. The base is an enveloping blend of vanilla sugar, Peruvian balsam, and tonka bean, sensually accentuated by soft musk.<\/p>\n<p>It is a harmonious essence of comfort, warmth and refined sweetness \u2013 perfect for losing yourself in a moment of endless bliss.<\/p>\n<p>Capacity 50 ml<\/p>","protected":false},"excerpt":{"rendered":"<p>Infinity Bliss to zapach, kt\u00f3ry otwiera si\u0119 energetyzuj\u0105cym akordem bergamotki i soczystej gruszki, delikatnie zaostrzonej r\u00f3\u017cowym i czarnym pieprzem oraz intryguj\u0105c\u0105 nut\u0105 ciep\u0142ego mleka. W sercu kompozycji pulsuje koj\u0105ca lawenda spleciona z bia\u0142ymi kwiatami i egzotycznym tiar\u00e9, tworz\u0105c subtelnie kwiatowy, relaksuj\u0105cy bukiet. Baz\u0119 stanowi otulaj\u0105ca mieszanka cukru waniliowego, balsamu peruwia\u0144skiego i tonki, zmys\u0142owo podkre\u015blona mi\u0119kkim&hellip;&nbsp;<a href=\"https:\/\/liquidmaster.pl\/en\/fresso-perfumy-infinity-bliss-50ml\/\" rel=\"bookmark\">Read More \u00bb<span class=\"screen-reader-text\">Fresso \u2013 Infinity Bliss Perfume 50ml<\/span><\/a><\/p>","protected":false},"featured_media":1874981,"comment_status":"open","ping_status":"open","template":"","meta":{"neve_meta_sidebar":"","neve_meta_container":"","neve_meta_enable_content_width":"","neve_meta_content_width":0,"neve_meta_title_alignment":"","neve_meta_author_avatar":"","neve_post_elements_order":"","neve_meta_disable_header":"","neve_meta_disable_footer":"","neve_meta_disable_title":"","_themeisle_gutenberg_block_has_review":false},"product_brand":[],"product_cat":[801,802,768],"product_tag":[296],"class_list":{"0":"post-1874979","1":"product","2":"type-product","3":"status-publish","4":"has-post-thumbnail","6":"product_cat-odswiezacze-powietrza","7":"product_cat-perfumy-i-spraye","8":"product_cat-wnetrze-auta","9":"product_tag-fresso","11":"first","12":"instock","13":"taxable","14":"shipping-taxable","15":"purchasable","16":"product-type-simple"},"_links":{"self":[{"href":"https:\/\/liquidmaster.pl\/en\/wp-json\/wp\/v2\/product\/1874979","targetHints":{"allow":["GET"]}}],"collection":[{"href":"https:\/\/liquidmaster.pl\/en\/wp-json\/wp\/v2\/product"}],"about":[{"href":"https:\/\/liquidmaster.pl\/en\/wp-json\/wp\/v2\/types\/product"}],"replies":[{"embeddable":true,"href":"https:\/\/liquidmaster.pl\/en\/wp-json\/wp\/v2\/comments?post=1874979"}],"wp:featuredmedia":[{"embeddable":true,"href":"https:\/\/liquidmaster.pl\/en\/wp-json\/wp\/v2\/media\/1874981"}],"wp:attachment":[{"href":"https:\/\/liquidmaster.pl\/en\/wp-json\/wp\/v2\/media?parent=1874979"}],"wp:term":[{"taxonomy":"product_brand","embeddable":true,"href":"https:\/\/liquidmaster.pl\/en\/wp-json\/wp\/v2\/product_brand?post=1874979"},{"taxonomy":"product_cat","embeddable":true,"href":"https:\/\/liquidmaster.pl\/en\/wp-json\/wp\/v2\/product_cat?post=1874979"},{"taxonomy":"product_tag","embeddable":true,"href":"https:\/\/liquidmaster.pl\/en\/wp-json\/wp\/v2\/product_tag?post=1874979"}],"curies":[{"name":"wp","href":"https:\/\/api.w.org\/{rel}","templated":true}]}}