{"id":1868374,"date":"2025-06-04T16:14:06","date_gmt":"2025-06-04T14:14:06","guid":{"rendered":"https:\/\/liquidmaster.pl\/shiny-garage-interior-plastic-protectant-matt-1l-matowy-dressing-do-wnetrza-2\/"},"modified":"2026-04-18T04:25:08","modified_gmt":"2026-04-18T02:25:08","slug":"shiny-garage-interior-plastic-protectant-matt-1l-matowy-dressing-do-wnetrza-2","status":"publish","type":"product","link":"https:\/\/liquidmaster.pl\/en\/shiny-garage-interior-plastic-protectant-matt1l-2\/","title":{"rendered":"Shiny Garage Interior Plastic Protectant Matt 1L -matte interior dressing"},"content":{"rendered":"<p>Interior Plastic Protectant Matt is a protective dressing for interior plastics, which is a combination of silicone emulsions, antistatic and anti-UV ingredients, and ingredients that fix the effect.<\/p>\n<p>\u00a0<\/p>\n<p>The product strongly darkens the surface, leaving it completely matte.<\/p>\n<p>\u00a0<\/p>\n<p>The effect is durable and, importantly, resistant to interior detailers.<\/p>\n<p>\u00a0<\/p>\n<p>The work is made more pleasant by the delicate smell of chocolate.<\/p>","protected":false},"excerpt":{"rendered":"<p>Interior Plastic Protectant Matt to zabezpieczaj\u0105cy dressing do plastik\u00f3w wewn\u0119trznych, b\u0119d\u0105cy kombinacj\u0105 emulsji silikonowych, sk\u0142adnik\u00f3w antystatycznych i anty-UV, oraz sk\u0142adnik\u00f3w utrwalaj\u0105cych efekt. \u00a0 Produkt mocno przyciemnia powierzchni\u0119 pozostawiaj\u0105c j\u0105 ca\u0142kowicie matow\u0105. \u00a0 Efekt jest trwa\u0142y, a co wa\u017cne, odporny na dzia\u0142anie detailer\u00f3w do wn\u0119trza. \u00a0 Prac\u0119 uprzyjemnia delikatny zapach czekolady.<\/p>","protected":false},"featured_media":1868376,"comment_status":"open","ping_status":"open","template":"","meta":{"neve_meta_sidebar":"","neve_meta_container":"","neve_meta_enable_content_width":"","neve_meta_content_width":0,"neve_meta_title_alignment":"","neve_meta_author_avatar":"","neve_post_elements_order":"","neve_meta_disable_header":"","neve_meta_disable_footer":"","neve_meta_disable_title":"","_themeisle_gutenberg_block_has_review":false},"product_brand":[],"product_cat":[796,795,768],"product_tag":[360],"class_list":{"0":"post-1868374","1":"product","2":"type-product","3":"status-publish","4":"has-post-thumbnail","6":"product_cat-ochrona-plastikow-wewnetrznych","7":"product_cat-plastiki-wewnetrzne","8":"product_cat-wnetrze-auta","9":"product_tag-shiny-garage","10":"pa_promocja-promocje","12":"first","13":"instock","14":"taxable","15":"shipping-taxable","16":"purchasable","17":"product-type-simple"},"_links":{"self":[{"href":"https:\/\/liquidmaster.pl\/en\/wp-json\/wp\/v2\/product\/1868374","targetHints":{"allow":["GET"]}}],"collection":[{"href":"https:\/\/liquidmaster.pl\/en\/wp-json\/wp\/v2\/product"}],"about":[{"href":"https:\/\/liquidmaster.pl\/en\/wp-json\/wp\/v2\/types\/product"}],"replies":[{"embeddable":true,"href":"https:\/\/liquidmaster.pl\/en\/wp-json\/wp\/v2\/comments?post=1868374"}],"wp:featuredmedia":[{"embeddable":true,"href":"https:\/\/liquidmaster.pl\/en\/wp-json\/wp\/v2\/media\/1868376"}],"wp:attachment":[{"href":"https:\/\/liquidmaster.pl\/en\/wp-json\/wp\/v2\/media?parent=1868374"}],"wp:term":[{"taxonomy":"product_brand","embeddable":true,"href":"https:\/\/liquidmaster.pl\/en\/wp-json\/wp\/v2\/product_brand?post=1868374"},{"taxonomy":"product_cat","embeddable":true,"href":"https:\/\/liquidmaster.pl\/en\/wp-json\/wp\/v2\/product_cat?post=1868374"},{"taxonomy":"product_tag","embeddable":true,"href":"https:\/\/liquidmaster.pl\/en\/wp-json\/wp\/v2\/product_tag?post=1868374"}],"curies":[{"name":"wp","href":"https:\/\/api.w.org\/{rel}","templated":true}]}}