{"id":1866231,"date":"2025-06-01T13:18:08","date_gmt":"2025-06-01T11:18:08","guid":{"rendered":"https:\/\/liquidmaster.pl\/gtechniq-wheel-coat-kit-zestaw-do-zabezpieczenia-kol\/"},"modified":"2026-04-20T08:29:28","modified_gmt":"2026-04-20T06:29:28","slug":"gtechniq-wheel-coat-kit-zestaw-do-zabezpieczenia-kol","status":"publish","type":"product","link":"https:\/\/liquidmaster.pl\/en\/gtechniq-wheel-coat-kit-zestaw-do-zabezpieczenia-kol\/","title":{"rendered":"Gtechniq Wheel Coat KIT &#8211; zestaw do zabezpieczenia k\u00f3\u0142"},"content":{"rendered":"<p>Ko\u0142a i opony to najni\u017csze punkty pojazdu i dlatego cz\u0119sto pokrywaj\u0105 si\u0119 brudem drogowym i py\u0142em hamulcowym. Znalezienie odpowiedniego produktu do ochrony tych powierzchni mo\u017ce by\u0107 wyzwaniem, poniewa\u017c wiele tradycyjnych wosk\u00f3w i polimer\u00f3w nie zapewnia trwa\u0142ej ochrony.<\/p>\n<p>Zestaw ten zawiera pow\u0142ok\u0119 do k\u00f3\u0142 C5, kt\u00f3ra zosta\u0142a specjalnie zaprojektowana do felg aluminiowych i zacisk\u00f3w. Jest to wyj\u0105tkowo trwa\u0142a pow\u0142oka ceramiczna, odporna na temperatury do 600 stopni Celsjusza.<\/p>\n<p>The kit includes:<\/p>\n<ul>\n<li>30ml pow\u0142oka na felgi C5<\/li>\n<li>250ml p\u0142yn do przygotowania powierzchni PW<\/li>\n<li>3 x mikrofibra MF1<\/li>\n<\/ul>","protected":false},"excerpt":{"rendered":"<p>Ko\u0142a i opony to najni\u017csze punkty pojazdu i dlatego cz\u0119sto pokrywaj\u0105 si\u0119 brudem drogowym i py\u0142em hamulcowym. Znalezienie odpowiedniego produktu do ochrony tych powierzchni mo\u017ce by\u0107 wyzwaniem, poniewa\u017c wiele tradycyjnych wosk\u00f3w i polimer\u00f3w nie zapewnia trwa\u0142ej ochrony. Zestaw ten zawiera pow\u0142ok\u0119 do k\u00f3\u0142 C5, kt\u00f3ra zosta\u0142a specjalnie zaprojektowana do felg aluminiowych i zacisk\u00f3w. Jest to&hellip;&nbsp;<a href=\"https:\/\/liquidmaster.pl\/en\/gtechniq-wheel-coat-kit-zestaw-do-zabezpieczenia-kol\/\" rel=\"bookmark\">Read More \u00bb<span class=\"screen-reader-text\">Gtechniq Wheel Coat KIT &#8211; zestaw do zabezpieczenia k\u00f3\u0142<\/span><\/a><\/p>","protected":false},"featured_media":1866233,"comment_status":"open","ping_status":"open","template":"","meta":{"neve_meta_sidebar":"","neve_meta_container":"","neve_meta_enable_content_width":"","neve_meta_content_width":0,"neve_meta_title_alignment":"","neve_meta_author_avatar":"","neve_post_elements_order":"","neve_meta_disable_header":"","neve_meta_disable_footer":"","neve_meta_disable_title":"","_themeisle_gutenberg_block_has_review":false},"product_brand":[],"product_cat":[745,733,776],"product_tag":[940],"class_list":{"0":"post-1866231","1":"product","2":"type-product","3":"status-publish","4":"has-post-thumbnail","6":"product_cat-kola-i-opony","7":"product_cat-na-zewnatrz","8":"product_cat-zabezpieczanie-felg","9":"product_tag-gtechniq","11":"first","12":"instock","13":"taxable","14":"shipping-taxable","15":"purchasable","16":"product-type-simple"},"_links":{"self":[{"href":"https:\/\/liquidmaster.pl\/en\/wp-json\/wp\/v2\/product\/1866231","targetHints":{"allow":["GET"]}}],"collection":[{"href":"https:\/\/liquidmaster.pl\/en\/wp-json\/wp\/v2\/product"}],"about":[{"href":"https:\/\/liquidmaster.pl\/en\/wp-json\/wp\/v2\/types\/product"}],"replies":[{"embeddable":true,"href":"https:\/\/liquidmaster.pl\/en\/wp-json\/wp\/v2\/comments?post=1866231"}],"wp:featuredmedia":[{"embeddable":true,"href":"https:\/\/liquidmaster.pl\/en\/wp-json\/wp\/v2\/media\/1866233"}],"wp:attachment":[{"href":"https:\/\/liquidmaster.pl\/en\/wp-json\/wp\/v2\/media?parent=1866231"}],"wp:term":[{"taxonomy":"product_brand","embeddable":true,"href":"https:\/\/liquidmaster.pl\/en\/wp-json\/wp\/v2\/product_brand?post=1866231"},{"taxonomy":"product_cat","embeddable":true,"href":"https:\/\/liquidmaster.pl\/en\/wp-json\/wp\/v2\/product_cat?post=1866231"},{"taxonomy":"product_tag","embeddable":true,"href":"https:\/\/liquidmaster.pl\/en\/wp-json\/wp\/v2\/product_tag?post=1866231"}],"curies":[{"name":"wp","href":"https:\/\/api.w.org\/{rel}","templated":true}]}}