{"id":1866228,"date":"2025-06-01T13:16:43","date_gmt":"2025-06-01T11:16:43","guid":{"rendered":"https:\/\/liquidmaster.pl\/gtechniq-c5-30ml-powloka-do-zabezpieczenia-felg\/"},"modified":"2026-04-20T08:29:28","modified_gmt":"2026-04-20T06:29:28","slug":"gtechniq-c5-30ml-powloka-do-zabezpieczenia-felg","status":"publish","type":"product","link":"https:\/\/liquidmaster.pl\/en\/gtechniq-c5-30ml-powloka-do-zabezpieczenia-felg\/","title":{"rendered":"Gtechniq C5 30ml &#8211; pow\u0142oka do zabezpieczenia felg"},"content":{"rendered":"<p>C5 Wheel Armour zapewnia najlepsz\u0105 ochron\u0119 k\u00f3\u0142, u\u0142atwia usuwanie py\u0142u hamulcowego i zanieczyszczenia oraz u\u0142atwia konserwacj\u0119 felg.<\/p>\n<p>C5 dzia\u0142a na tej samej zasadzie, co pozosta\u0142e pow\u0142oki Gtechniq z rodziny \u201eC\u201d. Trwale \u0142\u0105czy si\u0119 z powierzchni\u0105, kt\u00f3r\u0105 chroni (wi\u0105\u017c\u0105c si\u0119 na poziomie molekularnym z jej cz\u0105steczkami), dzi\u0119ki czemu staje si\u0119 jej w\u0142a\u015bciw\u0105, funkcyjn\u0105, zewn\u0119trzn\u0105 warstw\u0105. C5 jest odpowiedni do ka\u017cdego rodzaju wyko\u0144czenia felg.<\/p>\n<p>UWAGA: Nadaje si\u0119 do chromowanych, ale nie polerowanych felg<\/p>\n<p>C5 jest odporne na temperatury nawet do 600\u2103, dzi\u0119ki czemu jest odpowiedni do wszystkich rodzaj\u00f3w felg i zacisk\u00f3w hamulcowych pojazdu.<\/p>\n<p>Which capacity should I choose?<br \/>\n15ml \u2013 jest zalecane na fronty kompletu felg do rozmiaru 18\u2019<br \/>\n30ml \u2013 jest zalecane na komplet felg z wewn\u0119trzn\u0105 i frontow\u0105 stron\u0105 do rozmiaru 22\u2019<\/p>\n<p>Simple steps to help you get the best results<\/p>\n<li>Przed na\u0142o\u017ceniem upewni\u0107 si\u0119, \u017ce ko\u0142a s\u0105 czyste i suche<\/li>\n<li>Przed aplikacj\u0105 przetrzyj ka\u017cde ko\u0142o za pomoc\u0105 Gtechniq Panel Wipe \u2013 zapewni to najlepsze po\u0142\u0105czenie C5 z felg\u0105. Zachowaj ostro\u017cno\u015b\u0107 przy zaprawkach lakierniczych, PW mo\u017ce spowodowa\u0107 \u015bci\u0105gni\u0119cie lakieru.<\/li>\n<li>Przed u\u017cyciem dobrze wstrz\u0105sn\u0105\u0107 i za\u0142o\u017cy\u0107 r\u0119kawiczki<\/li>\n<li>Namoczy\u0107 aplikator AP1 kilkoma kroplami produktu i rozprowadzi\u0107 pow\u0142ok\u0119 na powierzchni obr\u0119czy \u2013 nie wi\u0119cej ni\u017c na \u00bd ko\u0142a za ka\u017cdym razem<\/li>\n<li>Po rozprowadzeniu pow\u0142oki, wypolerowa\u0107 pozosta\u0142o\u015b\u0107 w ci\u0105gu 30-60 sekund fibr\u0105 MF1 ZeroR.<\/li>\n<li>Powt\u00f3rz ten proces na wszystkich ko\u0142ach<\/li>\n<li>Pozostawi\u0107 pow\u0142ok\u0119 do utwardzenia w pomieszczeniu na 12 godzin przed wystawieniem na dzia\u0142anie czynnik\u00f3w atmosferycznych<\/li>\n<p>Store in a cool, dry place<br \/>\nZu\u017cy\u0107 w ci\u0105gu 3 miesi\u0119cy od otwarcia<\/p>\n<p>Capacity 30 ml<\/p>","protected":false},"excerpt":{"rendered":"<p>C5 Wheel Armour zapewnia najlepsz\u0105 ochron\u0119 k\u00f3\u0142, u\u0142atwia usuwanie py\u0142u hamulcowego i zanieczyszczenia oraz u\u0142atwia konserwacj\u0119 felg. C5 dzia\u0142a na tej samej zasadzie, co pozosta\u0142e pow\u0142oki Gtechniq z rodziny \u201eC\u201d. Trwale \u0142\u0105czy si\u0119 z powierzchni\u0105, kt\u00f3r\u0105 chroni (wi\u0105\u017c\u0105c si\u0119 na poziomie molekularnym z jej cz\u0105steczkami), dzi\u0119ki czemu staje si\u0119 jej w\u0142a\u015bciw\u0105, funkcyjn\u0105, zewn\u0119trzn\u0105 warstw\u0105. C5&hellip;&nbsp;<a href=\"https:\/\/liquidmaster.pl\/en\/gtechniq-c5-30ml-powloka-do-zabezpieczenia-felg\/\" rel=\"bookmark\">Read More \u00bb<span class=\"screen-reader-text\">Gtechniq C5 30ml &#8211; pow\u0142oka do zabezpieczenia felg<\/span><\/a><\/p>","protected":false},"featured_media":1866230,"comment_status":"open","ping_status":"open","template":"","meta":{"neve_meta_sidebar":"","neve_meta_container":"","neve_meta_enable_content_width":"","neve_meta_content_width":0,"neve_meta_title_alignment":"","neve_meta_author_avatar":"","neve_post_elements_order":"","neve_meta_disable_header":"","neve_meta_disable_footer":"","neve_meta_disable_title":"","_themeisle_gutenberg_block_has_review":false},"product_brand":[],"product_cat":[745,733,776],"product_tag":[940],"class_list":{"0":"post-1866228","1":"product","2":"type-product","3":"status-publish","4":"has-post-thumbnail","6":"product_cat-kola-i-opony","7":"product_cat-na-zewnatrz","8":"product_cat-zabezpieczanie-felg","9":"product_tag-gtechniq","11":"first","12":"instock","13":"taxable","14":"shipping-taxable","15":"purchasable","16":"product-type-simple"},"_links":{"self":[{"href":"https:\/\/liquidmaster.pl\/en\/wp-json\/wp\/v2\/product\/1866228","targetHints":{"allow":["GET"]}}],"collection":[{"href":"https:\/\/liquidmaster.pl\/en\/wp-json\/wp\/v2\/product"}],"about":[{"href":"https:\/\/liquidmaster.pl\/en\/wp-json\/wp\/v2\/types\/product"}],"replies":[{"embeddable":true,"href":"https:\/\/liquidmaster.pl\/en\/wp-json\/wp\/v2\/comments?post=1866228"}],"wp:featuredmedia":[{"embeddable":true,"href":"https:\/\/liquidmaster.pl\/en\/wp-json\/wp\/v2\/media\/1866230"}],"wp:attachment":[{"href":"https:\/\/liquidmaster.pl\/en\/wp-json\/wp\/v2\/media?parent=1866228"}],"wp:term":[{"taxonomy":"product_brand","embeddable":true,"href":"https:\/\/liquidmaster.pl\/en\/wp-json\/wp\/v2\/product_brand?post=1866228"},{"taxonomy":"product_cat","embeddable":true,"href":"https:\/\/liquidmaster.pl\/en\/wp-json\/wp\/v2\/product_cat?post=1866228"},{"taxonomy":"product_tag","embeddable":true,"href":"https:\/\/liquidmaster.pl\/en\/wp-json\/wp\/v2\/product_tag?post=1866228"}],"curies":[{"name":"wp","href":"https:\/\/api.w.org\/{rel}","templated":true}]}}