{"id":1866210,"date":"2025-06-01T13:10:42","date_gmt":"2025-06-01T11:10:42","guid":{"rendered":"https:\/\/liquidmaster.pl\/honey-polishing-compound-one-step-protect-250ml-pasta-polerska-all-in-one\/"},"modified":"2026-04-18T04:48:25","modified_gmt":"2026-04-18T02:48:25","slug":"honey-polishing-compound-one-step-protect-250ml-pasta-polerska-all-in-one","status":"publish","type":"product","link":"https:\/\/liquidmaster.pl\/en\/honey-polishing-compound-one-step-protect-250ml-pasta-polerska-all-in-one\/","title":{"rendered":"Honey Polishing Compound One Step + Protect 250ml \u2013 all in one polishing paste"},"content":{"rendered":"<p lang=\"zxx\">Honey Combination One Step + Protect \u2013 paint correction and protection in 1 step<\/p>\n<p>Meet Honey Combination One Step + Protect - an innovative polishing paste that removes scratches, deepens the paint and protects the surface with a durable layer of polymers in one step. Thanks to modern abrasive grain and protective properties, it instantly restores shine and creates a glassy and hydrophobic effect. Ideal for quick and professional detailing, when the effect and time count.<\/p>\n<p>Usage:<\/p>\n<li>Wash and dry your car, preparing the surface for work.<\/li>\n<li>Apply a small amount of paste to a polishing pad (preferably from the Blue U, Yellow R-DA or 2 FaceFiber series).<\/li>\n<li>Spread the paste on the paint at low speed, then increase the speed and polish until the effect is achieved.<\/li>\n<li>Wipe the surface with a clean, soft microfiber cloth.<\/li>\n<p>Note: Do not use before applying ceramic coatings or PPF foils.<\/p>\n<p>Capacity 250 ml<\/p>","protected":false},"excerpt":{"rendered":"<p>Honey Combination One Step + Protect \u2013 korekta i ochrona lakieru w 1 kroku Poznaj Honey Combination One Step + Protect \u2014 innowacyjn\u0105 past\u0119 polersk\u0105, kt\u00f3ra w jednym kroku usuwa zarysowania, wydobywa g\u0142\u0119bi\u0119 lakieru i zabezpiecza powierzchni\u0119 trwa\u0142\u0105 warstw\u0105 polimer\u00f3w. Dzi\u0119ki nowoczesnemu ziarnu \u015bciernemu i w\u0142a\u015bciwo\u015bciom ochronnym b\u0142yskawicznie przywraca blask oraz tworzy efekt szklisto\u015bci i&hellip;&nbsp;<a href=\"https:\/\/liquidmaster.pl\/en\/honey-polishing-compound-one-step-protect-250ml-pasta-polerska-all-in-one\/\" rel=\"bookmark\">Read More \u00bb<span class=\"screen-reader-text\">Honey Polishing Compound One Step + Protect 250ml \u2013 all in one polishing paste<\/span><\/a><\/p>","protected":false},"featured_media":1866212,"comment_status":"open","ping_status":"open","template":"","meta":{"neve_meta_sidebar":"","neve_meta_container":"","neve_meta_enable_content_width":"","neve_meta_content_width":0,"neve_meta_title_alignment":"","neve_meta_author_avatar":"","neve_post_elements_order":"","neve_meta_disable_header":"","neve_meta_disable_footer":"","neve_meta_disable_title":"","_themeisle_gutenberg_block_has_review":false},"product_brand":[],"product_cat":[845,789,748],"product_tag":[304],"class_list":{"0":"post-1866210","1":"product","2":"type-product","3":"status-publish","4":"has-post-thumbnail","6":"product_cat-pasty-aio","7":"product_cat-pasty-polerskie","8":"product_cat-polerowanie","9":"product_tag-honey","11":"first","12":"instock","13":"taxable","14":"shipping-taxable","15":"purchasable","16":"product-type-simple"},"_links":{"self":[{"href":"https:\/\/liquidmaster.pl\/en\/wp-json\/wp\/v2\/product\/1866210","targetHints":{"allow":["GET"]}}],"collection":[{"href":"https:\/\/liquidmaster.pl\/en\/wp-json\/wp\/v2\/product"}],"about":[{"href":"https:\/\/liquidmaster.pl\/en\/wp-json\/wp\/v2\/types\/product"}],"replies":[{"embeddable":true,"href":"https:\/\/liquidmaster.pl\/en\/wp-json\/wp\/v2\/comments?post=1866210"}],"wp:featuredmedia":[{"embeddable":true,"href":"https:\/\/liquidmaster.pl\/en\/wp-json\/wp\/v2\/media\/1866212"}],"wp:attachment":[{"href":"https:\/\/liquidmaster.pl\/en\/wp-json\/wp\/v2\/media?parent=1866210"}],"wp:term":[{"taxonomy":"product_brand","embeddable":true,"href":"https:\/\/liquidmaster.pl\/en\/wp-json\/wp\/v2\/product_brand?post=1866210"},{"taxonomy":"product_cat","embeddable":true,"href":"https:\/\/liquidmaster.pl\/en\/wp-json\/wp\/v2\/product_cat?post=1866210"},{"taxonomy":"product_tag","embeddable":true,"href":"https:\/\/liquidmaster.pl\/en\/wp-json\/wp\/v2\/product_tag?post=1866210"}],"curies":[{"name":"wp","href":"https:\/\/api.w.org\/{rel}","templated":true}]}}