{"id":1866195,"date":"2025-06-01T13:06:04","date_gmt":"2025-06-01T11:06:04","guid":{"rendered":"https:\/\/liquidmaster.pl\/cleantle-neutral-apc-5l-uniwersalny-srodek-czyszczacy-o-neutralnym-ph\/"},"modified":"2026-04-18T04:48:23","modified_gmt":"2026-04-18T02:48:23","slug":"cleantle-neutral-apc-5l-uniwersalny-srodek-czyszczacy-o-neutralnym-ph","status":"publish","type":"product","link":"https:\/\/liquidmaster.pl\/en\/cleantle-neutral-apc-5l-uniwersalny-srodek-czyszczacy-o-neutralnym-ph\/","title":{"rendered":"Cleantle Neutral APC 5L \u2013 universal cleaner with a neutral pH"},"content":{"rendered":"<\/p>\n<p>Neutral APC is a versatile and safe cleaner, designed for use both inside and outside the vehicle. The use of biosurfactants ensures the product combines high effectiveness with safety for both the user and the surfaces being cleaned. Thanks to its neutral pH, it works perfectly on plastics, rubber parts, fabric upholstery, paintwork, and other delicate materials.<\/p>\n<p>Product features:<\/p>\n<ul>\n<li>high cleaning power<\/li>\n<li>neutral pH already in the concentrate<\/li>\n<li>formula using biosurfactants<\/li>\n<li>a product safe for delicate materials<\/li>\n<li>does not contain sodium hydroxide<\/li>\n<li>easily biodegradable product<\/li>\n<li>Fragrance: Lime\/Mint scent<\/li>\n<\/ul>\n<p>The power of biosurfactants<br \/>\nNeutral APC harnesses the power of biosurfactants, which are exceptionally effective natural surface-active compounds. Thanks to its innovative formula, the product effectively removes dirt, grease, and other contaminants without damaging delicate surfaces.<\/p>\n<p>Dilution<\/p>\n<ul>\n<li>1:10 \u2013 heavy dirt.<\/li>\n<li>1:20 \u2013 minor dirt.<\/li>\n<\/ul>\n<p>Usage:<\/p>\n<li>Prepare the working solution depending on the dirt.<\/li>\n<li>Spray the surface to be cleaned \u2013 work it in with a brush or brush.<\/li>\n<li>Rinse the product with water or wipe with a microfiber cloth.<\/li>\n<p>Attention<br \/>\nDo not apply to hot surfaces.<br \/>\nDo not allow to dry out.<\/p>\n<p>Capacity 5 L<\/p>","protected":false},"excerpt":{"rendered":"<p>Neutral APC to wszechstronny i bezpieczny \u015brodek czyszcz\u0105cy, przeznaczony do stosowania zar\u00f3wno wewn\u0105trz, jak i na zewn\u0105trz pojazdu. Zastosowanie biosurfaktant\u00f3w sprawia, \u017ce produkt \u0142\u0105czy wysok\u0105 skuteczno\u015b\u0107 z bezpiecze\u0144stwem zar\u00f3wno dla u\u017cytkownika, jak i czyszczonych powierzchni. Dzi\u0119ki neutralnemu pH, doskonale sprawdza si\u0119 na plastikach, gumowych elementach, tapicerce materia\u0142owej, lakierze i innych delikatnych materia\u0142ach. Cechy produkty: wysoka&hellip;&nbsp;<a href=\"https:\/\/liquidmaster.pl\/en\/cleantle-neutral-apc-5l-uniwersalny-srodek-czyszczacy-o-neutralnym-ph\/\" rel=\"bookmark\">Read More \u00bb<span class=\"screen-reader-text\">Cleantle Neutral APC 5L \u2013 universal cleaner with a neutral pH<\/span><\/a><\/p>","protected":false},"featured_media":1866197,"comment_status":"open","ping_status":"open","template":"","meta":{"neve_meta_sidebar":"","neve_meta_container":"","neve_meta_enable_content_width":"","neve_meta_content_width":0,"neve_meta_title_alignment":"","neve_meta_author_avatar":"","neve_post_elements_order":"","neve_meta_disable_header":"","neve_meta_disable_footer":"","neve_meta_disable_title":"","_themeisle_gutenberg_block_has_review":false},"product_brand":[],"product_cat":[742,734,733],"product_tag":[280],"class_list":{"0":"post-1866195","1":"product","2":"type-product","3":"status-publish","4":"has-post-thumbnail","6":"product_cat-apc-mycie-i-osuszanie","7":"product_cat-mycie-i-osuszanie","8":"product_cat-na-zewnatrz","9":"product_tag-cleantech-cleantle","10":"pa_promocja-promocje","12":"first","13":"instock","14":"taxable","15":"shipping-taxable","16":"purchasable","17":"product-type-simple"},"_links":{"self":[{"href":"https:\/\/liquidmaster.pl\/en\/wp-json\/wp\/v2\/product\/1866195","targetHints":{"allow":["GET"]}}],"collection":[{"href":"https:\/\/liquidmaster.pl\/en\/wp-json\/wp\/v2\/product"}],"about":[{"href":"https:\/\/liquidmaster.pl\/en\/wp-json\/wp\/v2\/types\/product"}],"replies":[{"embeddable":true,"href":"https:\/\/liquidmaster.pl\/en\/wp-json\/wp\/v2\/comments?post=1866195"}],"wp:featuredmedia":[{"embeddable":true,"href":"https:\/\/liquidmaster.pl\/en\/wp-json\/wp\/v2\/media\/1866197"}],"wp:attachment":[{"href":"https:\/\/liquidmaster.pl\/en\/wp-json\/wp\/v2\/media?parent=1866195"}],"wp:term":[{"taxonomy":"product_brand","embeddable":true,"href":"https:\/\/liquidmaster.pl\/en\/wp-json\/wp\/v2\/product_brand?post=1866195"},{"taxonomy":"product_cat","embeddable":true,"href":"https:\/\/liquidmaster.pl\/en\/wp-json\/wp\/v2\/product_cat?post=1866195"},{"taxonomy":"product_tag","embeddable":true,"href":"https:\/\/liquidmaster.pl\/en\/wp-json\/wp\/v2\/product_tag?post=1866195"}],"curies":[{"name":"wp","href":"https:\/\/api.w.org\/{rel}","templated":true}]}}