{"id":1856402,"date":"2025-05-28T03:02:06","date_gmt":"2025-05-28T01:02:06","guid":{"rendered":"https:\/\/liquidmaster.pl\/shinemate-da-eb351-5-15-talerz-123mm-skok-15mm-maszyna-polerska\/"},"modified":"2026-04-18T04:21:05","modified_gmt":"2026-04-18T02:21:05","slug":"shinemate-da-eb351-5-15-talerz-123mm-skok-15mm-maszyna-polerska","status":"publish","type":"product","link":"https:\/\/liquidmaster.pl\/en\/shinemate-da-eb351-515-talerz-123mm-skok-15mm-maszyna-polerska\/","title":{"rendered":"ShineMate DA EB351-5\/15, talerz 123mm, skok 15mm -maszyna polerska"},"content":{"rendered":"<p>The EB351 dual action polisher has been professionally designed<br \/>\nand manufactured for polishing work in the automotive and industrial sectors.<\/p>\n<ul>\n<li>Brushless DC Motor (BLDC): with greater efficiency<br \/>\n\tand longer service life;<\/li>\n<li>Precisely Balanced Eccentricity thanks to CNC machining: ensures polishing with exceptionally smooth operation and minimizes vibration;<\/li>\n<li>Stepless Speed Control: allows you to adjust the speed<br \/>\n\tin the range of 700-1500 rpm;<\/li>\n<li>Progressive Button: Pressing the switch trigger increases speed. The speed can be adjusted from 1000 rpm to the speed set on the governor knob, allowing the user to precisely and freely control the speed;<\/li>\n<li>Soft Front Handle: Ergonomically shaped with a soft finish, the machine is comfortable to hold and can be precisely controlled while polishing at any angle<br \/>\n\tand in every position.<\/li>\n<\/ul>\n<p>\u00a0<\/p>\n<p>Full Range Electronic Control<\/p>\n<ul>\n<li>Constant Output Speed: the set speed remains constant thanks to electronic control to ensure a uniform polishing speed even under load;<\/li>\n<li>Soft Start: electronically controlled soft start ensures safety and limits the spattering of the polishing paste;<\/li>\n<li>Ograniczenie Pr\u0105du Podczas Przeci\u0105\u017cenia: ograniczenie pr\u0105du zapobiega nadmiernemu poborowi pr\u0105du w przypadku skrajnego przeci\u0105\u017cenia, co mo\u017ce prowadzi\u0107 do spadku pr\u0119dko\u015bci silnika. Silnik uruchamia si\u0119 ponownie po zwolnieniu i ponownym naci\u015bni\u0119ciu spustu<br \/>\n\ton\/off switch.<\/li>\n<\/ul>\n<p>\u00a0<\/p>\n<p>\u00a0<\/p>\n<p>Model:<\/p>\n<p>EB351-5\/15<\/p>\n<p>\u00a0<\/p>\n<p>Backing plate:<\/p>\n<p>123 mm<\/p>\n<p>\u00a0<\/p>\n<p>Polishing sponges\/furs:<\/p>\n<p>150mm<\/p>\n<p>\u00a0<\/p>\n<p>RPM range:<\/p>\n<p>2000-5000 rpm<\/p>\n<p>\u00a0<\/p>\n<p>Weight (without battery):<\/p>\n<p>2,10 kg<\/p>\n<p>\u00a0<\/p>\n<p>Battery Voltage:<\/p>\n<p>May 18<\/p>\n<p>\u00a0<\/p>\n<p>SAMA MASZYNA ! BATERIA I \u0141ADOWARKA DO ZAKUPIENIA OSOBNO !<\/p>","protected":false},"excerpt":{"rendered":"<p>Polerka dual action EB351 zosta\u0142a profesjonalnie zaprojektowana i wyprodukowana do prac polerskich w motoryzacji i przemy\u015ble. Bezszczotkowy Silnik Pr\u0105du Sta\u0142ego (BLDC): o wi\u0119kszej wydajno\u015bci i d\u0142u\u017cszej \u017cywotno\u015bci; Precyzyjnie Wywa\u017cony Mimo\u015br\u00f3d dzi\u0119ki obr\u00f3bce CNC: zapewnia polerowanie z wyj\u0105tkowo p\u0142ynn\u0105 prac\u0105 i minimalizuje wibracje; Bezstopniowa Regulacja Pr\u0119dko\u015bci: umo\u017cliwia regulacj\u0119 pr\u0119dko\u015bci w zakresie 700-1500 obr.\/ min; Progresywny Przycisk:&hellip;&nbsp;<a href=\"https:\/\/liquidmaster.pl\/en\/shinemate-da-eb351-515-talerz-123mm-skok-15mm-maszyna-polerska\/\" rel=\"bookmark\">Read More \u00bb<span class=\"screen-reader-text\">ShineMate DA EB351-5\/15, talerz 123mm, skok 15mm -maszyna polerska<\/span><\/a><\/p>","protected":false},"featured_media":1856404,"comment_status":"open","ping_status":"open","template":"","meta":{"neve_meta_sidebar":"","neve_meta_container":"","neve_meta_enable_content_width":"","neve_meta_content_width":0,"neve_meta_title_alignment":"","neve_meta_author_avatar":"","neve_post_elements_order":"","neve_meta_disable_header":"","neve_meta_disable_footer":"","neve_meta_disable_title":"","_themeisle_gutenberg_block_has_review":false},"product_brand":[],"product_cat":[807,806,748],"product_tag":[359],"class_list":{"0":"post-1856402","1":"product","2":"type-product","3":"status-publish","4":"has-post-thumbnail","6":"product_cat-maszyny-dual-action","7":"product_cat-maszyny-polerskie","8":"product_cat-polerowanie","9":"product_tag-shine-mate","11":"first","12":"outofstock","13":"taxable","14":"shipping-taxable","15":"purchasable","16":"product-type-simple"},"_links":{"self":[{"href":"https:\/\/liquidmaster.pl\/en\/wp-json\/wp\/v2\/product\/1856402","targetHints":{"allow":["GET"]}}],"collection":[{"href":"https:\/\/liquidmaster.pl\/en\/wp-json\/wp\/v2\/product"}],"about":[{"href":"https:\/\/liquidmaster.pl\/en\/wp-json\/wp\/v2\/types\/product"}],"replies":[{"embeddable":true,"href":"https:\/\/liquidmaster.pl\/en\/wp-json\/wp\/v2\/comments?post=1856402"}],"wp:featuredmedia":[{"embeddable":true,"href":"https:\/\/liquidmaster.pl\/en\/wp-json\/wp\/v2\/media\/1856404"}],"wp:attachment":[{"href":"https:\/\/liquidmaster.pl\/en\/wp-json\/wp\/v2\/media?parent=1856402"}],"wp:term":[{"taxonomy":"product_brand","embeddable":true,"href":"https:\/\/liquidmaster.pl\/en\/wp-json\/wp\/v2\/product_brand?post=1856402"},{"taxonomy":"product_cat","embeddable":true,"href":"https:\/\/liquidmaster.pl\/en\/wp-json\/wp\/v2\/product_cat?post=1856402"},{"taxonomy":"product_tag","embeddable":true,"href":"https:\/\/liquidmaster.pl\/en\/wp-json\/wp\/v2\/product_tag?post=1856402"}],"curies":[{"name":"wp","href":"https:\/\/api.w.org\/{rel}","templated":true}]}}