{"id":1851525,"date":"2025-05-25T13:04:05","date_gmt":"2025-05-25T11:04:05","guid":{"rendered":"https:\/\/liquidmaster.pl\/cleantle-tire-pro-cleaner-500ml-srodek-do-czyszczenia-opon-i-elementow-gumowych\/"},"modified":"2026-04-19T03:36:27","modified_gmt":"2026-04-19T01:36:27","slug":"cleantle-tire-pro-cleaner-500ml-srodek-do-czyszczenia-opon-i-elementow-gumowych","status":"publish","type":"product","link":"https:\/\/liquidmaster.pl\/en\/cleantle-tire-pro-cleaner-500ml-srodek-do-czyszczenia-opon-i-elementow-gumowych\/","title":{"rendered":"Cleantle Tire Pro Cleaner 500ml \u2013 tire and rubber cleaning agent"},"content":{"rendered":"<\/p>\n<p>Tire Pro Cleaner is a product for effectively cleaning tires and rubber components. Its advanced formula, based on biosurfactants, deeply penetrates and cleans tires, removing dirt and tire dressing residue. Safe for rims, braking systems, and rubber components, including seals. It does not contain sodium hydroxide and is readily biodegradable.<\/p>\n<p>Product features:<\/p>\n<ul>\n<li>Highly effective in cleaning tires and rubber parts<\/li>\n<li>Removes tire dressing residue<\/li>\n<li>Based on biosurfactants<\/li>\n<li>Safe for cleaned surfaces<\/li>\n<li>Easily biodegradable<\/li>\n<\/ul>\n<p>Dilution:<\/p>\n<ul>\n<li>Concentrate \u2013 heavy soiling.<\/li>\n<li>1:1-1:3 \u2013 light and medium dirt.<\/li>\n<\/ul>\n<p>Usage:<\/p>\n<li>Apply the product to the tire.<\/li>\n<li>Spread with a brush or paintbrush.<\/li>\n<li>Leave the product on the tire for a few minutes to work effectively.<\/li>\n<li>Rinse thoroughly with water under pressure.<\/li>\n<li>Repeat the above steps as necessary.<\/li>\n<p>Caution! Do not apply to hot surfaces or in direct sunlight. Do not allow the product to dry on the surface.<\/p>\n<p>Attention:<br \/>\nCauses serious eye irritation. If medical advice is needed, have product container or label at hand. Keep out of reach of children. Wash hands and any affected areas thoroughly after use. Wear eye protection.<\/p>\n<p>Capacity 500 ml<\/p>","protected":false},"excerpt":{"rendered":"<p>Tire Pro Cleaner to produkt do skutecznego czyszczenia opon i element\u00f3w gumowych. Zaawansowana formu\u0142a oparta na biosurfaktantach g\u0142\u0119boko penetruje i czy\u015bci opony, usuwaj\u0105c zabrudzenia oraz pozosta\u0142o\u015bci po dressingach do opon. Bezpieczny dla felg, uk\u0142adu hamulcowego oraz element\u00f3w gumowych, w tym uszczelek. Nie zawiera wodorotlenku sodu. Produkt \u0142atwo biodegradowalny. Cechy produktu: Wysoce skuteczny w czyszczeniu opon&hellip;&nbsp;<a href=\"https:\/\/liquidmaster.pl\/en\/cleantle-tire-pro-cleaner-500ml-srodek-do-czyszczenia-opon-i-elementow-gumowych\/\" rel=\"bookmark\">Read More \u00bb<span class=\"screen-reader-text\">Cleantle Tire Pro Cleaner 500ml \u2013 tire and rubber cleaning agent<\/span><\/a><\/p>","protected":false},"featured_media":1851527,"comment_status":"open","ping_status":"open","template":"","meta":{"neve_meta_sidebar":"","neve_meta_container":"","neve_meta_enable_content_width":"","neve_meta_content_width":0,"neve_meta_title_alignment":"","neve_meta_author_avatar":"","neve_post_elements_order":"","neve_meta_disable_header":"","neve_meta_disable_footer":"","neve_meta_disable_title":"","_themeisle_gutenberg_block_has_review":false},"product_brand":[],"product_cat":[819,745,733],"product_tag":[280],"class_list":{"0":"post-1851525","1":"product","2":"type-product","3":"status-publish","4":"has-post-thumbnail","6":"product_cat-czyszczenie-opon-i-gumy","7":"product_cat-kola-i-opony","8":"product_cat-na-zewnatrz","9":"product_tag-cleantech-cleantle","11":"first","12":"instock","13":"taxable","14":"shipping-taxable","15":"purchasable","16":"product-type-simple"},"_links":{"self":[{"href":"https:\/\/liquidmaster.pl\/en\/wp-json\/wp\/v2\/product\/1851525","targetHints":{"allow":["GET"]}}],"collection":[{"href":"https:\/\/liquidmaster.pl\/en\/wp-json\/wp\/v2\/product"}],"about":[{"href":"https:\/\/liquidmaster.pl\/en\/wp-json\/wp\/v2\/types\/product"}],"replies":[{"embeddable":true,"href":"https:\/\/liquidmaster.pl\/en\/wp-json\/wp\/v2\/comments?post=1851525"}],"wp:featuredmedia":[{"embeddable":true,"href":"https:\/\/liquidmaster.pl\/en\/wp-json\/wp\/v2\/media\/1851527"}],"wp:attachment":[{"href":"https:\/\/liquidmaster.pl\/en\/wp-json\/wp\/v2\/media?parent=1851525"}],"wp:term":[{"taxonomy":"product_brand","embeddable":true,"href":"https:\/\/liquidmaster.pl\/en\/wp-json\/wp\/v2\/product_brand?post=1851525"},{"taxonomy":"product_cat","embeddable":true,"href":"https:\/\/liquidmaster.pl\/en\/wp-json\/wp\/v2\/product_cat?post=1851525"},{"taxonomy":"product_tag","embeddable":true,"href":"https:\/\/liquidmaster.pl\/en\/wp-json\/wp\/v2\/product_tag?post=1851525"}],"curies":[{"name":"wp","href":"https:\/\/api.w.org\/{rel}","templated":true}]}}