{"id":1851522,"date":"2025-05-25T13:02:39","date_gmt":"2025-05-25T11:02:39","guid":{"rendered":"https:\/\/liquidmaster.pl\/cleantle-interior-pro-cleaner-5l-wszechstronny-produkt-do-czyszczenia-wnetrza\/"},"modified":"2026-04-18T04:48:20","modified_gmt":"2026-04-18T02:48:20","slug":"cleantle-interior-pro-cleaner-5l-wszechstronny-produkt-do-czyszczenia-wnetrza","status":"publish","type":"product","link":"https:\/\/liquidmaster.pl\/en\/cleantle-interior-pro-cleaner-5l-wszechstronny-produkt-do-czyszczenia-wnetrza\/","title":{"rendered":"Cleantle Interior Pro Cleaner 5L \u2013 a versatile interior cleaning product"},"content":{"rendered":"<\/p>\n<p>Interior Pro Cleaner is an effective and safe product with versatile applications for cleaning vehicle interiors. Based on revolutionary biosurfactants, this product is highly effective while remaining safe for both the user and the surfaces being cleaned. It effectively removes stubborn dirt from plastic, vinyl, fabric, Alcantara, leather, and eco-leather upholstery. It leaves an antistatic coating, reducing dust accumulation in the car interior. It does not contain sodium hydroxide or solvents. The product is of natural origin and readily biodegradable in 98%.<\/p>\n<p>Product features:<\/p>\n<ul>\n<li>High cleaning power<\/li>\n<li>Safe for the cleaned surfaces and the user<\/li>\n<li>Based on biosurfactants<\/li>\n<li>Leaves an antistatic coating<\/li>\n<li>Easily biodegradable<\/li>\n<\/ul>\n<p>Dilution:<br \/>\nReady to use<\/p>\n<p>Usage:<\/p>\n<li>Spray the microfiber and then wipe the dirty element.<\/li>\n<li>For stubborn dirt, use a scrub pad, brush or brush.<\/li>\n<p>Afterwards, wipe with a microfiber cloth.<br \/>\nCaution! Do not apply the product to hot surfaces or in direct sunlight. Do not allow the product to dry.<\/p>\n<p>Attention:<br \/>\nCauses serious eye irritation. If medical advice is needed, have product container or label at hand. Keep out of reach of children. Wash hands and any affected areas thoroughly after use. Wear eye protection.<\/p>\n<p>Capacity 5 L<\/p>","protected":false},"excerpt":{"rendered":"<p>Interior Pro Cleaner to skuteczny i bezpieczny preparat o wszechstronnym zastosowaniu do czyszczenia wn\u0119trza pojazdu. Produkt oparty na rewolucyjnych biosurfaktantach cechuje si\u0119 bardzo wysok\u0105 moc\u0105, a jednocze\u015bnie jest bezpieczny dla u\u017cytkownika i czyszczonych powierzchni. Skutecznie usuwa uporczywe zabrudzenia z plastiku, winylu, tapicerki materia\u0142owej, alcantary czy tapicerki sk\u00f3rzanej i ekosk\u00f3ry. Pozostawia pow\u0142ok\u0119 antystatyczn\u0105, dzi\u0119ki kt\u00f3rej mniej&hellip;&nbsp;<a href=\"https:\/\/liquidmaster.pl\/en\/cleantle-interior-pro-cleaner-5l-wszechstronny-produkt-do-czyszczenia-wnetrza\/\" rel=\"bookmark\">Read More \u00bb<span class=\"screen-reader-text\">Cleantle Interior Pro Cleaner 5L \u2013 a versatile interior cleaning product<\/span><\/a><\/p>","protected":false},"featured_media":1851524,"comment_status":"open","ping_status":"open","template":"","meta":{"neve_meta_sidebar":"","neve_meta_container":"","neve_meta_enable_content_width":"","neve_meta_content_width":0,"neve_meta_title_alignment":"","neve_meta_author_avatar":"","neve_post_elements_order":"","neve_meta_disable_header":"","neve_meta_disable_footer":"","neve_meta_disable_title":"","_themeisle_gutenberg_block_has_review":false},"product_brand":[],"product_cat":[804,795,768],"product_tag":[280],"class_list":{"0":"post-1851522","1":"product","2":"type-product","3":"status-publish","4":"has-post-thumbnail","6":"product_cat-czyszczenie-plastikow-wewnetrznych","7":"product_cat-plastiki-wewnetrzne","8":"product_cat-wnetrze-auta","9":"product_tag-cleantech-cleantle","10":"pa_promocja-promocje","12":"first","13":"instock","14":"taxable","15":"shipping-taxable","16":"purchasable","17":"product-type-simple"},"_links":{"self":[{"href":"https:\/\/liquidmaster.pl\/en\/wp-json\/wp\/v2\/product\/1851522","targetHints":{"allow":["GET"]}}],"collection":[{"href":"https:\/\/liquidmaster.pl\/en\/wp-json\/wp\/v2\/product"}],"about":[{"href":"https:\/\/liquidmaster.pl\/en\/wp-json\/wp\/v2\/types\/product"}],"replies":[{"embeddable":true,"href":"https:\/\/liquidmaster.pl\/en\/wp-json\/wp\/v2\/comments?post=1851522"}],"wp:featuredmedia":[{"embeddable":true,"href":"https:\/\/liquidmaster.pl\/en\/wp-json\/wp\/v2\/media\/1851524"}],"wp:attachment":[{"href":"https:\/\/liquidmaster.pl\/en\/wp-json\/wp\/v2\/media?parent=1851522"}],"wp:term":[{"taxonomy":"product_brand","embeddable":true,"href":"https:\/\/liquidmaster.pl\/en\/wp-json\/wp\/v2\/product_brand?post=1851522"},{"taxonomy":"product_cat","embeddable":true,"href":"https:\/\/liquidmaster.pl\/en\/wp-json\/wp\/v2\/product_cat?post=1851522"},{"taxonomy":"product_tag","embeddable":true,"href":"https:\/\/liquidmaster.pl\/en\/wp-json\/wp\/v2\/product_tag?post=1851522"}],"curies":[{"name":"wp","href":"https:\/\/api.w.org\/{rel}","templated":true}]}}