{"id":1851513,"date":"2025-05-25T13:00:06","date_gmt":"2025-05-25T11:00:06","guid":{"rendered":"https:\/\/liquidmaster.pl\/aqua-drying-towel-50x80cm-1400gsm-recznik-do-osuszania-lakieru\/"},"modified":"2026-04-19T03:36:22","modified_gmt":"2026-04-19T01:36:22","slug":"aqua-drying-towel-50x80cm-1400gsm-recznik-do-osuszania-lakieru","status":"publish","type":"product","link":"https:\/\/liquidmaster.pl\/en\/aqua-drying-towel-50x80cm-1200gsm-recznik-do-osuszania-lakieru\/","title":{"rendered":"AQUA Drying Towel 50x80cm 1200gsm \u2013 towel for drying paintwork"},"content":{"rendered":"<p>Niezwykle ch\u0142onny r\u0119cznik do suszenia o gramaturze 1400 g, zaprojektowany z my\u015bl\u0105 o maksymalnej efektywno\u015bci i szybko\u015bci osuszania powierzchni. Stworzony do u\u017cytku przy piel\u0119gnacji samochod\u00f3w.<\/p>\n<ul>\n<li>Gramatura: 1200 g \u2013 wysoka gramatura zapewnia wyj\u0105tkow\u0105 ch\u0142onno\u015b\u0107, co skraca czas suszenia i zmniejsza liczb\u0119 przetar\u0107.<\/li>\n<li>Rozmiar: 50 cm x 80 cm \u2013 optymalne wymiary dla wygody u\u017cytkowania, zar\u00f3wno na ma\u0142ych, jak i wi\u0119kszych powierzchniach.<\/li>\n<li>Wyj\u0105tkowa ch\u0142onno\u015b\u0107: R\u0119cznik wch\u0142ania du\u017c\u0105 ilo\u015b\u0107 wody, co czyni go idealnym do osuszania du\u017cych powierzchni, takich jak karoserie samochod\u00f3w.<\/li>\n<li>Wielokrotnego u\u017cytku: R\u0119cznik nadaje si\u0119 do wielokrotnego u\u017cytku, mo\u017cna go pra\u0107 w pralce bez utraty jego w\u0142a\u015bciwo\u015bci ch\u0142onnych.<\/li>\n<li>Bezpieczny dla lakieru: Delikatny materia\u0142 nie niszczy lakieru ani innych delikatnych powierzchni.<\/li>\n<\/ul>\n<p>Perfekcyjny wyb\u00f3r dla profesjonalnych detailer\u00f3w oraz pasjonat\u00f3w dbaj\u0105cych o swoje pojazdy. Zapewnia skuteczno\u015b\u0107, trwa\u0142o\u015b\u0107 i wygod\u0119 u\u017cytkowania.<\/p>","protected":false},"excerpt":{"rendered":"<p>Niezwykle ch\u0142onny r\u0119cznik do suszenia o gramaturze 1400 g, zaprojektowany z my\u015bl\u0105 o maksymalnej efektywno\u015bci i szybko\u015bci osuszania powierzchni. Stworzony do u\u017cytku przy piel\u0119gnacji samochod\u00f3w. Gramatura: 1200 g \u2013 wysoka gramatura zapewnia wyj\u0105tkow\u0105 ch\u0142onno\u015b\u0107, co skraca czas suszenia i zmniejsza liczb\u0119 przetar\u0107. Rozmiar: 50 cm x 80 cm \u2013 optymalne wymiary dla wygody u\u017cytkowania, zar\u00f3wno&hellip;&nbsp;<a href=\"https:\/\/liquidmaster.pl\/en\/aqua-drying-towel-50x80cm-1200gsm-recznik-do-osuszania-lakieru\/\" rel=\"bookmark\">Read More \u00bb<span class=\"screen-reader-text\">AQUA Drying Towel 50x80cm 1200gsm \u2013 towel for drying paintwork<\/span><\/a><\/p>","protected":false},"featured_media":1851515,"comment_status":"open","ping_status":"open","template":"","meta":{"neve_meta_sidebar":"","neve_meta_container":"","neve_meta_enable_content_width":"","neve_meta_content_width":0,"neve_meta_title_alignment":"","neve_meta_author_avatar":"","neve_post_elements_order":"","neve_meta_disable_header":"","neve_meta_disable_footer":"","neve_meta_disable_title":"","_themeisle_gutenberg_block_has_review":false},"product_brand":[],"product_cat":[757,758,734,733,781],"product_tag":[598],"class_list":{"0":"post-1851513","1":"product","2":"type-product","3":"status-publish","4":"has-post-thumbnail","6":"product_cat-akcesoria","7":"product_cat-mikrofibry-i-reczniki","8":"product_cat-mycie-i-osuszanie","9":"product_cat-na-zewnatrz","10":"product_cat-reczniki-do-osuszania","11":"product_tag-aqua-car-cosmetics","13":"first","14":"outofstock","15":"taxable","16":"shipping-taxable","17":"purchasable","18":"product-type-simple"},"_links":{"self":[{"href":"https:\/\/liquidmaster.pl\/en\/wp-json\/wp\/v2\/product\/1851513","targetHints":{"allow":["GET"]}}],"collection":[{"href":"https:\/\/liquidmaster.pl\/en\/wp-json\/wp\/v2\/product"}],"about":[{"href":"https:\/\/liquidmaster.pl\/en\/wp-json\/wp\/v2\/types\/product"}],"replies":[{"embeddable":true,"href":"https:\/\/liquidmaster.pl\/en\/wp-json\/wp\/v2\/comments?post=1851513"}],"wp:featuredmedia":[{"embeddable":true,"href":"https:\/\/liquidmaster.pl\/en\/wp-json\/wp\/v2\/media\/1851515"}],"wp:attachment":[{"href":"https:\/\/liquidmaster.pl\/en\/wp-json\/wp\/v2\/media?parent=1851513"}],"wp:term":[{"taxonomy":"product_brand","embeddable":true,"href":"https:\/\/liquidmaster.pl\/en\/wp-json\/wp\/v2\/product_brand?post=1851513"},{"taxonomy":"product_cat","embeddable":true,"href":"https:\/\/liquidmaster.pl\/en\/wp-json\/wp\/v2\/product_cat?post=1851513"},{"taxonomy":"product_tag","embeddable":true,"href":"https:\/\/liquidmaster.pl\/en\/wp-json\/wp\/v2\/product_tag?post=1851513"}],"curies":[{"name":"wp","href":"https:\/\/api.w.org\/{rel}","templated":true}]}}