{"id":1851489,"date":"2025-05-25T12:50:41","date_gmt":"2025-05-25T10:50:41","guid":{"rendered":"https:\/\/liquidmaster.pl\/shinemate-bc182-dual-channel-rapid-charger-dwukanalowa-szybka-ladowarka\/"},"modified":"2026-04-18T04:48:09","modified_gmt":"2026-04-18T02:48:09","slug":"shinemate-bc182-dual-channel-rapid-charger-dwukanalowa-szybka-ladowarka","status":"publish","type":"product","link":"https:\/\/liquidmaster.pl\/en\/shinemate-bc182-dual-channel-rapid-charger-dwukanalowa-szybka-ladowarka\/","title":{"rendered":"ShineMate BC182 Dual-Channel Rapid Charger &#8211; Dwukana\u0142owa szybka \u0142adowarka"},"content":{"rendered":"<p>Szybka, dwukana\u0142owa \u0142adowarka do \u0142adowania dw\u00f3ch akumulator\u00f3w jednocze\u015bnie, bez potrzeby r\u0119cznej obs\u0142ugi.<\/p>\n<p>Zar\u00f3wno akumulator, jak i \u0142adowarka wyposa\u017cone s\u0105 w zintegrowany system AIRCOOL zapewniaj\u0105cy pe\u0142ne ch\u0142odzenie.<\/p>\n<ul>\n<li>Dwukana\u0142owa \u0142adowarka do 2 akumulator\u00f3w<\/li>\n<li>Wej\u015bcie: 100\u2013240 V AC<\/li>\n<li>Zintegrowana technologia AIRCOOL<\/li>\n<li>Pr\u0105d \u0142adowania do 6,5 A<\/li>\n<li>Zaawansowany uk\u0142ad sterowany przez MCU<\/li>\n<\/ul>","protected":false},"excerpt":{"rendered":"<p>Szybka, dwukana\u0142owa \u0142adowarka do \u0142adowania dw\u00f3ch akumulator\u00f3w jednocze\u015bnie, bez potrzeby r\u0119cznej obs\u0142ugi. Zar\u00f3wno akumulator, jak i \u0142adowarka wyposa\u017cone s\u0105 w zintegrowany system AIRCOOL zapewniaj\u0105cy pe\u0142ne ch\u0142odzenie. Dwukana\u0142owa \u0142adowarka do 2 akumulator\u00f3w Wej\u015bcie: 100\u2013240 V AC Zintegrowana technologia AIRCOOL Pr\u0105d \u0142adowania do 6,5 A Zaawansowany uk\u0142ad sterowany przez MCU<\/p>","protected":false},"featured_media":1851491,"comment_status":"open","ping_status":"open","template":"","meta":{"neve_meta_sidebar":"","neve_meta_container":"","neve_meta_enable_content_width":"","neve_meta_content_width":0,"neve_meta_title_alignment":"","neve_meta_author_avatar":"","neve_post_elements_order":"","neve_meta_disable_header":"","neve_meta_disable_footer":"","neve_meta_disable_title":"","_themeisle_gutenberg_block_has_review":false},"product_brand":[],"product_cat":[864,806,748],"product_tag":[359],"class_list":{"0":"post-1851489","1":"product","2":"type-product","3":"status-publish","4":"has-post-thumbnail","6":"product_cat-czesci-zamienne","7":"product_cat-maszyny-polerskie","8":"product_cat-polerowanie","9":"product_tag-shine-mate","11":"first","12":"outofstock","13":"taxable","14":"shipping-taxable","15":"purchasable","16":"product-type-simple"},"_links":{"self":[{"href":"https:\/\/liquidmaster.pl\/en\/wp-json\/wp\/v2\/product\/1851489","targetHints":{"allow":["GET"]}}],"collection":[{"href":"https:\/\/liquidmaster.pl\/en\/wp-json\/wp\/v2\/product"}],"about":[{"href":"https:\/\/liquidmaster.pl\/en\/wp-json\/wp\/v2\/types\/product"}],"replies":[{"embeddable":true,"href":"https:\/\/liquidmaster.pl\/en\/wp-json\/wp\/v2\/comments?post=1851489"}],"wp:featuredmedia":[{"embeddable":true,"href":"https:\/\/liquidmaster.pl\/en\/wp-json\/wp\/v2\/media\/1851491"}],"wp:attachment":[{"href":"https:\/\/liquidmaster.pl\/en\/wp-json\/wp\/v2\/media?parent=1851489"}],"wp:term":[{"taxonomy":"product_brand","embeddable":true,"href":"https:\/\/liquidmaster.pl\/en\/wp-json\/wp\/v2\/product_brand?post=1851489"},{"taxonomy":"product_cat","embeddable":true,"href":"https:\/\/liquidmaster.pl\/en\/wp-json\/wp\/v2\/product_cat?post=1851489"},{"taxonomy":"product_tag","embeddable":true,"href":"https:\/\/liquidmaster.pl\/en\/wp-json\/wp\/v2\/product_tag?post=1851489"}],"curies":[{"name":"wp","href":"https:\/\/api.w.org\/{rel}","templated":true}]}}