{"id":1851096,"date":"2025-05-18T07:28:45","date_gmt":"2025-05-18T05:28:45","guid":{"rendered":"https:\/\/liquidmaster.pl\/binder-premium-hydrophobic-wax-4l-hydrofobowy-wosk-w-plynie\/"},"modified":"2026-04-20T08:29:07","modified_gmt":"2026-04-20T06:29:07","slug":"binder-premium-hydrophobic-wax-4l-hydrofobowy-wosk-w-plynie","status":"publish","type":"product","link":"https:\/\/liquidmaster.pl\/en\/binder-premium-hydrophobic-wax-4l-hydrofobowy-wosk-w-plynie\/","title":{"rendered":"Binder Premium Hydrophobic Wax 4L \u2013 hydrophobic liquid wax"},"content":{"rendered":"<p>Binder Premium Hydrophobic Wax - a product for express protection of paintwork and other elements of the car, including windows. It contains about 3% SiO2. It gives the protected surface very good hydrophobic properties. It leaves the surface beautifully shiny, slippery and easier to maintain.<\/p>\n<p>Instruction:<\/p>\n<li>Shake before use.<\/li>\n<li>Apply on washed and dried varnish.<\/li>\n<li>Apply with an atomizer on a microfiber and spread on the surface.<\/li>\n<p>Tips and additional information:<\/p>\n<ul>\n<li>Use a small amount to avoid streaking.<\/li>\n<li>It can be used after each washing, with subsequent applications it gives better and better properties.<\/li>\n<li>Do not use in the sun or on hot surfaces.<\/li>\n<li>The preparation has a neutral pH and is safe for you and the environment.<\/li>\n<\/ul>\n<p>Capacity: 4L<\/p>","protected":false},"excerpt":{"rendered":"<p>Binder Premium Hydrophobic Wax \u2013 produkt do ekspresowego zabezpieczenia lakieru oraz pozosta\u0142ych element\u00f3w samochodu, w tym szyb. Zawiera oko\u0142o 3% SiO2. Nadaje zabezpieczanej powierzchni bardzo dobrych w\u0142a\u015bciwo\u015bci hydrofobowych. Pozostawia powierzchni\u0119 pi\u0119knie b\u0142yszcz\u0105c\u0105, \u015blisk\u0105 i \u0142atwiejsz\u0105 w bie\u017c\u0105cej piel\u0119gnacji. Instrukcja: Przed u\u017cyciem wstrz\u0105\u015bnij. Stosuj na umyty i osuszony lakier. Zaaplikuj za pomoc\u0105 atomizera na mikrofibr\u0119 i&hellip;&nbsp;<a href=\"https:\/\/liquidmaster.pl\/en\/binder-premium-hydrophobic-wax-4l-hydrofobowy-wosk-w-plynie\/\" rel=\"bookmark\">Read More \u00bb<span class=\"screen-reader-text\">Binder Premium Hydrophobic Wax 4L \u2013 hydrophobic liquid wax<\/span><\/a><\/p>","protected":false},"featured_media":1851098,"comment_status":"open","ping_status":"open","template":"","meta":{"neve_meta_sidebar":"","neve_meta_container":"","neve_meta_enable_content_width":"","neve_meta_content_width":0,"neve_meta_title_alignment":"","neve_meta_author_avatar":"","neve_post_elements_order":"","neve_meta_disable_header":"","neve_meta_disable_footer":"","neve_meta_disable_title":"","_themeisle_gutenberg_block_has_review":false},"product_brand":[],"product_cat":[733,766,788],"product_tag":[270],"class_list":{"0":"post-1851096","1":"product","2":"type-product","3":"status-publish","4":"has-post-thumbnail","6":"product_cat-na-zewnatrz","7":"product_cat-ochrona-lakieru","8":"product_cat-woski","9":"product_tag-binder","11":"first","12":"outofstock","13":"taxable","14":"shipping-taxable","15":"purchasable","16":"product-type-simple"},"_links":{"self":[{"href":"https:\/\/liquidmaster.pl\/en\/wp-json\/wp\/v2\/product\/1851096","targetHints":{"allow":["GET"]}}],"collection":[{"href":"https:\/\/liquidmaster.pl\/en\/wp-json\/wp\/v2\/product"}],"about":[{"href":"https:\/\/liquidmaster.pl\/en\/wp-json\/wp\/v2\/types\/product"}],"replies":[{"embeddable":true,"href":"https:\/\/liquidmaster.pl\/en\/wp-json\/wp\/v2\/comments?post=1851096"}],"wp:featuredmedia":[{"embeddable":true,"href":"https:\/\/liquidmaster.pl\/en\/wp-json\/wp\/v2\/media\/1851098"}],"wp:attachment":[{"href":"https:\/\/liquidmaster.pl\/en\/wp-json\/wp\/v2\/media?parent=1851096"}],"wp:term":[{"taxonomy":"product_brand","embeddable":true,"href":"https:\/\/liquidmaster.pl\/en\/wp-json\/wp\/v2\/product_brand?post=1851096"},{"taxonomy":"product_cat","embeddable":true,"href":"https:\/\/liquidmaster.pl\/en\/wp-json\/wp\/v2\/product_cat?post=1851096"},{"taxonomy":"product_tag","embeddable":true,"href":"https:\/\/liquidmaster.pl\/en\/wp-json\/wp\/v2\/product_tag?post=1851096"}],"curies":[{"name":"wp","href":"https:\/\/api.w.org\/{rel}","templated":true}]}}