{"id":1851093,"date":"2025-05-18T07:28:08","date_gmt":"2025-05-18T05:28:08","guid":{"rendered":"https:\/\/liquidmaster.pl\/detailing-house-magnetyczny-uchwyt-na-przewod-do-maszyny-polerskiej\/"},"modified":"2026-04-20T08:29:05","modified_gmt":"2026-04-20T06:29:05","slug":"detailing-house-magnetyczny-uchwyt-na-przewod-do-maszyny-polerskiej","status":"publish","type":"product","link":"https:\/\/liquidmaster.pl\/en\/mayors-badge-magnetyczny-uchwyt-na-przewod-do-maszyny-polerskiej\/","title":{"rendered":"Mayor\u2019s Badge Magnetyczny uchwyt na przew\u00f3d do maszyny polerskiej"},"content":{"rendered":"<p>Mayor\u2019s Badge \u2013 Magnetyczny uchwyt na kabel do maszyny polerskiej<\/p>\n<p>Mayor\u2019s Badge- to magnetyczny uchwyt na przew\u00f3d kt\u00f3ry u\u0142atwi prac\u0119 z maszyn\u0105 polersk\u0105 zar\u00f3wno profesjonalistom jak i amatorom.<\/p>\n<p>Bardzo proste w obs\u0142udze akcesorium wykonane w technologii druku 3D sk\u0142ada si\u0119 z dw\u00f3ch cz\u0119\u015bci kt\u00f3re \u0142\u0105cz\u0105 si\u0119 za pomoc\u0105 4 silnych magnes\u00f3w, \u017ceby zapewni\u0107 utrzymanie przewodu we w\u0142a\u015bciwym miejscu i zapobiec osuwaniu si\u0119 go z ramienia podczas pracy.<\/p>","protected":false},"excerpt":{"rendered":"<p>Mayor\u2019s Badge \u2013 Magnetyczny uchwyt na kabel do maszyny polerskiej Mayor\u2019s Badge- to magnetyczny uchwyt na przew\u00f3d kt\u00f3ry u\u0142atwi prac\u0119 z maszyn\u0105 polersk\u0105 zar\u00f3wno profesjonalistom jak i amatorom. Bardzo proste w obs\u0142udze akcesorium wykonane w technologii druku 3D sk\u0142ada si\u0119 z dw\u00f3ch cz\u0119\u015bci kt\u00f3re \u0142\u0105cz\u0105 si\u0119 za pomoc\u0105 4 silnych magnes\u00f3w, \u017ceby zapewni\u0107 utrzymanie przewodu&hellip;&nbsp;<a href=\"https:\/\/liquidmaster.pl\/en\/mayors-badge-magnetyczny-uchwyt-na-przewod-do-maszyny-polerskiej\/\" rel=\"bookmark\">Read More \u00bb<span class=\"screen-reader-text\">Mayor\u2019s Badge Magnetyczny uchwyt na przew\u00f3d do maszyny polerskiej<\/span><\/a><\/p>","protected":false},"featured_media":1851095,"comment_status":"open","ping_status":"open","template":"","meta":{"neve_meta_sidebar":"","neve_meta_container":"","neve_meta_enable_content_width":"","neve_meta_content_width":0,"neve_meta_title_alignment":"","neve_meta_author_avatar":"","neve_post_elements_order":"","neve_meta_disable_header":"","neve_meta_disable_footer":"","neve_meta_disable_title":"","_themeisle_gutenberg_block_has_review":false},"product_brand":[],"product_cat":[757,862,811],"product_tag":[286],"class_list":{"0":"post-1851093","1":"product","2":"type-product","3":"status-publish","4":"has-post-thumbnail","6":"product_cat-akcesoria","7":"product_cat-gadzety","8":"product_cat-pozostale-akcesoria","9":"product_tag-detailing-house","11":"first","12":"instock","13":"taxable","14":"shipping-taxable","15":"purchasable","16":"product-type-simple"},"_links":{"self":[{"href":"https:\/\/liquidmaster.pl\/en\/wp-json\/wp\/v2\/product\/1851093","targetHints":{"allow":["GET"]}}],"collection":[{"href":"https:\/\/liquidmaster.pl\/en\/wp-json\/wp\/v2\/product"}],"about":[{"href":"https:\/\/liquidmaster.pl\/en\/wp-json\/wp\/v2\/types\/product"}],"replies":[{"embeddable":true,"href":"https:\/\/liquidmaster.pl\/en\/wp-json\/wp\/v2\/comments?post=1851093"}],"wp:featuredmedia":[{"embeddable":true,"href":"https:\/\/liquidmaster.pl\/en\/wp-json\/wp\/v2\/media\/1851095"}],"wp:attachment":[{"href":"https:\/\/liquidmaster.pl\/en\/wp-json\/wp\/v2\/media?parent=1851093"}],"wp:term":[{"taxonomy":"product_brand","embeddable":true,"href":"https:\/\/liquidmaster.pl\/en\/wp-json\/wp\/v2\/product_brand?post=1851093"},{"taxonomy":"product_cat","embeddable":true,"href":"https:\/\/liquidmaster.pl\/en\/wp-json\/wp\/v2\/product_cat?post=1851093"},{"taxonomy":"product_tag","embeddable":true,"href":"https:\/\/liquidmaster.pl\/en\/wp-json\/wp\/v2\/product_tag?post=1851093"}],"curies":[{"name":"wp","href":"https:\/\/api.w.org\/{rel}","templated":true}]}}