{"id":1851090,"date":"2025-05-18T07:28:08","date_gmt":"2025-05-18T05:28:08","guid":{"rendered":"https:\/\/liquidmaster.pl\/blend-brothers-leather-set-soft-pelen-zestaw-do-delikatnego-czyszczenia-i-zabezpieczenia-skor-w-aucie\/"},"modified":"2026-04-18T04:48:07","modified_gmt":"2026-04-18T02:48:07","slug":"blend-brothers-leather-set-soft-pelen-zestaw-do-delikatnego-czyszczenia-i-zabezpieczenia-skor-w-aucie","status":"publish","type":"product","link":"https:\/\/liquidmaster.pl\/en\/blend-brothers-leather-set-soft-pelen-zestaw-do-delikatnego-czyszczenia-i-zabezpieczenia-skor-w-aucie\/","title":{"rendered":"Blend Brothers Leather SET Soft \u2013 A complete set for gentle cleaning and protection of car leather."},"content":{"rendered":"<p>Blend Brothers Leather Set Soft is a carefully composed set for regular and gentle care of car leather upholstery. It contains everything you need to take care of the cleanliness, nourishment and longevity of the leather in your car - safely and effectively. The whole thing is packed in an elegant, handy package that will work well for storage, transport, and as a tasteful gift for a car enthusiast.<\/p>\n<p>Kit Contents:<\/p>\n<li>Blend Brothers SOFTIE 500ml \u2013 a gentle but effective leather cleaner. Safe for all types of leather upholstery, removes dirt without damaging the leather structure.<\/li>\n<li>Blend Brothers CUDDLER 200ml \u2013 conditioner and protective coating for leather. Provides elasticity, softness and protection against drying, UV radiation and daily wear.<\/li>\n<li>Frisky \u2013 Scrub Pad \u2013 a soft pad for safe but effective upholstery cleaning.<\/li>\n<li>Blankie \u2013 universal microfibre \u2013 for spreading and rubbing in care products.<\/li>\n<li>Plushie \u2013 plush microfibre \u2013 perfect for final polishing and giving a perfect finish.<\/li>\n<p>Advantages of the set:<\/p>\n<ul>\n<li>Comprehensive skin care \u2013 cleansing + nourishing + protection,<\/li>\n<li>Safe for delicate skin and regular use,<\/li>\n<li>A perfect choice for lovers of aesthetics and details,<\/li>\n<li>A great gift idea \u2013 elegant and functional packaging.<\/li>\n<\/ul>","protected":false},"excerpt":{"rendered":"<p>Blend Brothers Leather Set Soft to starannie skomponowany zestaw do regularnej i \u0142agodnej piel\u0119gnacji sk\u00f3rzanej tapicerki samochodowej. Zawiera wszystko, czego potrzebujesz, by zadba\u0107 o czysto\u015b\u0107, od\u017cywienie i d\u0142ugowieczno\u015b\u0107 sk\u00f3ry w Twoim aucie \u2013 bezpiecznie i skutecznie. Ca\u0142o\u015b\u0107 zapakowana w eleganckie, por\u0119czne opakowanie, kt\u00f3re sprawdzi si\u0119 zar\u00f3wno do przechowywania, transportu, jak i jako gustowny prezent dla&hellip;&nbsp;<a href=\"https:\/\/liquidmaster.pl\/en\/blend-brothers-leather-set-soft-pelen-zestaw-do-delikatnego-czyszczenia-i-zabezpieczenia-skor-w-aucie\/\" rel=\"bookmark\">Read More \u00bb<span class=\"screen-reader-text\">Blend Brothers Leather SET Soft \u2013 A complete set for gentle cleaning and protection of car leather.<\/span><\/a><\/p>","protected":false},"featured_media":1851092,"comment_status":"open","ping_status":"open","template":"","meta":{"neve_meta_sidebar":"","neve_meta_container":"","neve_meta_enable_content_width":"","neve_meta_content_width":0,"neve_meta_title_alignment":"","neve_meta_author_avatar":"","neve_post_elements_order":"","neve_meta_disable_header":"","neve_meta_disable_footer":"","neve_meta_disable_title":"","_themeisle_gutenberg_block_has_review":false},"product_brand":[],"product_cat":[816,768,829],"product_tag":[936],"class_list":{"0":"post-1851090","1":"product","2":"type-product","3":"status-publish","4":"has-post-thumbnail","6":"product_cat-tapicerka-skorzana","7":"product_cat-wnetrze-auta","8":"product_cat-zestawy","9":"product_tag-blend-brothers","11":"first","12":"instock","13":"taxable","14":"shipping-taxable","15":"purchasable","16":"product-type-simple"},"_links":{"self":[{"href":"https:\/\/liquidmaster.pl\/en\/wp-json\/wp\/v2\/product\/1851090","targetHints":{"allow":["GET"]}}],"collection":[{"href":"https:\/\/liquidmaster.pl\/en\/wp-json\/wp\/v2\/product"}],"about":[{"href":"https:\/\/liquidmaster.pl\/en\/wp-json\/wp\/v2\/types\/product"}],"replies":[{"embeddable":true,"href":"https:\/\/liquidmaster.pl\/en\/wp-json\/wp\/v2\/comments?post=1851090"}],"wp:featuredmedia":[{"embeddable":true,"href":"https:\/\/liquidmaster.pl\/en\/wp-json\/wp\/v2\/media\/1851092"}],"wp:attachment":[{"href":"https:\/\/liquidmaster.pl\/en\/wp-json\/wp\/v2\/media?parent=1851090"}],"wp:term":[{"taxonomy":"product_brand","embeddable":true,"href":"https:\/\/liquidmaster.pl\/en\/wp-json\/wp\/v2\/product_brand?post=1851090"},{"taxonomy":"product_cat","embeddable":true,"href":"https:\/\/liquidmaster.pl\/en\/wp-json\/wp\/v2\/product_cat?post=1851090"},{"taxonomy":"product_tag","embeddable":true,"href":"https:\/\/liquidmaster.pl\/en\/wp-json\/wp\/v2\/product_tag?post=1851090"}],"curies":[{"name":"wp","href":"https:\/\/api.w.org\/{rel}","templated":true}]}}