{"id":1851084,"date":"2025-05-18T07:27:30","date_gmt":"2025-05-18T05:27:30","guid":{"rendered":"https:\/\/liquidmaster.pl\/blend-brothers-exterior-protect-set-zestaw-do-zabezpieczenia-lakieru-i-plastikow-zewnetrznych\/"},"modified":"2026-04-18T04:48:06","modified_gmt":"2026-04-18T02:48:06","slug":"blend-brothers-exterior-protect-set-zestaw-do-zabezpieczenia-lakieru-i-plastikow-zewnetrznych","status":"publish","type":"product","link":"https:\/\/liquidmaster.pl\/en\/blend-brothers-exterior-protect-set-zestaw-do-zabezpieczenia-lakieru-i-plastikow-zewnetrznych\/","title":{"rendered":"Blend Brothers Exterior Protect SET &#8211; Zestaw do zabezpieczenia lakieru i plastik\u00f3w zewn\u0119trznych"},"content":{"rendered":"<p>BLEND BROTHERS Exterior Protection Set to kompleksowy zestaw stworzony z my\u015bl\u0105 o skutecznej i szybkiej piel\u0119gnacji zewn\u0119trznych element\u00f3w Twojego samochodu. Dzi\u0119ki niemu zadbasz nie tylko o po\u0142ysk lakieru, ale tak\u017ce o trwa\u0142\u0105 ochron\u0119 plastik\u00f3w i gumy na zewn\u0105trz auta.<br \/>\nThe set includes:<\/p>\n<ul>\n<li>BLOOM \u2013 szybki i niezwykle \u0142atwy w u\u017cyciu quick detailer do lakieru. Doskonale usuwa lekkie zabrudzenia, przywraca po\u0142ysk oraz nadaje powierzchni efekt hydrofobowy. Idealny do stosowania po myciu auta, aby od\u015bwie\u017cy\u0107 wygl\u0105d i zapewni\u0107 kr\u00f3tkoterminow\u0105 ochron\u0119.<\/li>\n<li>VILLAIN \u2013 wysokiej klasy preparat do ochrony zewn\u0119trznych tworzyw sztucznych i gumy. Przywraca ich naturalny kolor, maskuje oznaki starzenia i chroni przed promieniowaniem UV oraz czynnikami atmosferycznymi.<\/li>\n<li>Plushie \u2013 uniwersalna mikrofibra<\/li>\n<li>Charmie \u2013 puszysta mikrofibra<\/li>\n<\/ul>\n<p>Advantages of the set:<\/p>\n<ul>\n<li>Kompleksowa ochrona lakieru i plastik\u00f3w w jednym zestawie,<\/li>\n<li>\u0141atwo\u015b\u0107 i szybko\u015b\u0107 aplikacji,<\/li>\n<li>Efekt od\u015bwie\u017cenia i pog\u0142\u0119bienia koloru,<\/li>\n<li>Ochrona przed promieniowaniem UV i osadzaniem si\u0119 brudu,<\/li>\n<li>Idealny do codziennej piel\u0119gnacji zewn\u0119trznych element\u00f3w samochodu.<\/li>\n<\/ul>","protected":false},"excerpt":{"rendered":"<p>BLEND BROTHERS Exterior Protection Set to kompleksowy zestaw stworzony z my\u015bl\u0105 o skutecznej i szybkiej piel\u0119gnacji zewn\u0119trznych element\u00f3w Twojego samochodu. Dzi\u0119ki niemu zadbasz nie tylko o po\u0142ysk lakieru, ale tak\u017ce o trwa\u0142\u0105 ochron\u0119 plastik\u00f3w i gumy na zewn\u0105trz auta. W sk\u0142ad zestawu wchodz\u0105: BLOOM \u2013 szybki i niezwykle \u0142atwy w u\u017cyciu quick detailer do lakieru.&hellip;&nbsp;<a href=\"https:\/\/liquidmaster.pl\/en\/blend-brothers-exterior-protect-set-zestaw-do-zabezpieczenia-lakieru-i-plastikow-zewnetrznych\/\" rel=\"bookmark\">Read More \u00bb<span class=\"screen-reader-text\">Blend Brothers Exterior Protect SET &#8211; Zestaw do zabezpieczenia lakieru i plastik\u00f3w zewn\u0119trznych<\/span><\/a><\/p>","protected":false},"featured_media":1851086,"comment_status":"open","ping_status":"open","template":"","meta":{"neve_meta_sidebar":"","neve_meta_container":"","neve_meta_enable_content_width":"","neve_meta_content_width":0,"neve_meta_title_alignment":"","neve_meta_author_avatar":"","neve_post_elements_order":"","neve_meta_disable_header":"","neve_meta_disable_footer":"","neve_meta_disable_title":"","_themeisle_gutenberg_block_has_review":false},"product_brand":[],"product_cat":[733,766,767],"product_tag":[936],"class_list":{"0":"post-1851084","1":"product","2":"type-product","3":"status-publish","4":"has-post-thumbnail","6":"product_cat-na-zewnatrz","7":"product_cat-ochrona-lakieru","8":"product_cat-quick-detailery","9":"product_tag-blend-brothers","11":"first","12":"instock","13":"taxable","14":"shipping-taxable","15":"purchasable","16":"product-type-simple"},"_links":{"self":[{"href":"https:\/\/liquidmaster.pl\/en\/wp-json\/wp\/v2\/product\/1851084","targetHints":{"allow":["GET"]}}],"collection":[{"href":"https:\/\/liquidmaster.pl\/en\/wp-json\/wp\/v2\/product"}],"about":[{"href":"https:\/\/liquidmaster.pl\/en\/wp-json\/wp\/v2\/types\/product"}],"replies":[{"embeddable":true,"href":"https:\/\/liquidmaster.pl\/en\/wp-json\/wp\/v2\/comments?post=1851084"}],"wp:featuredmedia":[{"embeddable":true,"href":"https:\/\/liquidmaster.pl\/en\/wp-json\/wp\/v2\/media\/1851086"}],"wp:attachment":[{"href":"https:\/\/liquidmaster.pl\/en\/wp-json\/wp\/v2\/media?parent=1851084"}],"wp:term":[{"taxonomy":"product_brand","embeddable":true,"href":"https:\/\/liquidmaster.pl\/en\/wp-json\/wp\/v2\/product_brand?post=1851084"},{"taxonomy":"product_cat","embeddable":true,"href":"https:\/\/liquidmaster.pl\/en\/wp-json\/wp\/v2\/product_cat?post=1851084"},{"taxonomy":"product_tag","embeddable":true,"href":"https:\/\/liquidmaster.pl\/en\/wp-json\/wp\/v2\/product_tag?post=1851084"}],"curies":[{"name":"wp","href":"https:\/\/api.w.org\/{rel}","templated":true}]}}