{"id":1842188,"date":"2025-05-16T08:16:05","date_gmt":"2025-05-16T06:16:05","guid":{"rendered":"https:\/\/liquidmaster.pl\/ulty-nano-prep-surface-cleaner-1l-odtluszczacz-do-lakieru\/"},"modified":"2026-04-18T04:41:50","modified_gmt":"2026-04-18T02:41:50","slug":"ulty-nano-prep-surface-cleaner-1l-odtluszczacz-do-lakieru","status":"publish","type":"product","link":"https:\/\/liquidmaster.pl\/en\/ulty-nano-prep-surface-cleaner-1l-odtluszczacz-do-lakieru\/","title":{"rendered":"Ulty Nano Prep Surface Cleaner 1L \u2013 Paint Degreaser"},"content":{"rendered":"<p>Prep to gotowy preparat do przygotowania powierzchni lakieru przed aplikacj\u0105 pow\u0142ok, wosk\u00f3w oraz folii. Pozostawia idealnie odt\u0142uszczon\u0105 powierzchni\u0119 bez zb\u0119dnych smug. Pomaga r\u00f3wnie\u017c podczas korekty lakieru do szczeg\u00f3\u0142owej inspekcji powierzchni.<\/p>\n<p>Opracowany w taki spos\u00f3b, aby zawiera\u0142 kompozycj\u0119 najlepszej jako\u015bci rozpuszczalnik\u00f3w i alkoholi.<\/p>\n<p>Usage:<\/p>\n<ul>\n<li>Rozpyl r\u00f3wn\u0105 mgie\u0142k\u0119 na czyst\u0105, such\u0105 mikrofibr\u0119.<\/li>\n<li>Przetrzyj opracowywan\u0105 powierzchni\u0119.<\/li>\n<li>Je\u015bli jest konieczno\u015b\u0107, u\u017cyj drugiej fibry do dotarcia.<\/li>\n<\/ul>\n<p>Note: Do not dilute or apply to a heated surface.<\/p>\n<p>Capacity: 1L<\/p>","protected":false},"excerpt":{"rendered":"<p>Prep to gotowy preparat do przygotowania powierzchni lakieru przed aplikacj\u0105 pow\u0142ok, wosk\u00f3w oraz folii. Pozostawia idealnie odt\u0142uszczon\u0105 powierzchni\u0119 bez zb\u0119dnych smug. Pomaga r\u00f3wnie\u017c podczas korekty lakieru do szczeg\u00f3\u0142owej inspekcji powierzchni. Opracowany w taki spos\u00f3b, aby zawiera\u0142 kompozycj\u0119 najlepszej jako\u015bci rozpuszczalnik\u00f3w i alkoholi. Spos\u00f3b u\u017cycia: Rozpyl r\u00f3wn\u0105 mgie\u0142k\u0119 na czyst\u0105, such\u0105 mikrofibr\u0119. Przetrzyj opracowywan\u0105 powierzchni\u0119. Je\u015bli&hellip;&nbsp;<a href=\"https:\/\/liquidmaster.pl\/en\/ulty-nano-prep-surface-cleaner-1l-odtluszczacz-do-lakieru\/\" rel=\"bookmark\">Read More \u00bb<span class=\"screen-reader-text\">Ulty Nano Prep Surface Cleaner 1L \u2013 Paint Degreaser<\/span><\/a><\/p>","protected":false},"featured_media":1850866,"comment_status":"open","ping_status":"open","template":"","meta":{"neve_meta_sidebar":"","neve_meta_container":"","neve_meta_enable_content_width":"","neve_meta_content_width":0,"neve_meta_title_alignment":"","neve_meta_author_avatar":"","neve_post_elements_order":"","neve_meta_disable_header":"","neve_meta_disable_footer":"","neve_meta_disable_title":"","_themeisle_gutenberg_block_has_review":false},"product_brand":[],"product_cat":[749,752,748],"product_tag":[944],"class_list":{"0":"post-1842188","1":"product","2":"type-product","3":"status-publish","4":"has-post-thumbnail","6":"product_cat-akcesoria-polerskie","7":"product_cat-inspekcja-lakieru-akcesoria-polerskie","8":"product_cat-polerowanie","9":"product_tag-ulty-nano","11":"first","12":"instock","13":"taxable","14":"shipping-taxable","15":"purchasable","16":"product-type-simple"},"_links":{"self":[{"href":"https:\/\/liquidmaster.pl\/en\/wp-json\/wp\/v2\/product\/1842188","targetHints":{"allow":["GET"]}}],"collection":[{"href":"https:\/\/liquidmaster.pl\/en\/wp-json\/wp\/v2\/product"}],"about":[{"href":"https:\/\/liquidmaster.pl\/en\/wp-json\/wp\/v2\/types\/product"}],"replies":[{"embeddable":true,"href":"https:\/\/liquidmaster.pl\/en\/wp-json\/wp\/v2\/comments?post=1842188"}],"wp:featuredmedia":[{"embeddable":true,"href":"https:\/\/liquidmaster.pl\/en\/wp-json\/wp\/v2\/media\/1850866"}],"wp:attachment":[{"href":"https:\/\/liquidmaster.pl\/en\/wp-json\/wp\/v2\/media?parent=1842188"}],"wp:term":[{"taxonomy":"product_brand","embeddable":true,"href":"https:\/\/liquidmaster.pl\/en\/wp-json\/wp\/v2\/product_brand?post=1842188"},{"taxonomy":"product_cat","embeddable":true,"href":"https:\/\/liquidmaster.pl\/en\/wp-json\/wp\/v2\/product_cat?post=1842188"},{"taxonomy":"product_tag","embeddable":true,"href":"https:\/\/liquidmaster.pl\/en\/wp-json\/wp\/v2\/product_tag?post=1842188"}],"curies":[{"name":"wp","href":"https:\/\/api.w.org\/{rel}","templated":true}]}}