{"id":1842186,"date":"2025-05-16T08:14:43","date_gmt":"2025-05-16T06:14:43","guid":{"rendered":"https:\/\/liquidmaster.pl\/ulty-nano-ppf-windshield-film-1mb-folia-ochronna-na-przednia-szybe\/"},"modified":"2026-04-18T04:41:50","modified_gmt":"2026-04-18T02:41:50","slug":"ulty-nano-ppf-windshield-film-1mb-folia-ochronna-na-przednia-szybe","status":"publish","type":"product","link":"https:\/\/liquidmaster.pl\/en\/ulty-nano-ppf-windshield-film-1mb-folia-ochronna-na-przednia-szybe\/","title":{"rendered":"Ulty Nano PPF Windshield Film 1mb \u2013 windshield protective film"},"content":{"rendered":"<p>Ulty-Nano Windshield Film is a breakthrough in windshield protection films, significantly increasing the durability of your car&#039;s windshield against stone chips, cracks and other unpleasant surprises you may encounter while driving.<\/p>\n<ul>\n<li>Resistant to stone impacts<\/li>\n<li>Cushioning without cracks<\/li>\n<li>Very good self-regeneration and hydrophobicity<\/li>\n<li>Shrink-free installation, TPU-based material<\/li>\n<\/ul>\n<p>Size<\/p>\n<p>Model: Nano Windshield Film<br \/>\nRoll width: 1220 mm<br \/>\nLength: 1000 mm<\/p>\n<p>Characteristics<\/p>\n<p>Material: TPU<br \/>\nSurface Finish: Transparent Gloss<br \/>\nThickness: 200 \u03bcm +\/- 10%<br \/>\nThickness of the top layer (Top Coat): 15 \u03bcm<br \/>\nBasic foil thickness: 160 \u03bcm<br \/>\nAdhesive layer thickness: 25 \u03bcm<br \/>\nLiner thickness: 75 \u03bcm<br \/>\nMaximum temperature: \u2a7e140\u00b0C<br \/>\nElongation at break: \u2a7e 150%<br \/>\nTop Coat Strength: 80 n\/cm<br \/>\nTensile strength: 300 kg\/cm<\/p>\n<p>Guarantee<\/p>\n<p>Warranty: 1 year<br \/>\nWarranty coverage: yellowing, cracking, blistering, delamination<\/p>\n<p>Price for: 1 meter<\/p>","protected":false},"excerpt":{"rendered":"<p>Ulty-Nano Windshield Film to prze\u0142om w foliach ochronnych na przedni\u0105 szyb\u0119, znacznie zwi\u0119kszaj\u0105cy wytrzyma\u0142o\u015b\u0107 przedniej szyby Twojego samochodu na odpryski od kamieni, p\u0119kni\u0119cia i inne nieprzyjemne niespodzianki, kt\u00f3re mo\u017cesz napotka\u0107 podczas jazdy. Odporny na uderzenia kamieni Amortyzacja bez p\u0119kni\u0119\u0107 Bardzo dobra samoregeneracja i hydrofobowo\u015b\u0107 Instalacja bez skurczu, tworzywo na bazie TPU Rozmiar Model: Nano Windshield&hellip;&nbsp;<a href=\"https:\/\/liquidmaster.pl\/en\/ulty-nano-ppf-windshield-film-1mb-folia-ochronna-na-przednia-szybe\/\" rel=\"bookmark\">Read More \u00bb<span class=\"screen-reader-text\">Ulty Nano PPF Windshield Film 1mb \u2013 windshield protective film<\/span><\/a><\/p>","protected":false},"featured_media":1850865,"comment_status":"open","ping_status":"open","template":"","meta":{"neve_meta_sidebar":"","neve_meta_container":"","neve_meta_enable_content_width":"","neve_meta_content_width":0,"neve_meta_title_alignment":"","neve_meta_author_avatar":"","neve_post_elements_order":"","neve_meta_disable_header":"","neve_meta_disable_footer":"","neve_meta_disable_title":"","_themeisle_gutenberg_block_has_review":false},"product_brand":[],"product_cat":[880,943,879],"product_tag":[944],"class_list":{"0":"post-1842186","1":"product","2":"type-product","3":"status-publish","4":"has-post-thumbnail","6":"product_cat-folie-samochodowe","7":"product_cat-ochronne-ppf","8":"product_cat-oklejanie","9":"product_tag-ulty-nano","11":"first","12":"instock","13":"taxable","14":"shipping-taxable","15":"purchasable","16":"product-type-simple"},"_links":{"self":[{"href":"https:\/\/liquidmaster.pl\/en\/wp-json\/wp\/v2\/product\/1842186","targetHints":{"allow":["GET"]}}],"collection":[{"href":"https:\/\/liquidmaster.pl\/en\/wp-json\/wp\/v2\/product"}],"about":[{"href":"https:\/\/liquidmaster.pl\/en\/wp-json\/wp\/v2\/types\/product"}],"replies":[{"embeddable":true,"href":"https:\/\/liquidmaster.pl\/en\/wp-json\/wp\/v2\/comments?post=1842186"}],"wp:featuredmedia":[{"embeddable":true,"href":"https:\/\/liquidmaster.pl\/en\/wp-json\/wp\/v2\/media\/1850865"}],"wp:attachment":[{"href":"https:\/\/liquidmaster.pl\/en\/wp-json\/wp\/v2\/media?parent=1842186"}],"wp:term":[{"taxonomy":"product_brand","embeddable":true,"href":"https:\/\/liquidmaster.pl\/en\/wp-json\/wp\/v2\/product_brand?post=1842186"},{"taxonomy":"product_cat","embeddable":true,"href":"https:\/\/liquidmaster.pl\/en\/wp-json\/wp\/v2\/product_cat?post=1842186"},{"taxonomy":"product_tag","embeddable":true,"href":"https:\/\/liquidmaster.pl\/en\/wp-json\/wp\/v2\/product_tag?post=1842186"}],"curies":[{"name":"wp","href":"https:\/\/api.w.org\/{rel}","templated":true}]}}