{"id":1842180,"date":"2025-05-16T08:14:05","date_gmt":"2025-05-16T06:14:05","guid":{"rendered":"https:\/\/liquidmaster.pl\/rooks-ok-03-3011-lampa-warsztatowa-pod-maske-2w1-30w-2300lm\/"},"modified":"2026-04-18T04:41:49","modified_gmt":"2026-04-18T02:41:49","slug":"rooks-ok-03-3011-lampa-warsztatowa-pod-maske-2w1-30w-2300lm","status":"publish","type":"product","link":"https:\/\/liquidmaster.pl\/en\/rooks-ok-033011-lampa-warsztatowa-pod-maske-2w1-30w-2300lm\/","title":{"rendered":"Rooks OK-03.3011 Lampa warsztatowa pod mask\u0119 2w1 30W 2300lm"},"content":{"rendered":"<p>Lampa pod mask\u0119 samochodow\u0105 o szeroko\u015bci 1,3-1,9 m, diody smd w mlecznej tubie, zmienny k\u0105t \u015bwiat\u0142a, bateria 7,4v, 4400 mah, alternatywnie zasilanie kablem 5 m 12 v, nat\u0119\u017cenie \u015bwiat\u0142a 2500 lum, moc 30w, wodoodporna ip54<\/p>","protected":false},"excerpt":{"rendered":"<p>Lampa pod mask\u0119 samochodow\u0105 o szeroko\u015bci 1,3-1,9 m, diody smd w mlecznej tubie, zmienny k\u0105t \u015bwiat\u0142a, bateria 7,4v, 4400 mah, alternatywnie zasilanie kablem 5 m 12 v, nat\u0119\u017cenie \u015bwiat\u0142a 2500 lum, moc 30w, wodoodporna ip54<\/p>","protected":false},"featured_media":1850862,"comment_status":"open","ping_status":"open","template":"","meta":{"neve_meta_sidebar":"","neve_meta_container":"","neve_meta_enable_content_width":"","neve_meta_content_width":0,"neve_meta_title_alignment":"","neve_meta_author_avatar":"","neve_post_elements_order":"","neve_meta_disable_header":"","neve_meta_disable_footer":"","neve_meta_disable_title":"","_themeisle_gutenberg_block_has_review":false},"product_brand":[],"product_cat":[749,827,748],"product_tag":[941],"class_list":{"0":"post-1842180","1":"product","2":"type-product","3":"status-publish","4":"has-post-thumbnail","6":"product_cat-akcesoria-polerskie","7":"product_cat-lampy-inspekcyjne","8":"product_cat-polerowanie","9":"product_tag-rooks","11":"first","12":"outofstock","13":"taxable","14":"shipping-taxable","15":"purchasable","16":"product-type-simple"},"_links":{"self":[{"href":"https:\/\/liquidmaster.pl\/en\/wp-json\/wp\/v2\/product\/1842180","targetHints":{"allow":["GET"]}}],"collection":[{"href":"https:\/\/liquidmaster.pl\/en\/wp-json\/wp\/v2\/product"}],"about":[{"href":"https:\/\/liquidmaster.pl\/en\/wp-json\/wp\/v2\/types\/product"}],"replies":[{"embeddable":true,"href":"https:\/\/liquidmaster.pl\/en\/wp-json\/wp\/v2\/comments?post=1842180"}],"wp:featuredmedia":[{"embeddable":true,"href":"https:\/\/liquidmaster.pl\/en\/wp-json\/wp\/v2\/media\/1850862"}],"wp:attachment":[{"href":"https:\/\/liquidmaster.pl\/en\/wp-json\/wp\/v2\/media?parent=1842180"}],"wp:term":[{"taxonomy":"product_brand","embeddable":true,"href":"https:\/\/liquidmaster.pl\/en\/wp-json\/wp\/v2\/product_brand?post=1842180"},{"taxonomy":"product_cat","embeddable":true,"href":"https:\/\/liquidmaster.pl\/en\/wp-json\/wp\/v2\/product_cat?post=1842180"},{"taxonomy":"product_tag","embeddable":true,"href":"https:\/\/liquidmaster.pl\/en\/wp-json\/wp\/v2\/product_tag?post=1842180"}],"curies":[{"name":"wp","href":"https:\/\/api.w.org\/{rel}","templated":true}]}}