{"id":1842178,"date":"2025-05-16T08:14:05","date_gmt":"2025-05-16T06:14:05","guid":{"rendered":"https:\/\/liquidmaster.pl\/rooks-ok-03-3017-lampa-czolowka-color-pro-z-sensorem-250-lm\/"},"modified":"2026-04-19T03:29:18","modified_gmt":"2026-04-19T01:29:18","slug":"rooks-ok-03-3017-lampa-czolowka-color-pro-z-sensorem-250-lm","status":"publish","type":"product","link":"https:\/\/liquidmaster.pl\/en\/rooks-ok-033017-lampa-czolowka-color-pro-z-sensorem-250-lm\/","title":{"rendered":"Rooks OK-03.3017 COLOR PRO headlamp with sensor 250 lm"},"content":{"rendered":"<p>An excellent headlamp with COB LEDs and the COLOR PRO system, ideal for painting and detailing work. The lamp features a potentiometer switch with smooth light intensity adjustment from 50-250 lm, and a 3W output. The built-in gesture switch uses a dual motion sensor, requiring a double hand movement within 10 cm of the lamp. The ROOKS lamp also features 4 lighting modes: cold light, mixed light, warm light, warning light, and flashing cold light. The lamp is powered by an internal 3.7V 1400 mAh lithium-ion battery, which is powered by an external USB charger. The battery has a long operating time, ranging from 3 to 12 hours depending on light intensity. The lamp is waterproof and IP67-rated, allowing operation in heavy rain. It is also shock-resistant and IK07-rated. The lamp tilts downwards in the range of 0-60\u02da and has a rubber strap with double silicone on the inside that holds the lamp in the correct position on the head, helmet or cap.<\/p>","protected":false},"excerpt":{"rendered":"<p>Doskona\u0142a lapa czo\u0142owa z diodami COB oraz systemem COLOR PRO, kt\u00f3ry idealnie sprawdza si\u0119 przy pracach lakierniczych i detailingowych. Lampa posiada w\u0142\u0105cznik z potencjometrem i p\u0142ynn\u0105 regulacj\u0105 nat\u0119\u017cenia \u015bwiat\u0142a 50-250 lm, jej moc to 3W. Wbudowany system wy\u0142\u0105czania gestem oparty jest na podw\u00f3jnym czujniku ruchu, kt\u00f3ry wymaga podw\u00f3jnego ruchu d\u0142oni\u0105 w odleg\u0142o\u015bci 10 cm od&hellip;&nbsp;<a href=\"https:\/\/liquidmaster.pl\/en\/rooks-ok-033017-lampa-czolowka-color-pro-z-sensorem-250-lm\/\" rel=\"bookmark\">Read More \u00bb<span class=\"screen-reader-text\">Rooks OK-03.3017 COLOR PRO headlamp with sensor 250 lm<\/span><\/a><\/p>","protected":false},"featured_media":1850861,"comment_status":"open","ping_status":"open","template":"","meta":{"neve_meta_sidebar":"","neve_meta_container":"","neve_meta_enable_content_width":"","neve_meta_content_width":0,"neve_meta_title_alignment":"","neve_meta_author_avatar":"","neve_post_elements_order":"","neve_meta_disable_header":"","neve_meta_disable_footer":"","neve_meta_disable_title":"","_themeisle_gutenberg_block_has_review":false},"product_brand":[],"product_cat":[749,827,748],"product_tag":[941],"class_list":{"0":"post-1842178","1":"product","2":"type-product","3":"status-publish","4":"has-post-thumbnail","6":"product_cat-akcesoria-polerskie","7":"product_cat-lampy-inspekcyjne","8":"product_cat-polerowanie","9":"product_tag-rooks","11":"first","12":"instock","13":"taxable","14":"shipping-taxable","15":"purchasable","16":"product-type-simple"},"_links":{"self":[{"href":"https:\/\/liquidmaster.pl\/en\/wp-json\/wp\/v2\/product\/1842178","targetHints":{"allow":["GET"]}}],"collection":[{"href":"https:\/\/liquidmaster.pl\/en\/wp-json\/wp\/v2\/product"}],"about":[{"href":"https:\/\/liquidmaster.pl\/en\/wp-json\/wp\/v2\/types\/product"}],"replies":[{"embeddable":true,"href":"https:\/\/liquidmaster.pl\/en\/wp-json\/wp\/v2\/comments?post=1842178"}],"wp:featuredmedia":[{"embeddable":true,"href":"https:\/\/liquidmaster.pl\/en\/wp-json\/wp\/v2\/media\/1850861"}],"wp:attachment":[{"href":"https:\/\/liquidmaster.pl\/en\/wp-json\/wp\/v2\/media?parent=1842178"}],"wp:term":[{"taxonomy":"product_brand","embeddable":true,"href":"https:\/\/liquidmaster.pl\/en\/wp-json\/wp\/v2\/product_brand?post=1842178"},{"taxonomy":"product_cat","embeddable":true,"href":"https:\/\/liquidmaster.pl\/en\/wp-json\/wp\/v2\/product_cat?post=1842178"},{"taxonomy":"product_tag","embeddable":true,"href":"https:\/\/liquidmaster.pl\/en\/wp-json\/wp\/v2\/product_tag?post=1842178"}],"curies":[{"name":"wp","href":"https:\/\/api.w.org\/{rel}","templated":true}]}}