{"id":1829888,"date":"2025-05-11T04:12:04","date_gmt":"2025-05-11T02:12:04","guid":{"rendered":"https:\/\/liquidmaster.pl\/troton-master-bumper-paint-czarny-500ml-lakier-strukturalny-do-zderzakow\/"},"modified":"2026-04-19T03:35:54","modified_gmt":"2026-04-19T01:35:54","slug":"troton-master-bumper-paint-czarny-500ml-lakier-strukturalny-do-zderzakow","status":"publish","type":"product","link":"https:\/\/liquidmaster.pl\/en\/troton-master-bumper-paint-czarny-500ml-lakier-strukturalny-do-zderzakow\/","title":{"rendered":"Troton Master Bumper Paint Black 500ml \u2013 Structural paint for bumpers"},"content":{"rendered":"<p>Czarny jednosk\u0142adnikowy lakier akrylowo-celulozowy do zderzak\u00f3w plastikowych to niezawodny i w pe\u0142ni profesjonalny produkt przeznaczony do lakierowania element\u00f3w samochodowych z tworzywa sztucznego. Z powodzeniem mo\u017cna u\u017cy\u0107 go do pokrywania: zderzak\u00f3w, listew, lusterek i innych tego typu element\u00f3w pojazdu, kt\u00f3re wymagaj\u0105 renowacji b\u0105d\u017a dodatkowego zabezpieczenia. Oferowany czarny lakier strukturalny charakteryzuje si\u0119 wyj\u0105tkowo kr\u00f3tkim czasem schni\u0119cia oraz bardzo dobr\u0105 przyczepno\u015bci\u0105, dlatego mo\u017ce by\u0107 natryskiwany bezpo\u015brednio na powierzchnie plastikowe, bez konieczno\u015bci stosowania podk\u0142adu. Ponadto nie narusza struktury zderzaka i jest odporny na zadrapania, uderzenia, dzia\u0142anie \u015brodk\u00f3w chemicznych oraz niekorzystne warunki atmosferyczne. Ten specjalistyczny czarny lakier strukturalny do zderzak\u00f3w plastikowych mo\u017ce by\u0107 wykorzystywany zar\u00f3wno w warsztatach samochodowych, jak i na indywidualny u\u017cytek, poniewa\u017c jest niezwykle prosty w aplikacji oraz wyr\u00f3\u017cnia si\u0119 wyj\u0105tkow\u0105 trwa\u0142o\u015bci\u0105, je\u015bli zostanie zgodnie ze sposobem u\u017cycia opisanym na etykiecie.<\/p>\n<p>Black colour<\/p>\n<p>Capacity: 500ml<\/p>","protected":false},"excerpt":{"rendered":"<p>Czarny jednosk\u0142adnikowy lakier akrylowo-celulozowy do zderzak\u00f3w plastikowych to niezawodny i w pe\u0142ni profesjonalny produkt przeznaczony do lakierowania element\u00f3w samochodowych z tworzywa sztucznego. Z powodzeniem mo\u017cna u\u017cy\u0107 go do pokrywania: zderzak\u00f3w, listew, lusterek i innych tego typu element\u00f3w pojazdu, kt\u00f3re wymagaj\u0105 renowacji b\u0105d\u017a dodatkowego zabezpieczenia. Oferowany czarny lakier strukturalny charakteryzuje si\u0119 wyj\u0105tkowo kr\u00f3tkim czasem schni\u0119cia oraz&hellip;&nbsp;<a href=\"https:\/\/liquidmaster.pl\/en\/troton-master-bumper-paint-czarny-500ml-lakier-strukturalny-do-zderzakow\/\" rel=\"bookmark\">Read More \u00bb<span class=\"screen-reader-text\">Troton Master Bumper Paint Black 500ml \u2013 Structural paint for bumpers<\/span><\/a><\/p>","protected":false},"featured_media":1851029,"comment_status":"open","ping_status":"open","template":"","meta":{"neve_meta_sidebar":"","neve_meta_container":"","neve_meta_enable_content_width":"","neve_meta_content_width":0,"neve_meta_title_alignment":"","neve_meta_author_avatar":"","neve_post_elements_order":"","neve_meta_disable_header":"","neve_meta_disable_footer":"","neve_meta_disable_title":"","_themeisle_gutenberg_block_has_review":false},"product_brand":[],"product_cat":[757,893,846],"product_tag":[345],"class_list":{"0":"post-1829888","1":"product","2":"type-product","3":"status-publish","4":"has-post-thumbnail","6":"product_cat-akcesoria","7":"product_cat-inne","8":"product_cat-reszta","9":"product_tag-pozostali","11":"first","12":"instock","13":"taxable","14":"shipping-taxable","15":"purchasable","16":"product-type-simple"},"_links":{"self":[{"href":"https:\/\/liquidmaster.pl\/en\/wp-json\/wp\/v2\/product\/1829888","targetHints":{"allow":["GET"]}}],"collection":[{"href":"https:\/\/liquidmaster.pl\/en\/wp-json\/wp\/v2\/product"}],"about":[{"href":"https:\/\/liquidmaster.pl\/en\/wp-json\/wp\/v2\/types\/product"}],"replies":[{"embeddable":true,"href":"https:\/\/liquidmaster.pl\/en\/wp-json\/wp\/v2\/comments?post=1829888"}],"wp:featuredmedia":[{"embeddable":true,"href":"https:\/\/liquidmaster.pl\/en\/wp-json\/wp\/v2\/media\/1851029"}],"wp:attachment":[{"href":"https:\/\/liquidmaster.pl\/en\/wp-json\/wp\/v2\/media?parent=1829888"}],"wp:term":[{"taxonomy":"product_brand","embeddable":true,"href":"https:\/\/liquidmaster.pl\/en\/wp-json\/wp\/v2\/product_brand?post=1829888"},{"taxonomy":"product_cat","embeddable":true,"href":"https:\/\/liquidmaster.pl\/en\/wp-json\/wp\/v2\/product_cat?post=1829888"},{"taxonomy":"product_tag","embeddable":true,"href":"https:\/\/liquidmaster.pl\/en\/wp-json\/wp\/v2\/product_tag?post=1829888"}],"curies":[{"name":"wp","href":"https:\/\/api.w.org\/{rel}","templated":true}]}}