{"id":1829882,"date":"2025-05-11T04:10:44","date_gmt":"2025-05-11T02:10:44","guid":{"rendered":"https:\/\/liquidmaster.pl\/shinemate-da-eb351-6-21-maszyna-dual-action-o-skoku-21mm\/"},"modified":"2026-04-18T04:47:52","modified_gmt":"2026-04-18T02:47:52","slug":"shinemate-da-eb351-6-21-maszyna-dual-action-o-skoku-21mm","status":"publish","type":"product","link":"https:\/\/liquidmaster.pl\/en\/shinemate-da-eb351-621-maszyna-dual-action-o-skoku-21mm\/","title":{"rendered":"ShineMate DA EB351-6\/21 &#8211; maszyna dual action o skoku 21mm"},"content":{"rendered":"<p>Polerka dual action EB351 zosta\u0142a profesjonalnie zaprojektowana i wyprodukowana do zastosowa\u0144 w polerowaniu samochodowym i przemys\u0142owym.<\/p>\n<ul>\n<li>Precyzyjny ekscentryczny wywa\u017cnik CNC: zapewnia wyj\u0105tkowo p\u0142ynn\u0105 prac\u0119 i minimalizuje drgania podczas polerowania<\/li>\n<li>Bezstopniowa regulacja pr\u0119dko\u015bci: umo\u017cliwia ustawienie maksymalnej pr\u0119dko\u015bci w zakresie 2000\u20135000 obr.\/min<\/li>\n<li>Progresywny przycisk: naci\u015bni\u0119cie spustu zwi\u0119ksza pr\u0119dko\u015b\u0107. Pr\u0119dko\u015b\u0107 mo\u017ce by\u0107 regulowana p\u0142ynnie od 1000 obr.\/min do wcze\u015bniej ustawionej warto\u015bci na pokr\u0119tle, co pozwala operatorowi na precyzyjne i swobodne sterowanie<\/li>\n<li>Mi\u0119kka os\u0142ona uchwytu: ergonomicznie ukszta\u0142towana z mi\u0119kkim uchwytem, maszyna zapewnia precyzyjn\u0105 kontrol\u0119, wygodne i pewne trzymanie, umo\u017cliwiaj\u0105c stabilne prowadzenie pod dowolnym k\u0105tem i w ka\u017cdej pozycji<\/li>\n<li>Pe\u0142nozakresowe sterowanie elektronik\u0105<\/li>\n<li>Sta\u0142a pr\u0119dko\u015b\u0107 obrotowa: ustawiona pr\u0119dko\u015b\u0107 jest utrzymywana dzi\u0119ki elektronicznemu sterowaniu, zapewniaj\u0105c jednolit\u0105 pr\u0119dko\u015b\u0107 polerowania nawet pod obci\u0105\u017ceniem<\/li>\n<li>P\u0142ynny start: elektronicznie kontrolowany mi\u0119kki start zwi\u0119ksza bezpiecze\u0144stwo, wyd\u0142u\u017ca \u017cywotno\u015b\u0107 spustu, silnika i przek\u0142adni, a tak\u017ce ogranicza rozpryski pasty polerskiej<\/li>\n<li>Ogranicznik przeci\u0105\u017cenia: ograniczenie pr\u0105du zapobiega nadmiernemu poborowi energii w przypadku ekstremalnego obci\u0105\u017cenia, co mog\u0142oby spowodowa\u0107 spadek pr\u0119dko\u015bci silnika. Silnik uruchamia si\u0119 ponownie po zwolnieniu i ponownym naci\u015bni\u0119ciu przycisku w\u0142\u0105cznika\/wy\u0142\u0105cznika<\/li>\n<\/ul>\n<p>Technical data:<\/p>\n<p>Pr\u0119dko\u015b\u0107: 2000\u20135000\/min<br \/>\nTalerz oporowy: 148 mm<br \/>\nStroke: 21 mm<br \/>\nNapi\u0119cie: 18 V DC<br \/>\nPad polerski: 148 mm<br \/>\nWaga: 2.10 kg<\/p>\n<p>Oferta dotyczy samej maszyny z talerzem. Akumulator oraz \u0142adowarka do dokupienia osobno!<\/p>","protected":false},"excerpt":{"rendered":"<p>Polerka dual action EB351 zosta\u0142a profesjonalnie zaprojektowana i wyprodukowana do zastosowa\u0144 w polerowaniu samochodowym i przemys\u0142owym. Precyzyjny ekscentryczny wywa\u017cnik CNC: zapewnia wyj\u0105tkowo p\u0142ynn\u0105 prac\u0119 i minimalizuje drgania podczas polerowania Bezstopniowa regulacja pr\u0119dko\u015bci: umo\u017cliwia ustawienie maksymalnej pr\u0119dko\u015bci w zakresie 2000\u20135000 obr.\/min Progresywny przycisk: naci\u015bni\u0119cie spustu zwi\u0119ksza pr\u0119dko\u015b\u0107. Pr\u0119dko\u015b\u0107 mo\u017ce by\u0107 regulowana p\u0142ynnie od 1000 obr.\/min do&hellip;&nbsp;<a href=\"https:\/\/liquidmaster.pl\/en\/shinemate-da-eb351-621-maszyna-dual-action-o-skoku-21mm\/\" rel=\"bookmark\">Read More \u00bb<span class=\"screen-reader-text\">ShineMate DA EB351-6\/21 &#8211; maszyna dual action o skoku 21mm<\/span><\/a><\/p>","protected":false},"featured_media":1851027,"comment_status":"open","ping_status":"open","template":"","meta":{"neve_meta_sidebar":"","neve_meta_container":"","neve_meta_enable_content_width":"","neve_meta_content_width":0,"neve_meta_title_alignment":"","neve_meta_author_avatar":"","neve_post_elements_order":"","neve_meta_disable_header":"","neve_meta_disable_footer":"","neve_meta_disable_title":"","_themeisle_gutenberg_block_has_review":false},"product_brand":[],"product_cat":[807,806,748],"product_tag":[359],"class_list":{"0":"post-1829882","1":"product","2":"type-product","3":"status-publish","4":"has-post-thumbnail","6":"product_cat-maszyny-dual-action","7":"product_cat-maszyny-polerskie","8":"product_cat-polerowanie","9":"product_tag-shine-mate","11":"first","12":"outofstock","13":"taxable","14":"shipping-taxable","15":"purchasable","16":"product-type-simple"},"_links":{"self":[{"href":"https:\/\/liquidmaster.pl\/en\/wp-json\/wp\/v2\/product\/1829882","targetHints":{"allow":["GET"]}}],"collection":[{"href":"https:\/\/liquidmaster.pl\/en\/wp-json\/wp\/v2\/product"}],"about":[{"href":"https:\/\/liquidmaster.pl\/en\/wp-json\/wp\/v2\/types\/product"}],"replies":[{"embeddable":true,"href":"https:\/\/liquidmaster.pl\/en\/wp-json\/wp\/v2\/comments?post=1829882"}],"wp:featuredmedia":[{"embeddable":true,"href":"https:\/\/liquidmaster.pl\/en\/wp-json\/wp\/v2\/media\/1851027"}],"wp:attachment":[{"href":"https:\/\/liquidmaster.pl\/en\/wp-json\/wp\/v2\/media?parent=1829882"}],"wp:term":[{"taxonomy":"product_brand","embeddable":true,"href":"https:\/\/liquidmaster.pl\/en\/wp-json\/wp\/v2\/product_brand?post=1829882"},{"taxonomy":"product_cat","embeddable":true,"href":"https:\/\/liquidmaster.pl\/en\/wp-json\/wp\/v2\/product_cat?post=1829882"},{"taxonomy":"product_tag","embeddable":true,"href":"https:\/\/liquidmaster.pl\/en\/wp-json\/wp\/v2\/product_tag?post=1829882"}],"curies":[{"name":"wp","href":"https:\/\/api.w.org\/{rel}","templated":true}]}}