{"id":1829879,"date":"2025-05-11T04:10:44","date_gmt":"2025-05-11T02:10:44","guid":{"rendered":"https:\/\/liquidmaster.pl\/shinemate-b1850a-li-ion-battery-akumulator-do-narzedzi-bezprzewodowych\/"},"modified":"2026-04-18T04:47:52","modified_gmt":"2026-04-18T02:47:52","slug":"shinemate-b1850a-li-ion-battery-akumulator-do-narzedzi-bezprzewodowych","status":"publish","type":"product","link":"https:\/\/liquidmaster.pl\/en\/shinemate-b1850a-li-ion-battery-akumulator-do-narzedzi-bezprzewodowych\/","title":{"rendered":"ShineMate B1850A Li-ion Battery \u2013 Cordless Tool Battery"},"content":{"rendered":"<p>Akumulator litowo-jonowy do urz\u0105dze\u0144 akumulatorowych Shine Mate.<\/p>\n<ul style=\"margin-bottom: 0px;\">\n<li>Wysokiej jako\u015bci ogniwa akumulatorowe<\/li>\n<\/ul>\n<ul>\n<li>Wysoka pojemno\u015b\u0107 zapewniaj\u0105ca d\u0142ugi czas pracy<\/li>\n<\/ul>\n<p>Technical data:<\/p>\n<p>Pojemno\u015b\u0107: 5.0 Ah \/ 90.0 Wh<br \/>\nNapi\u0119cie: 18 V DC<br \/>\nZabezpieczenie przed przeci\u0105\u017ceniem: Tak<br \/>\nWaga: 700 g<\/p>","protected":false},"excerpt":{"rendered":"<p>Akumulator litowo-jonowy do urz\u0105dze\u0144 akumulatorowych Shine Mate. Wysokiej jako\u015bci ogniwa akumulatorowe Wysoka pojemno\u015b\u0107 zapewniaj\u0105ca d\u0142ugi czas pracy Dane techniczne: Pojemno\u015b\u0107: 5.0 Ah \/ 90.0 Wh Napi\u0119cie: 18 V DC Zabezpieczenie przed przeci\u0105\u017ceniem: Tak Waga: 700 g<\/p>","protected":false},"featured_media":1851026,"comment_status":"open","ping_status":"open","template":"","meta":{"neve_meta_sidebar":"","neve_meta_container":"","neve_meta_enable_content_width":"","neve_meta_content_width":0,"neve_meta_title_alignment":"","neve_meta_author_avatar":"","neve_post_elements_order":"","neve_meta_disable_header":"","neve_meta_disable_footer":"","neve_meta_disable_title":"","_themeisle_gutenberg_block_has_review":false},"product_brand":[],"product_cat":[864,806,748],"product_tag":[359],"class_list":{"0":"post-1829879","1":"product","2":"type-product","3":"status-publish","4":"has-post-thumbnail","6":"product_cat-czesci-zamienne","7":"product_cat-maszyny-polerskie","8":"product_cat-polerowanie","9":"product_tag-shine-mate","11":"first","12":"instock","13":"taxable","14":"shipping-taxable","15":"purchasable","16":"product-type-simple"},"_links":{"self":[{"href":"https:\/\/liquidmaster.pl\/en\/wp-json\/wp\/v2\/product\/1829879","targetHints":{"allow":["GET"]}}],"collection":[{"href":"https:\/\/liquidmaster.pl\/en\/wp-json\/wp\/v2\/product"}],"about":[{"href":"https:\/\/liquidmaster.pl\/en\/wp-json\/wp\/v2\/types\/product"}],"replies":[{"embeddable":true,"href":"https:\/\/liquidmaster.pl\/en\/wp-json\/wp\/v2\/comments?post=1829879"}],"wp:featuredmedia":[{"embeddable":true,"href":"https:\/\/liquidmaster.pl\/en\/wp-json\/wp\/v2\/media\/1851026"}],"wp:attachment":[{"href":"https:\/\/liquidmaster.pl\/en\/wp-json\/wp\/v2\/media?parent=1829879"}],"wp:term":[{"taxonomy":"product_brand","embeddable":true,"href":"https:\/\/liquidmaster.pl\/en\/wp-json\/wp\/v2\/product_brand?post=1829879"},{"taxonomy":"product_cat","embeddable":true,"href":"https:\/\/liquidmaster.pl\/en\/wp-json\/wp\/v2\/product_cat?post=1829879"},{"taxonomy":"product_tag","embeddable":true,"href":"https:\/\/liquidmaster.pl\/en\/wp-json\/wp\/v2\/product_tag?post=1829879"}],"curies":[{"name":"wp","href":"https:\/\/api.w.org\/{rel}","templated":true}]}}