{"id":1829873,"date":"2025-05-11T04:10:07","date_gmt":"2025-05-11T02:10:07","guid":{"rendered":"https:\/\/liquidmaster.pl\/q1-premium-masking-tape-yellow-36mmx50m-tasma-maskujaca\/"},"modified":"2026-04-18T04:47:51","modified_gmt":"2026-04-18T02:47:51","slug":"q1-premium-masking-tape-yellow-36mmx50m-tasma-maskujaca","status":"publish","type":"product","link":"https:\/\/liquidmaster.pl\/en\/q1-premium-masking-tape-yellow-36mmx50m-tasma-maskujaca\/","title":{"rendered":"Q1 Premium Masking Tape Yellow 36mmx50m \u2013 masking tape"},"content":{"rendered":"<p>Q1\u00ae Premium Masking Tape zosta\u0142a zaprojektowana, aby zapewni\u0107 prac\u0119 oraz wydajno\u015b\u0107 w najbardziej wymagaj\u0105cych warunkach. Zaawansowana formu\u0142a kleju na bazie kauczuku zapewnia wysok\u0105 przyczepno\u015b\u0107 i mocne trzymanie bez pozostawiania \u015blad\u00f3w po usuni\u0119ciu ta\u015bmy z powierzchni. Ta\u015bma zosta\u0142a ulepszona o 3-dniow\u0105 odporno\u015b\u0107 na promieniowanie UV. Dzi\u0119ki wywa\u017conej konstrukcji ta\u015bma maskuj\u0105ca Q1\u00ae Premium zapewnia p\u0142ynne rozwijanie, \u0142atwe urywanie i precyzyjne dopasowanie, jednocze\u015bnie bardzo dobrze sprawdza si\u0119 w przypadku u\u017cycia \u201cta\u015bma na ta\u015bm\u0119\u201d. P\u00f3\u0142przezroczysty, \u017c\u00f3\u0142ty kolor zapewnia lepsze maskowanie i widoczno\u015b\u0107 zamaskowanych obszar\u00f3w.<\/p>\n<p>Features and benefits<\/p>\n<ul>\n<li>Dobrze dopasowuje si\u0119 do zakrzywionych i nieregularnych powierzchni<\/li>\n<li>Odporna na promieniowanie UV przez 3 dni<\/li>\n<li>Specjalna formu\u0142a kleju do czystego i \u0142atwego usuwania ta\u015bmy z powierzchni<\/li>\n<li>Cienki podk\u0142ad papierowy zaprojektowany, aby pozostawia\u0142 czyste i niskie kraw\u0119dzie lakieru oraz lepiej pracowa\u0142 na zakrzywionych powierzchniach<\/li>\n<li>Odporna na temperatur\u0119 do 110\u00b0C nawet przez 30 min<\/li>\n<li>Kompatybilna z lakierami rozpuszczalnikowymi i wodnymi<\/li>\n<\/ul>\n<p>Szeroko\u015b\u0107 36mm, d\u0142ugo\u015b\u0107 50m<\/p>\n<p>Cena za 1 szt.<\/p>","protected":false},"excerpt":{"rendered":"<p>Q1\u00ae Premium Masking Tape zosta\u0142a zaprojektowana, aby zapewni\u0107 prac\u0119 oraz wydajno\u015b\u0107 w najbardziej wymagaj\u0105cych warunkach. Zaawansowana formu\u0142a kleju na bazie kauczuku zapewnia wysok\u0105 przyczepno\u015b\u0107 i mocne trzymanie bez pozostawiania \u015blad\u00f3w po usuni\u0119ciu ta\u015bmy z powierzchni. Ta\u015bma zosta\u0142a ulepszona o 3-dniow\u0105 odporno\u015b\u0107 na promieniowanie UV. Dzi\u0119ki wywa\u017conej konstrukcji ta\u015bma maskuj\u0105ca Q1\u00ae Premium zapewnia p\u0142ynne rozwijanie, \u0142atwe&hellip;&nbsp;<a href=\"https:\/\/liquidmaster.pl\/en\/q1-premium-masking-tape-yellow-36mmx50m-tasma-maskujaca\/\" rel=\"bookmark\">Read More \u00bb<span class=\"screen-reader-text\">Q1 Premium Masking Tape Yellow 36mmx50m \u2013 masking tape<\/span><\/a><\/p>","protected":false},"featured_media":1851024,"comment_status":"open","ping_status":"open","template":"","meta":{"neve_meta_sidebar":"","neve_meta_container":"","neve_meta_enable_content_width":"","neve_meta_content_width":0,"neve_meta_title_alignment":"","neve_meta_author_avatar":"","neve_post_elements_order":"","neve_meta_disable_header":"","neve_meta_disable_footer":"","neve_meta_disable_title":"","_themeisle_gutenberg_block_has_review":false},"product_brand":[],"product_cat":[749,748,825],"product_tag":[],"class_list":{"0":"post-1829873","1":"product","2":"type-product","3":"status-publish","4":"has-post-thumbnail","6":"product_cat-akcesoria-polerskie","7":"product_cat-polerowanie","8":"product_cat-tasmy-maskujace","10":"first","11":"instock","12":"taxable","13":"shipping-taxable","14":"purchasable","15":"product-type-simple"},"_links":{"self":[{"href":"https:\/\/liquidmaster.pl\/en\/wp-json\/wp\/v2\/product\/1829873","targetHints":{"allow":["GET"]}}],"collection":[{"href":"https:\/\/liquidmaster.pl\/en\/wp-json\/wp\/v2\/product"}],"about":[{"href":"https:\/\/liquidmaster.pl\/en\/wp-json\/wp\/v2\/types\/product"}],"replies":[{"embeddable":true,"href":"https:\/\/liquidmaster.pl\/en\/wp-json\/wp\/v2\/comments?post=1829873"}],"wp:featuredmedia":[{"embeddable":true,"href":"https:\/\/liquidmaster.pl\/en\/wp-json\/wp\/v2\/media\/1851024"}],"wp:attachment":[{"href":"https:\/\/liquidmaster.pl\/en\/wp-json\/wp\/v2\/media?parent=1829873"}],"wp:term":[{"taxonomy":"product_brand","embeddable":true,"href":"https:\/\/liquidmaster.pl\/en\/wp-json\/wp\/v2\/product_brand?post=1829873"},{"taxonomy":"product_cat","embeddable":true,"href":"https:\/\/liquidmaster.pl\/en\/wp-json\/wp\/v2\/product_cat?post=1829873"},{"taxonomy":"product_tag","embeddable":true,"href":"https:\/\/liquidmaster.pl\/en\/wp-json\/wp\/v2\/product_tag?post=1829873"}],"curies":[{"name":"wp","href":"https:\/\/api.w.org\/{rel}","templated":true}]}}