{"id":1829133,"date":"2025-05-09T11:36:42","date_gmt":"2025-05-09T09:36:42","guid":{"rendered":"https:\/\/liquidmaster.pl\/rooks-ok-03-3021-lampa-czolowka-300-lm-eco-3xaaa\/"},"modified":"2026-04-18T04:41:48","modified_gmt":"2026-04-18T02:41:48","slug":"rooks-ok-03-3021-lampa-czolowka-300-lm-eco-3xaaa","status":"publish","type":"product","link":"https:\/\/liquidmaster.pl\/en\/rooks-ok-033021-lampa-czolowka-300-lm-eco-3xaaa\/","title":{"rendered":"Rooks OK-03.3021 Headlamp 300 lm ECO 3xAAA"},"content":{"rendered":"<p>Doskona\u0142a lampa czo\u0142owa, czo\u0142\u00f3wka z zasilaniem bateryjnym, 3 x baterie AAA.<\/p>\n<p>Lampa wyposa\u017cona w doskona\u0142e i wydajne diody COB oraz dwie soczewki: ze \u015bwiat\u0142em rozproszonym oraz skupionym. Lampa posiada szczelny w\u0142\u0105cznik oraz prze\u0142\u0105cznik trybu \u015bwiat\u0142a. Moc \u015bwietlna to a\u017c 300 lumen\u00f3w, kt\u00f3ra jest wystarczaj\u0105ca do pracy oraz do zastosowa\u0144 turystycznych i rekreacyjnych. \u00a0<\/p>\n<p>Lampa czo\u0142owa ROOKS umo\u017cliwia nieprzerwan\u0105 od 2,5 godzin do nawet 35 godzin z najmniejszym nat\u0119\u017ceniem (20 lum). \u00a0<\/p>\n<p>Lampa ROOKS posiada ochron\u0119 IP65, IK07 oraz mas\u0119 85g. w przypadku wyczerpania baterii, \u0142atwo je wymienisz na wszystkie baterie typu AAA, dost\u0119pne na rynku.<\/p>\n<p>Technical data<\/p>\n<tr class=\"odd\">\n\t\t\tGuarantee<br \/>\n\t\t\t24 months<br \/>\n\t\t<\/tr>\n<tr class=\"even\">\n\t\t\tMass<br \/>\n\t\t\t82g<br \/>\n\t\t<\/tr>\n<tr class=\"odd\">\n\t\t\tThermal color<br \/>\n\t\t\t6500K<br \/>\n\t\t<\/tr>\n<tr class=\"even\">\n\t\t\tZasilanie<br \/>\n\t\t\t3xAAA<br \/>\n\t\t<\/tr>\n<tr class=\"odd\">\n\t\t\tNat\u0119\u017cenie \u015bwiat\u0142a punktowe<br \/>\n\t\t\t240 lm<br \/>\n\t\t<\/tr>\n<tr class=\"even\">\n\t\t\tNat\u0119\u017cenie \u015bwiat\u0142a rozproszone<br \/>\n\t\t\t20 &#8211; 150 &#8211; 300 lm<br \/>\n\t\t<\/tr>\n<tr class=\"odd\">\n\t\t\tSecurity<br \/>\n\t\t\tIP 65\/ IK 07<br \/>\n\t\t<\/tr>\n<tr class=\"even\">\n\t\t\tCzas pracy &#8211; punktowe<br \/>\n\t\t\t5,5 h<br \/>\n\t\t<\/tr>\n<tr class=\"odd\">\n\t\t\tCzas pracy &#8211; rozproszone<br \/>\n\t\t\t35 &#8211; 5 &#8211; 2,5 h<br \/>\n\t\t<\/tr>\n<tr class=\"even\">\n\t\t\tTemperatura pracy<br \/>\n\t\t\t-10C &#8211; 40C<br \/>\n\t\t<\/tr>","protected":false},"excerpt":{"rendered":"<p>Doskona\u0142a lampa czo\u0142owa, czo\u0142\u00f3wka z zasilaniem bateryjnym, 3 x baterie AAA. Lampa wyposa\u017cona w doskona\u0142e i wydajne diody COB oraz dwie soczewki: ze \u015bwiat\u0142em rozproszonym oraz skupionym. Lampa posiada szczelny w\u0142\u0105cznik oraz prze\u0142\u0105cznik trybu \u015bwiat\u0142a. Moc \u015bwietlna to a\u017c 300 lumen\u00f3w, kt\u00f3ra jest wystarczaj\u0105ca do pracy oraz do zastosowa\u0144 turystycznych i rekreacyjnych. \u00a0 Lampa czo\u0142owa&hellip;&nbsp;<a href=\"https:\/\/liquidmaster.pl\/en\/rooks-ok-033021-lampa-czolowka-300-lm-eco-3xaaa\/\" rel=\"bookmark\">Read More \u00bb<span class=\"screen-reader-text\">Rooks OK-03.3021 Headlamp 300 lm ECO 3xAAA<\/span><\/a><\/p>","protected":false},"featured_media":1850860,"comment_status":"open","ping_status":"open","template":"","meta":{"neve_meta_sidebar":"","neve_meta_container":"","neve_meta_enable_content_width":"","neve_meta_content_width":0,"neve_meta_title_alignment":"","neve_meta_author_avatar":"","neve_post_elements_order":"","neve_meta_disable_header":"","neve_meta_disable_footer":"","neve_meta_disable_title":"","_themeisle_gutenberg_block_has_review":false},"product_brand":[],"product_cat":[749,827,748],"product_tag":[941],"class_list":{"0":"post-1829133","1":"product","2":"type-product","3":"status-publish","4":"has-post-thumbnail","6":"product_cat-akcesoria-polerskie","7":"product_cat-lampy-inspekcyjne","8":"product_cat-polerowanie","9":"product_tag-rooks","11":"first","12":"instock","13":"taxable","14":"shipping-taxable","15":"purchasable","16":"product-type-simple"},"_links":{"self":[{"href":"https:\/\/liquidmaster.pl\/en\/wp-json\/wp\/v2\/product\/1829133","targetHints":{"allow":["GET"]}}],"collection":[{"href":"https:\/\/liquidmaster.pl\/en\/wp-json\/wp\/v2\/product"}],"about":[{"href":"https:\/\/liquidmaster.pl\/en\/wp-json\/wp\/v2\/types\/product"}],"replies":[{"embeddable":true,"href":"https:\/\/liquidmaster.pl\/en\/wp-json\/wp\/v2\/comments?post=1829133"}],"wp:featuredmedia":[{"embeddable":true,"href":"https:\/\/liquidmaster.pl\/en\/wp-json\/wp\/v2\/media\/1850860"}],"wp:attachment":[{"href":"https:\/\/liquidmaster.pl\/en\/wp-json\/wp\/v2\/media?parent=1829133"}],"wp:term":[{"taxonomy":"product_brand","embeddable":true,"href":"https:\/\/liquidmaster.pl\/en\/wp-json\/wp\/v2\/product_brand?post=1829133"},{"taxonomy":"product_cat","embeddable":true,"href":"https:\/\/liquidmaster.pl\/en\/wp-json\/wp\/v2\/product_cat?post=1829133"},{"taxonomy":"product_tag","embeddable":true,"href":"https:\/\/liquidmaster.pl\/en\/wp-json\/wp\/v2\/product_tag?post=1829133"}],"curies":[{"name":"wp","href":"https:\/\/api.w.org\/{rel}","templated":true}]}}