{"id":1829131,"date":"2025-05-09T11:36:05","date_gmt":"2025-05-09T09:36:05","guid":{"rendered":"https:\/\/liquidmaster.pl\/rooks-ok-03-3000-lampa-czolowka-z-sensorem-300-lm\/"},"modified":"2026-04-19T03:29:17","modified_gmt":"2026-04-19T01:29:17","slug":"rooks-ok-03-3000-lampa-czolowka-z-sensorem-300-lm","status":"publish","type":"product","link":"https:\/\/liquidmaster.pl\/en\/rooks-ok-033000-lampa-czolowka-z-sensorem-300-lm\/","title":{"rendered":"Rooks OK-03.3000 Headlamp with sensor 300 lm"},"content":{"rendered":"<p>Lampa czo\u0142\u00f3wka z ultrawydajn\u0105 diod\u0105 COB oraz w\u0142\u0105cznikiem na czujnik ruchu. Takie rozwi\u0105zanie u\u0142atwia prac\u0119, poniewa\u017c mo\u017cesz uruchomi\u0107 lamp\u0119 jednym ruchem r\u0119ki w odleg\u0142o\u015bci do 10 cm od lampy. Lampa ROOKS ma wydajne \u015bwiat\u0142o o nat\u0119\u017ceniu a\u017c 300 lumen\u00f3w, posiada 2 stopnie \u015bwiecenia (50 i 100%) oraz regulowany k\u0105t 0-60&#8242;.<\/p>\n<p>Czas \u015bwiecenia wynosi 2,5-5 godzin, lampa wyposa\u017cona jest w wewn\u0119trzny akumulator 3,7 V 1500 mAh, \u0142adowany z zewn\u0119trznej \u0142adowarki USB (od 0,5 do max. 3 A). Lampa posiada pe\u0142n\u0105 wodo i py\u0142o-szczelno\u015b\u0107\u00a0 IP67 oraz wysok\u0105 klas\u0119 odporno\u015bci na uderzenia i upadki IK07.<\/p>\n<p>Technical data<\/p>\n<tr class=\"odd\">\n\t\t\tGuarantee<br \/>\n\t\t\t24 months<br \/>\n\t\t<\/tr>\n<tr class=\"even\">\n\t\t\tLight intensity<br \/>\n\t\t\t100\/ 300 lum<br \/>\n\t\t<\/tr>\n<tr class=\"odd\">\n\t\t\tConstruction<br \/>\n\t\t\tSensor Lamp<br \/>\n\t\t<\/tr>\n<tr class=\"even\">\n\t\t\tThermal color<br \/>\n\t\t\t6500 K<br \/>\n\t\t<\/tr>\n<tr class=\"odd\">\n\t\t\tSecurity<br \/>\n\t\t\tIP65 IK07<br \/>\n\t\t<\/tr>\n<tr class=\"even\">\n\t\t\tCharging time<br \/>\n\t\t\t2,5 h<br \/>\n\t\t<\/tr>\n<tr class=\"odd\">\n\t\t\tWorking time<br \/>\n\t\t\t2 &#8211; 6 h<br \/>\n\t\t<\/tr>\n<tr class=\"even\">\n\t\t\tBattery<br \/>\n\t\t\tLi-ion 3,7V 1600 mAh<br \/>\n\t\t<\/tr>\n<tr class=\"odd\">\n\t\t\tCharging type<br \/>\n\t\t\tDC 5V 1A<br \/>\n\t\t<\/tr>","protected":false},"excerpt":{"rendered":"<p>Lampa czo\u0142\u00f3wka z ultrawydajn\u0105 diod\u0105 COB oraz w\u0142\u0105cznikiem na czujnik ruchu. Takie rozwi\u0105zanie u\u0142atwia prac\u0119, poniewa\u017c mo\u017cesz uruchomi\u0107 lamp\u0119 jednym ruchem r\u0119ki w odleg\u0142o\u015bci do 10 cm od lampy. Lampa ROOKS ma wydajne \u015bwiat\u0142o o nat\u0119\u017ceniu a\u017c 300 lumen\u00f3w, posiada 2 stopnie \u015bwiecenia (50 i 100%) oraz regulowany k\u0105t 0-60&#8242;. Czas \u015bwiecenia wynosi 2,5-5 godzin,&hellip;&nbsp;<a href=\"https:\/\/liquidmaster.pl\/en\/rooks-ok-033000-lampa-czolowka-z-sensorem-300-lm\/\" rel=\"bookmark\">Read More \u00bb<span class=\"screen-reader-text\">Rooks OK-03.3000 Headlamp with sensor 300 lm<\/span><\/a><\/p>","protected":false},"featured_media":1850859,"comment_status":"open","ping_status":"open","template":"","meta":{"neve_meta_sidebar":"","neve_meta_container":"","neve_meta_enable_content_width":"","neve_meta_content_width":0,"neve_meta_title_alignment":"","neve_meta_author_avatar":"","neve_post_elements_order":"","neve_meta_disable_header":"","neve_meta_disable_footer":"","neve_meta_disable_title":"","_themeisle_gutenberg_block_has_review":false},"product_brand":[],"product_cat":[749,827,748],"product_tag":[941],"class_list":{"0":"post-1829131","1":"product","2":"type-product","3":"status-publish","4":"has-post-thumbnail","6":"product_cat-akcesoria-polerskie","7":"product_cat-lampy-inspekcyjne","8":"product_cat-polerowanie","9":"product_tag-rooks","11":"first","12":"instock","13":"taxable","14":"shipping-taxable","15":"purchasable","16":"product-type-simple"},"_links":{"self":[{"href":"https:\/\/liquidmaster.pl\/en\/wp-json\/wp\/v2\/product\/1829131","targetHints":{"allow":["GET"]}}],"collection":[{"href":"https:\/\/liquidmaster.pl\/en\/wp-json\/wp\/v2\/product"}],"about":[{"href":"https:\/\/liquidmaster.pl\/en\/wp-json\/wp\/v2\/types\/product"}],"replies":[{"embeddable":true,"href":"https:\/\/liquidmaster.pl\/en\/wp-json\/wp\/v2\/comments?post=1829131"}],"wp:featuredmedia":[{"embeddable":true,"href":"https:\/\/liquidmaster.pl\/en\/wp-json\/wp\/v2\/media\/1850859"}],"wp:attachment":[{"href":"https:\/\/liquidmaster.pl\/en\/wp-json\/wp\/v2\/media?parent=1829131"}],"wp:term":[{"taxonomy":"product_brand","embeddable":true,"href":"https:\/\/liquidmaster.pl\/en\/wp-json\/wp\/v2\/product_brand?post=1829131"},{"taxonomy":"product_cat","embeddable":true,"href":"https:\/\/liquidmaster.pl\/en\/wp-json\/wp\/v2\/product_cat?post=1829131"},{"taxonomy":"product_tag","embeddable":true,"href":"https:\/\/liquidmaster.pl\/en\/wp-json\/wp\/v2\/product_tag?post=1829131"}],"curies":[{"name":"wp","href":"https:\/\/api.w.org\/{rel}","templated":true}]}}