{"id":1829129,"date":"2025-05-09T11:36:05","date_gmt":"2025-05-09T09:36:05","guid":{"rendered":"https:\/\/liquidmaster.pl\/gyeon-q2m-clay-coarse-evo\/"},"modified":"2026-04-18T04:41:47","modified_gmt":"2026-04-18T02:41:47","slug":"gyeon-q2m-clay-coarse-evo","status":"publish","type":"product","link":"https:\/\/liquidmaster.pl\/en\/gyeon-q2m-clay-coarse-evo\/","title":{"rendered":"GYEON Q2M Clay Coarse EVO"},"content":{"rendered":"<p>Tradycyjna glinka pozostaje najskuteczniejszym rozwi\u0105zaniem w detailingu w zakresie usuwania ci\u0119\u017ckich, silnie zespolonych z lakierem zabrudze\u0144. Gyeon prezentuje dwa rodzaje glinki o r\u00f3\u017cnej sile usuwania zanieczyszcze\u0144 \u2013 Q\u00b2M Clay Coarse dla silnie zanieczyszczonych powierzchni i Q\u00b2M Clay Coarse dla regularnej piel\u0119gnacji. Obie glinki Gyeon s\u0105 wybitnie odporne na chemi\u0119, dzi\u0119ki czemu mog\u0105 by\u0107 u\u017cywane z Q\u00b2M Iron i Q\u00b2M Tar jak r\u00f3wnie\u017c z naszym skoncentrowanym Q\u00b2M ClayLube.<\/p>\n<p>Q\u00b2M Clay Coarse to najszybszy spos\u00f3b na usuni\u0119cie silnych zanieczyszcze\u0144 lakieru, takich jak smo\u0142a, osady organiczne, przemys\u0142owe czy odkurz lakierniczy. Zalecana do pracy z lakierem przed korekt\u0105, poniewa\u017c mo\u017ce pozostawi\u0107 drobne niedoskona\u0142o\u015bci. Zaprojektowana dla zaawansowanych entuzjast\u00f3w i profesjonalist\u00f3w.<\/p>","protected":false},"excerpt":{"rendered":"<p>Tradycyjna glinka pozostaje najskuteczniejszym rozwi\u0105zaniem w detailingu w zakresie usuwania ci\u0119\u017ckich, silnie zespolonych z lakierem zabrudze\u0144. Gyeon prezentuje dwa rodzaje glinki o r\u00f3\u017cnej sile usuwania zanieczyszcze\u0144 \u2013 Q\u00b2M Clay Coarse dla silnie zanieczyszczonych powierzchni i Q\u00b2M Clay Coarse dla regularnej piel\u0119gnacji. Obie glinki Gyeon s\u0105 wybitnie odporne na chemi\u0119, dzi\u0119ki czemu mog\u0105 by\u0107 u\u017cywane z&hellip;&nbsp;<a href=\"https:\/\/liquidmaster.pl\/en\/gyeon-q2m-clay-coarse-evo\/\" rel=\"bookmark\">Read More \u00bb<span class=\"screen-reader-text\">GYEON Q2M Clay Coarse EVO<\/span><\/a><\/p>","protected":false},"featured_media":1850858,"comment_status":"open","ping_status":"open","template":"","meta":{"neve_meta_sidebar":"","neve_meta_container":"","neve_meta_enable_content_width":"","neve_meta_content_width":0,"neve_meta_title_alignment":"","neve_meta_author_avatar":"","neve_post_elements_order":"","neve_meta_disable_header":"","neve_meta_disable_footer":"","neve_meta_disable_title":"","_themeisle_gutenberg_block_has_review":false},"product_brand":[],"product_cat":[743,763,733],"product_tag":[302],"class_list":{"0":"post-1829129","1":"product","2":"type-product","3":"status-publish","4":"has-post-thumbnail","6":"product_cat-dekontaminacja","7":"product_cat-glinki-i-lubrykanty","8":"product_cat-na-zewnatrz","9":"product_tag-gyeon","11":"first","12":"outofstock","13":"taxable","14":"shipping-taxable","15":"purchasable","16":"product-type-simple"},"_links":{"self":[{"href":"https:\/\/liquidmaster.pl\/en\/wp-json\/wp\/v2\/product\/1829129","targetHints":{"allow":["GET"]}}],"collection":[{"href":"https:\/\/liquidmaster.pl\/en\/wp-json\/wp\/v2\/product"}],"about":[{"href":"https:\/\/liquidmaster.pl\/en\/wp-json\/wp\/v2\/types\/product"}],"replies":[{"embeddable":true,"href":"https:\/\/liquidmaster.pl\/en\/wp-json\/wp\/v2\/comments?post=1829129"}],"wp:featuredmedia":[{"embeddable":true,"href":"https:\/\/liquidmaster.pl\/en\/wp-json\/wp\/v2\/media\/1850858"}],"wp:attachment":[{"href":"https:\/\/liquidmaster.pl\/en\/wp-json\/wp\/v2\/media?parent=1829129"}],"wp:term":[{"taxonomy":"product_brand","embeddable":true,"href":"https:\/\/liquidmaster.pl\/en\/wp-json\/wp\/v2\/product_brand?post=1829129"},{"taxonomy":"product_cat","embeddable":true,"href":"https:\/\/liquidmaster.pl\/en\/wp-json\/wp\/v2\/product_cat?post=1829129"},{"taxonomy":"product_tag","embeddable":true,"href":"https:\/\/liquidmaster.pl\/en\/wp-json\/wp\/v2\/product_tag?post=1829129"}],"curies":[{"name":"wp","href":"https:\/\/api.w.org\/{rel}","templated":true}]}}