{"id":1819475,"date":"2025-05-05T08:18:42","date_gmt":"2025-05-05T06:18:42","guid":{"rendered":"https:\/\/liquidmaster.pl\/koch-chemie-leather-star-1l-produkt-do-pielegnacji-materialow-skorzanych\/"},"modified":"2026-04-18T04:19:40","modified_gmt":"2026-04-18T02:19:40","slug":"koch-chemie-leather-star-1l-produkt-do-pielegnacji-materialow-skorzanych","status":"publish","type":"product","link":"https:\/\/liquidmaster.pl\/en\/koch-chemie-leather-star-1l-produkt-do-pielegnacji-materialow-skorzanych\/","title":{"rendered":"Koch Chemie Leather Star 1l - a product for the care of leather materials"},"content":{"rendered":"<p>Leather Star<\/p>\n<p>An amazing product for the care of leather materials. It has a natural satin consistency. It allows us to nourish and preserve smooth, suede and perforated leather materials in vehicles and furniture. It has a delicate fresh scent and is easy to use. Thanks to the components it contains, it makes the skin more elastic. Using the product prevents the skin from becoming brittle and keeps it clean for a long time.<\/p>\n<p>\u00a0<\/p>\n<p>Use:<\/p>\n<ul>\n<li>Before application, clean the skin using a dedicated cleaning product and wait about 1-2 hours<\/li>\n<li>apply Leather Star using a cotton or microfiber applicator<\/li>\n<li>leave for a few minutes for the preparation to absorb into the skin<\/li>\n<li>Wipe off excess product with a dry microfiber cloth<\/li>\n<\/ul>\n<p>\u00a0<\/p>","protected":false},"excerpt":{"rendered":"<p>Leather Star Niesamowity produkt s\u0142u\u017c\u0105cy do piel\u0119gnacji materia\u0142\u00f3w sk\u00f3rzanych. Posiada naturaln\u0105 satynow\u0105 konsystencj\u0119. Pozwala nam od\u017cywi\u0107 i zakonserwowa\u0107 materia\u0142y ze sk\u00f3ry g\u0142adkiej i zamszowej oraz perforowanej w pojazdach i meblach. Posiada on delikatny \u015bwie\u017cy zapach i jest \u0142atwy w u\u017cyciu. Dzi\u0119ki zawartym w nim komponentom, sprawia i\u017c sk\u00f3ra pozostaje bardziej elastyczna. Stosowanie produktu zapobiega krucho\u015bci&hellip;&nbsp;<a href=\"https:\/\/liquidmaster.pl\/en\/koch-chemie-leather-star-1l-produkt-do-pielegnacji-materialow-skorzanych\/\" rel=\"bookmark\">Read More \u00bb<span class=\"screen-reader-text\">Koch Chemie Leather Star 1l - a product for the care of leather materials<\/span><\/a><\/p>","protected":false},"featured_media":1846958,"comment_status":"open","ping_status":"open","template":"","meta":{"neve_meta_sidebar":"","neve_meta_container":"","neve_meta_enable_content_width":"","neve_meta_content_width":0,"neve_meta_title_alignment":"","neve_meta_author_avatar":"","neve_post_elements_order":"","neve_meta_disable_header":"","neve_meta_disable_footer":"","neve_meta_disable_title":"","_themeisle_gutenberg_block_has_review":false},"product_brand":[],"product_cat":[833,816,768],"product_tag":[313],"class_list":{"0":"post-1819475","1":"product","2":"type-product","3":"status-publish","4":"has-post-thumbnail","6":"product_cat-ochrona-skory","7":"product_cat-tapicerka-skorzana","8":"product_cat-wnetrze-auta","9":"product_tag-koch-chemie","11":"first","12":"instock","13":"taxable","14":"shipping-taxable","15":"purchasable","16":"product-type-simple"},"_links":{"self":[{"href":"https:\/\/liquidmaster.pl\/en\/wp-json\/wp\/v2\/product\/1819475","targetHints":{"allow":["GET"]}}],"collection":[{"href":"https:\/\/liquidmaster.pl\/en\/wp-json\/wp\/v2\/product"}],"about":[{"href":"https:\/\/liquidmaster.pl\/en\/wp-json\/wp\/v2\/types\/product"}],"replies":[{"embeddable":true,"href":"https:\/\/liquidmaster.pl\/en\/wp-json\/wp\/v2\/comments?post=1819475"}],"wp:featuredmedia":[{"embeddable":true,"href":"https:\/\/liquidmaster.pl\/en\/wp-json\/wp\/v2\/media\/1846958"}],"wp:attachment":[{"href":"https:\/\/liquidmaster.pl\/en\/wp-json\/wp\/v2\/media?parent=1819475"}],"wp:term":[{"taxonomy":"product_brand","embeddable":true,"href":"https:\/\/liquidmaster.pl\/en\/wp-json\/wp\/v2\/product_brand?post=1819475"},{"taxonomy":"product_cat","embeddable":true,"href":"https:\/\/liquidmaster.pl\/en\/wp-json\/wp\/v2\/product_cat?post=1819475"},{"taxonomy":"product_tag","embeddable":true,"href":"https:\/\/liquidmaster.pl\/en\/wp-json\/wp\/v2\/product_tag?post=1819475"}],"curies":[{"name":"wp","href":"https:\/\/api.w.org\/{rel}","templated":true}]}}