{"id":1819469,"date":"2025-05-05T08:18:06","date_gmt":"2025-05-05T06:18:06","guid":{"rendered":"https:\/\/liquidmaster.pl\/shiny-garage-all-arounder-edgless-microfiber-mikrofibra-bezszwowa\/"},"modified":"2026-04-01T15:18:12","modified_gmt":"2026-04-01T13:18:12","slug":"shiny-garage-all-arounder-edgless-microfiber-mikrofibra-bezszwowa","status":"publish","type":"product","link":"https:\/\/liquidmaster.pl\/en\/shiny-garage-all-arounder-edgless-microfiber-mikrofibra-bezszwowa\/","title":{"rendered":"Shiny Garage All Arounder Edgeless Microfiber \u2013 seamless microfiber"},"content":{"rendered":"<p>All Arounder is a versatile, high-quality seamless microfiber. Thanks to two bristle lengths, the All-Arounder is extremely versatile. Shorter bristles are perfect for applying detailers, polishing wax or working inside the car. The long bristles are ideal for final polishing and interior finishing work (e.g. when applying dressing).<\/p>\n<p>The most important features:<\/p>\n<ul>\n<li>laser cut edges<\/li>\n<li>dense and delicate microfiber<\/li>\n<li>high grammage<\/li>\n<li>composition 80% polyester, 20% polyamide<\/li>\n<li>380 gsm<\/li>\n<li>40\u00d740 cm<\/li>\n<\/ul>","protected":false},"excerpt":{"rendered":"<p>All Arounder to wszechstronna, wysokiej jako\u015bci bezszwowa mikrofibra. Dzi\u0119ki dw\u00f3m d\u0142ugo\u015bciom w\u0142osia All-Arounder jest niezwykle uniwersalny. Kr\u00f3tsze w\u0142osie sprawdzi si\u0119 podczas rozprowadzania detailer\u00f3w, polerowania wosku lub pracy wewn\u0105trz samochodu. D\u0142ugie w\u0142osie idealne nadaje si\u0119 do finalnego polerowania i prac wyko\u0144czeniowych wewn\u0105trz (np. przy aplikacji dressingu). Najwa\u017cniejsze cechy: laserowo ci\u0119te kraw\u0119dzie g\u0119sta i delikatna mikrofibra wysoka&hellip;&nbsp;<a href=\"https:\/\/liquidmaster.pl\/en\/shiny-garage-all-arounder-edgless-microfiber-mikrofibra-bezszwowa\/\" rel=\"bookmark\">Read More \u00bb<span class=\"screen-reader-text\">Shiny Garage All Arounder Edgeless Microfiber \u2013 seamless microfiber<\/span><\/a><\/p>","protected":false},"featured_media":1846948,"comment_status":"open","ping_status":"open","template":"","meta":{"neve_meta_sidebar":"","neve_meta_container":"","neve_meta_enable_content_width":"","neve_meta_content_width":0,"neve_meta_title_alignment":"","neve_meta_author_avatar":"","neve_post_elements_order":"","neve_meta_disable_header":"","neve_meta_disable_footer":"","neve_meta_disable_title":"","_themeisle_gutenberg_block_has_review":false},"product_brand":[],"product_cat":[757,758,798],"product_tag":[360],"class_list":{"0":"post-1819469","1":"product","2":"type-product","3":"status-publish","4":"has-post-thumbnail","6":"product_cat-akcesoria","7":"product_cat-mikrofibry-i-reczniki","8":"product_cat-uniwersalne","9":"product_tag-shiny-garage","11":"first","12":"outofstock","13":"taxable","14":"shipping-taxable","15":"purchasable","16":"product-type-simple"},"_links":{"self":[{"href":"https:\/\/liquidmaster.pl\/en\/wp-json\/wp\/v2\/product\/1819469","targetHints":{"allow":["GET"]}}],"collection":[{"href":"https:\/\/liquidmaster.pl\/en\/wp-json\/wp\/v2\/product"}],"about":[{"href":"https:\/\/liquidmaster.pl\/en\/wp-json\/wp\/v2\/types\/product"}],"replies":[{"embeddable":true,"href":"https:\/\/liquidmaster.pl\/en\/wp-json\/wp\/v2\/comments?post=1819469"}],"wp:featuredmedia":[{"embeddable":true,"href":"https:\/\/liquidmaster.pl\/en\/wp-json\/wp\/v2\/media\/1846948"}],"wp:attachment":[{"href":"https:\/\/liquidmaster.pl\/en\/wp-json\/wp\/v2\/media?parent=1819469"}],"wp:term":[{"taxonomy":"product_brand","embeddable":true,"href":"https:\/\/liquidmaster.pl\/en\/wp-json\/wp\/v2\/product_brand?post=1819469"},{"taxonomy":"product_cat","embeddable":true,"href":"https:\/\/liquidmaster.pl\/en\/wp-json\/wp\/v2\/product_cat?post=1819469"},{"taxonomy":"product_tag","embeddable":true,"href":"https:\/\/liquidmaster.pl\/en\/wp-json\/wp\/v2\/product_tag?post=1819469"}],"curies":[{"name":"wp","href":"https:\/\/api.w.org\/{rel}","templated":true}]}}