{"id":1819433,"date":"2025-05-04T04:16:05","date_gmt":"2025-05-04T02:16:05","guid":{"rendered":"https:\/\/liquidmaster.pl\/heaven-scents-star-scent-100ml\/"},"modified":"2026-04-18T04:48:03","modified_gmt":"2026-04-18T02:48:03","slug":"heaven-scents-star-scent-100ml","status":"publish","type":"product","link":"https:\/\/liquidmaster.pl\/en\/heaven-scents-star-scent-100ml\/","title":{"rendered":"Heaven Scents Star Scent 100ml"},"content":{"rendered":"<p data-end=\"247\" data-start=\"102\">STAR SCENT \u2013 CAR PERFUME<br data-end=\"133\" data-start=\"130\" \/><br \/>\nS\u0105 r\u00f3\u017cne drogi: autostrady, kraj\u00f3wki, le\u015bne szlaki\u2026 Ale ta, kt\u00f3ra zainspirowa\u0142a nas najbardziej, to Droga Mleczna.<\/p>\n<p data-end=\"495\" data-start=\"249\">STAR SCENT to zapach z kosmicznym vibem \u2013 zbudowany na bazie drzewa sanda\u0142owego, cedru i tonki. Dope\u0142niaj\u0105 go wyraziste nuty karmelu, \u015bliwki i kwiat\u00f3w, tworz\u0105c zmys\u0142ow\u0105, g\u0142\u0119bok\u0105 kompozycj\u0119 idealn\u0105 na wieczorne kursy pod rozgwie\u017cd\u017conym niebem.<\/p>\n<p data-end=\"598\" data-start=\"497\">Dla nocnych podr\u00f3\u017cnik\u00f3w, kt\u00f3rzy potrafi\u0105 zatrzyma\u0107 si\u0119 na poboczu tylko po to, by spojrze\u0107 w gwiazdy.<\/p>","protected":false},"excerpt":{"rendered":"<p>STAR SCENT \u2013 CAR PERFUME S\u0105 r\u00f3\u017cne drogi: autostrady, kraj\u00f3wki, le\u015bne szlaki\u2026 Ale ta, kt\u00f3ra zainspirowa\u0142a nas najbardziej, to Droga Mleczna. STAR SCENT to zapach z kosmicznym vibem \u2013 zbudowany na bazie drzewa sanda\u0142owego, cedru i tonki. Dope\u0142niaj\u0105 go wyraziste nuty karmelu, \u015bliwki i kwiat\u00f3w, tworz\u0105c zmys\u0142ow\u0105, g\u0142\u0119bok\u0105 kompozycj\u0119 idealn\u0105 na wieczorne kursy pod rozgwie\u017cd\u017conym&hellip;&nbsp;<a href=\"https:\/\/liquidmaster.pl\/en\/heaven-scents-star-scent-100ml\/\" rel=\"bookmark\">Read More \u00bb<span class=\"screen-reader-text\">Heaven Scents Star Scent 100ml<\/span><\/a><\/p>","protected":false},"featured_media":1851070,"comment_status":"open","ping_status":"open","template":"","meta":{"neve_meta_sidebar":"","neve_meta_container":"","neve_meta_enable_content_width":"","neve_meta_content_width":0,"neve_meta_title_alignment":"","neve_meta_author_avatar":"","neve_post_elements_order":"","neve_meta_disable_header":"","neve_meta_disable_footer":"","neve_meta_disable_title":"","_themeisle_gutenberg_block_has_review":false},"product_brand":[],"product_cat":[801,802,768],"product_tag":[],"class_list":{"0":"post-1819433","1":"product","2":"type-product","3":"status-publish","4":"has-post-thumbnail","6":"product_cat-odswiezacze-powietrza","7":"product_cat-perfumy-i-spraye","8":"product_cat-wnetrze-auta","10":"first","11":"instock","12":"taxable","13":"shipping-taxable","14":"purchasable","15":"product-type-simple"},"_links":{"self":[{"href":"https:\/\/liquidmaster.pl\/en\/wp-json\/wp\/v2\/product\/1819433","targetHints":{"allow":["GET"]}}],"collection":[{"href":"https:\/\/liquidmaster.pl\/en\/wp-json\/wp\/v2\/product"}],"about":[{"href":"https:\/\/liquidmaster.pl\/en\/wp-json\/wp\/v2\/types\/product"}],"replies":[{"embeddable":true,"href":"https:\/\/liquidmaster.pl\/en\/wp-json\/wp\/v2\/comments?post=1819433"}],"wp:featuredmedia":[{"embeddable":true,"href":"https:\/\/liquidmaster.pl\/en\/wp-json\/wp\/v2\/media\/1851070"}],"wp:attachment":[{"href":"https:\/\/liquidmaster.pl\/en\/wp-json\/wp\/v2\/media?parent=1819433"}],"wp:term":[{"taxonomy":"product_brand","embeddable":true,"href":"https:\/\/liquidmaster.pl\/en\/wp-json\/wp\/v2\/product_brand?post=1819433"},{"taxonomy":"product_cat","embeddable":true,"href":"https:\/\/liquidmaster.pl\/en\/wp-json\/wp\/v2\/product_cat?post=1819433"},{"taxonomy":"product_tag","embeddable":true,"href":"https:\/\/liquidmaster.pl\/en\/wp-json\/wp\/v2\/product_tag?post=1819433"}],"curies":[{"name":"wp","href":"https:\/\/api.w.org\/{rel}","templated":true}]}}