{"id":1819428,"date":"2025-05-04T04:16:05","date_gmt":"2025-05-04T02:16:05","guid":{"rendered":"https:\/\/liquidmaster.pl\/heaven-scents-moon-scent-100ml\/"},"modified":"2026-04-18T04:48:02","modified_gmt":"2026-04-18T02:48:02","slug":"heaven-scents-moon-scent-100ml","status":"publish","type":"product","link":"https:\/\/liquidmaster.pl\/en\/heaven-scents-moon-scent-100ml\/","title":{"rendered":"Heaven Scents Moon Scent 100ml"},"content":{"rendered":"<p data-end=\"219\" data-start=\"132\">MOON SCENT \u2013 CAR PERFUME<br data-end=\"163\" data-start=\"160\" \/><br \/>\nNa Ksi\u0119\u017cycu stan\u0119\u0142o tylko 12 ludzi. Chcesz by\u0107 kolejnym?<\/p>\n<p data-end=\"497\" data-start=\"221\">Dla fan\u00f3w szalonych trip\u00f3w, nocnych kurs\u00f3w i mi\u0119dzyplanetarnych przyg\u00f3d stworzyli\u015bmy MOON SCENT \u2013 zapach, z kt\u00f3rym ka\u017cda podr\u00f3\u017c zmienia si\u0119 w kosmiczny rejs. Dominuj\u0105ce nuty cytrus\u00f3w i zielonej herbaty zosta\u0142y subtelnie zbalansowane ja\u015bminem, sza\u0142wi\u0105 i drzewem sanda\u0142owym.<\/p>\n<p data-end=\"645\" data-start=\"499\">W pe\u0142ni Ksi\u0119\u017cyca ujawnia ca\u0142\u0105 swoj\u0105 moc\u2026 wi\u0119c trzymajcie oczy szeroko otwarte \u2013 mog\u0105 nadlecie\u0107 asteroidy albo inne obiekty nieznanego pochodzenia.<\/p>","protected":false},"excerpt":{"rendered":"<p>MOON SCENT \u2013 CAR PERFUME Na Ksi\u0119\u017cycu stan\u0119\u0142o tylko 12 ludzi. Chcesz by\u0107 kolejnym? Dla fan\u00f3w szalonych trip\u00f3w, nocnych kurs\u00f3w i mi\u0119dzyplanetarnych przyg\u00f3d stworzyli\u015bmy MOON SCENT \u2013 zapach, z kt\u00f3rym ka\u017cda podr\u00f3\u017c zmienia si\u0119 w kosmiczny rejs. Dominuj\u0105ce nuty cytrus\u00f3w i zielonej herbaty zosta\u0142y subtelnie zbalansowane ja\u015bminem, sza\u0142wi\u0105 i drzewem sanda\u0142owym. W pe\u0142ni Ksi\u0119\u017cyca ujawnia&hellip;&nbsp;<a href=\"https:\/\/liquidmaster.pl\/en\/heaven-scents-moon-scent-100ml\/\" rel=\"bookmark\">Read More \u00bb<span class=\"screen-reader-text\">Heaven Scents Moon Scent 100ml<\/span><\/a><\/p>","protected":false},"featured_media":1851066,"comment_status":"open","ping_status":"open","template":"","meta":{"neve_meta_sidebar":"","neve_meta_container":"","neve_meta_enable_content_width":"","neve_meta_content_width":0,"neve_meta_title_alignment":"","neve_meta_author_avatar":"","neve_post_elements_order":"","neve_meta_disable_header":"","neve_meta_disable_footer":"","neve_meta_disable_title":"","_themeisle_gutenberg_block_has_review":false},"product_brand":[],"product_cat":[801,802,768],"product_tag":[],"class_list":{"0":"post-1819428","1":"product","2":"type-product","3":"status-publish","4":"has-post-thumbnail","6":"product_cat-odswiezacze-powietrza","7":"product_cat-perfumy-i-spraye","8":"product_cat-wnetrze-auta","10":"first","11":"instock","12":"taxable","13":"shipping-taxable","14":"purchasable","15":"product-type-simple"},"_links":{"self":[{"href":"https:\/\/liquidmaster.pl\/en\/wp-json\/wp\/v2\/product\/1819428","targetHints":{"allow":["GET"]}}],"collection":[{"href":"https:\/\/liquidmaster.pl\/en\/wp-json\/wp\/v2\/product"}],"about":[{"href":"https:\/\/liquidmaster.pl\/en\/wp-json\/wp\/v2\/types\/product"}],"replies":[{"embeddable":true,"href":"https:\/\/liquidmaster.pl\/en\/wp-json\/wp\/v2\/comments?post=1819428"}],"wp:featuredmedia":[{"embeddable":true,"href":"https:\/\/liquidmaster.pl\/en\/wp-json\/wp\/v2\/media\/1851066"}],"wp:attachment":[{"href":"https:\/\/liquidmaster.pl\/en\/wp-json\/wp\/v2\/media?parent=1819428"}],"wp:term":[{"taxonomy":"product_brand","embeddable":true,"href":"https:\/\/liquidmaster.pl\/en\/wp-json\/wp\/v2\/product_brand?post=1819428"},{"taxonomy":"product_cat","embeddable":true,"href":"https:\/\/liquidmaster.pl\/en\/wp-json\/wp\/v2\/product_cat?post=1819428"},{"taxonomy":"product_tag","embeddable":true,"href":"https:\/\/liquidmaster.pl\/en\/wp-json\/wp\/v2\/product_tag?post=1819428"}],"curies":[{"name":"wp","href":"https:\/\/api.w.org\/{rel}","templated":true}]}}