{"id":1819418,"date":"2025-05-04T04:14:05","date_gmt":"2025-05-04T02:14:05","guid":{"rendered":"https:\/\/liquidmaster.pl\/heaven-scents-god-scent-100ml\/"},"modified":"2026-04-18T04:48:00","modified_gmt":"2026-04-18T02:48:00","slug":"heaven-scents-god-scent-100ml","status":"publish","type":"product","link":"https:\/\/liquidmaster.pl\/en\/heaven-scents-god-scent-100ml\/","title":{"rendered":"Heaven Scents God Scent 100ml"},"content":{"rendered":"<p data-end=\"207\" data-start=\"137\">GOD SCENT \u2013 CAR PERFUME<br data-end=\"167\" data-start=\"164\" \/><br \/>\nZapach, od kt\u00f3rego wszystko si\u0119 zacz\u0119\u0142o!<\/p>\n<p data-end=\"541\" data-start=\"209\">B\u00f3g ma nosa \u2013 i dobrze wie, jak powinien pachnie\u0107 porz\u0105dny cruisin\u2019 po mie\u015bcie. Dlatego tworz\u0105c GOD SCENT, nie mogli\u015bmy pozwoli\u0107 sobie na pomy\u0142k\u0119. Baz\u0119 stanowi\u0105 boskie nuty drzewa sanda\u0142owego, mchu d\u0119bowego i wetywerii, a ca\u0142o\u015b\u0107 wzbogacili\u015bmy esencj\u0105 z rajskiego ogrodu: cytrusami, konwali\u0105, r\u00f3\u017c\u0105, sza\u0142wi\u0105 i subteln\u0105 nut\u0105 sosny.<\/p>\n<p data-end=\"649\" data-start=\"543\">Czy niebo istnieje? My odpowiadamy: tak \u2013 i pachnie w\u0142a\u015bnie tak.<br data-end=\"614\" data-start=\"611\" \/><br \/>\nZa wszystko inne\u2026 rozliczy nas B\u00f3g.<\/p>","protected":false},"excerpt":{"rendered":"<p>GOD SCENT \u2013 CAR PERFUME Zapach, od kt\u00f3rego wszystko si\u0119 zacz\u0119\u0142o! B\u00f3g ma nosa \u2013 i dobrze wie, jak powinien pachnie\u0107 porz\u0105dny cruisin\u2019 po mie\u015bcie. Dlatego tworz\u0105c GOD SCENT, nie mogli\u015bmy pozwoli\u0107 sobie na pomy\u0142k\u0119. Baz\u0119 stanowi\u0105 boskie nuty drzewa sanda\u0142owego, mchu d\u0119bowego i wetywerii, a ca\u0142o\u015b\u0107 wzbogacili\u015bmy esencj\u0105 z rajskiego ogrodu: cytrusami, konwali\u0105, r\u00f3\u017c\u0105,&hellip;&nbsp;<a href=\"https:\/\/liquidmaster.pl\/en\/heaven-scents-god-scent-100ml\/\" rel=\"bookmark\">Read More \u00bb<span class=\"screen-reader-text\">Heaven Scents God Scent 100ml<\/span><\/a><\/p>","protected":false},"featured_media":1851058,"comment_status":"open","ping_status":"open","template":"","meta":{"neve_meta_sidebar":"","neve_meta_container":"","neve_meta_enable_content_width":"","neve_meta_content_width":0,"neve_meta_title_alignment":"","neve_meta_author_avatar":"","neve_post_elements_order":"","neve_meta_disable_header":"","neve_meta_disable_footer":"","neve_meta_disable_title":"","_themeisle_gutenberg_block_has_review":false},"product_brand":[],"product_cat":[801,802,768],"product_tag":[],"class_list":{"0":"post-1819418","1":"product","2":"type-product","3":"status-publish","4":"has-post-thumbnail","6":"product_cat-odswiezacze-powietrza","7":"product_cat-perfumy-i-spraye","8":"product_cat-wnetrze-auta","10":"first","11":"instock","12":"taxable","13":"shipping-taxable","14":"purchasable","15":"product-type-simple"},"_links":{"self":[{"href":"https:\/\/liquidmaster.pl\/en\/wp-json\/wp\/v2\/product\/1819418","targetHints":{"allow":["GET"]}}],"collection":[{"href":"https:\/\/liquidmaster.pl\/en\/wp-json\/wp\/v2\/product"}],"about":[{"href":"https:\/\/liquidmaster.pl\/en\/wp-json\/wp\/v2\/types\/product"}],"replies":[{"embeddable":true,"href":"https:\/\/liquidmaster.pl\/en\/wp-json\/wp\/v2\/comments?post=1819418"}],"wp:featuredmedia":[{"embeddable":true,"href":"https:\/\/liquidmaster.pl\/en\/wp-json\/wp\/v2\/media\/1851058"}],"wp:attachment":[{"href":"https:\/\/liquidmaster.pl\/en\/wp-json\/wp\/v2\/media?parent=1819418"}],"wp:term":[{"taxonomy":"product_brand","embeddable":true,"href":"https:\/\/liquidmaster.pl\/en\/wp-json\/wp\/v2\/product_brand?post=1819418"},{"taxonomy":"product_cat","embeddable":true,"href":"https:\/\/liquidmaster.pl\/en\/wp-json\/wp\/v2\/product_cat?post=1819418"},{"taxonomy":"product_tag","embeddable":true,"href":"https:\/\/liquidmaster.pl\/en\/wp-json\/wp\/v2\/product_tag?post=1819418"}],"curies":[{"name":"wp","href":"https:\/\/api.w.org\/{rel}","templated":true}]}}