{"id":1819416,"date":"2025-05-04T04:14:05","date_gmt":"2025-05-04T02:14:05","guid":{"rendered":"https:\/\/liquidmaster.pl\/heaven-scents-angel-scent-hanging-air-freshener\/"},"modified":"2026-04-18T04:47:59","modified_gmt":"2026-04-18T02:47:59","slug":"heaven-scents-angel-scent-hanging-air-freshener","status":"publish","type":"product","link":"https:\/\/liquidmaster.pl\/en\/heaven-scents-angel-scent-hanging-air-freshener\/","title":{"rendered":"Heaven Scents Angel Scent Hanging Air Freshener"},"content":{"rendered":"<p data-end=\"280\" data-start=\"123\">ANGEL SCENT \u2013 CAR PERFUME<br data-end=\"155\" data-start=\"152\" \/><br \/>\nCzujesz, \u017ce co\u015b szepcze Ci do ucha, \u017ce Tw\u00f3j w\u00f3z powinien pachnie\u0107 bosko? To Tw\u00f3j anio\u0142 str\u00f3\u017c \u2013 i zna ju\u017c moc ANGEL SCENT.<\/p>\n<p data-end=\"539\" data-start=\"282\">Baz\u0105 tego zapachu jest wyrazista wanilia, wsparta nut\u0105 kadzid\u0142a (tak, dok\u0142adnie \u2013 kadzid\u0142a!) oraz szlachetnym drewnem. W sercu tej niebia\u0144skiej kompozycji ukryli\u015bmy kwiaty plumerii, wi\u015bni i heliotropu, a dla subtelnych nos\u00f3w \u2013 delikatn\u0105 nut\u0119 bia\u0142ej herbaty.<\/p>\n<p data-end=\"681\" data-start=\"541\">Dla tych, kt\u00f3rzy kochaj\u0105 spokojne trasy, d\u0142ugie podr\u00f3\u017ce i bezkresne, puste czteropasm\u00f3wki. Zapach czystej harmonii \u2013 na czterech ko\u0142ach.<\/p>","protected":false},"excerpt":{"rendered":"<p>ANGEL SCENT \u2013 CAR PERFUME Czujesz, \u017ce co\u015b szepcze Ci do ucha, \u017ce Tw\u00f3j w\u00f3z powinien pachnie\u0107 bosko? To Tw\u00f3j anio\u0142 str\u00f3\u017c \u2013 i zna ju\u017c moc ANGEL SCENT. Baz\u0105 tego zapachu jest wyrazista wanilia, wsparta nut\u0105 kadzid\u0142a (tak, dok\u0142adnie \u2013 kadzid\u0142a!) oraz szlachetnym drewnem. W sercu tej niebia\u0144skiej kompozycji ukryli\u015bmy kwiaty plumerii, wi\u015bni i&hellip;&nbsp;<a href=\"https:\/\/liquidmaster.pl\/en\/heaven-scents-angel-scent-hanging-air-freshener\/\" rel=\"bookmark\">Read More \u00bb<span class=\"screen-reader-text\">Heaven Scents Angel Scent Hanging Air Freshener<\/span><\/a><\/p>","protected":false},"featured_media":1851056,"comment_status":"open","ping_status":"open","template":"","meta":{"neve_meta_sidebar":"","neve_meta_container":"","neve_meta_enable_content_width":"","neve_meta_content_width":0,"neve_meta_title_alignment":"","neve_meta_author_avatar":"","neve_post_elements_order":"","neve_meta_disable_header":"","neve_meta_disable_footer":"","neve_meta_disable_title":"","_themeisle_gutenberg_block_has_review":false},"product_brand":[],"product_cat":[888,801,768],"product_tag":[],"class_list":{"0":"post-1819416","1":"product","2":"type-product","3":"status-publish","4":"has-post-thumbnail","6":"product_cat-dyfuzory-i-zawieszki","7":"product_cat-odswiezacze-powietrza","8":"product_cat-wnetrze-auta","10":"first","11":"instock","12":"taxable","13":"shipping-taxable","14":"purchasable","15":"product-type-simple"},"_links":{"self":[{"href":"https:\/\/liquidmaster.pl\/en\/wp-json\/wp\/v2\/product\/1819416","targetHints":{"allow":["GET"]}}],"collection":[{"href":"https:\/\/liquidmaster.pl\/en\/wp-json\/wp\/v2\/product"}],"about":[{"href":"https:\/\/liquidmaster.pl\/en\/wp-json\/wp\/v2\/types\/product"}],"replies":[{"embeddable":true,"href":"https:\/\/liquidmaster.pl\/en\/wp-json\/wp\/v2\/comments?post=1819416"}],"wp:featuredmedia":[{"embeddable":true,"href":"https:\/\/liquidmaster.pl\/en\/wp-json\/wp\/v2\/media\/1851056"}],"wp:attachment":[{"href":"https:\/\/liquidmaster.pl\/en\/wp-json\/wp\/v2\/media?parent=1819416"}],"wp:term":[{"taxonomy":"product_brand","embeddable":true,"href":"https:\/\/liquidmaster.pl\/en\/wp-json\/wp\/v2\/product_brand?post=1819416"},{"taxonomy":"product_cat","embeddable":true,"href":"https:\/\/liquidmaster.pl\/en\/wp-json\/wp\/v2\/product_cat?post=1819416"},{"taxonomy":"product_tag","embeddable":true,"href":"https:\/\/liquidmaster.pl\/en\/wp-json\/wp\/v2\/product_tag?post=1819416"}],"curies":[{"name":"wp","href":"https:\/\/api.w.org\/{rel}","templated":true}]}}