{"id":1819408,"date":"2025-05-04T04:12:44","date_gmt":"2025-05-04T02:12:44","guid":{"rendered":"https:\/\/liquidmaster.pl\/heaven-scents-alien-scent-hanging-air-freshener\/"},"modified":"2026-04-18T04:47:58","modified_gmt":"2026-04-18T02:47:58","slug":"heaven-scents-alien-scent-hanging-air-freshener","status":"publish","type":"product","link":"https:\/\/liquidmaster.pl\/en\/heaven-scents-alien-scent-hanging-air-freshener\/","title":{"rendered":"Heaven Scents Alien Scent Hanging Air Freshener"},"content":{"rendered":"<p data-end=\"359\" data-start=\"103\">ALIEN SCENT \u2013 CAR PERFUME<br data-end=\"135\" data-start=\"132\" \/><br \/>\nMy\u015blisz, \u017ce jeste\u015bmy sami w kosmosie? A mo\u017ce wierzysz, \u017ce gdzie\u015b tam, w\u015br\u00f3d gwiazd, \u017cyje obca cywilizacja? Jedno jest pewne \u2013 ka\u017cdy z nas ma w sobie odrobin\u0119 kosmity. A ci, kt\u00f3rzy maj\u0105 go troch\u0119 wi\u0119cej, pokochaj\u0105 ten zapach.<\/p>\n<p data-end=\"579\" data-start=\"361\">W ALIEN SCENT po\u0142\u0105czyli\u015bmy eksplozj\u0119 cytrus\u00f3w z subtelnym, bia\u0142ym bukietem kwiatowym. Efekt? Intensywny, \u015bwie\u017cy i totalnie nieziemski aromat, kt\u00f3ry przeniesie Ci\u0119 w inne galaktyki \u2013 bez potrzeby startu z platformy.<\/p>\n<p data-end=\"630\" data-start=\"581\">Uwaga: ten zapach mo\u017ce przyci\u0105ga\u0107 UFO. Serio.<\/p>","protected":false},"excerpt":{"rendered":"<p>ALIEN SCENT \u2013 CAR PERFUME My\u015blisz, \u017ce jeste\u015bmy sami w kosmosie? A mo\u017ce wierzysz, \u017ce gdzie\u015b tam, w\u015br\u00f3d gwiazd, \u017cyje obca cywilizacja? Jedno jest pewne \u2013 ka\u017cdy z nas ma w sobie odrobin\u0119 kosmity. A ci, kt\u00f3rzy maj\u0105 go troch\u0119 wi\u0119cej, pokochaj\u0105 ten zapach. W ALIEN SCENT po\u0142\u0105czyli\u015bmy eksplozj\u0119 cytrus\u00f3w z subtelnym, bia\u0142ym bukietem kwiatowym.&hellip;&nbsp;<a href=\"https:\/\/liquidmaster.pl\/en\/heaven-scents-alien-scent-hanging-air-freshener\/\" rel=\"bookmark\">Read More \u00bb<span class=\"screen-reader-text\">Heaven Scents Alien Scent Hanging Air Freshener<\/span><\/a><\/p>","protected":false},"featured_media":1851049,"comment_status":"open","ping_status":"open","template":"","meta":{"neve_meta_sidebar":"","neve_meta_container":"","neve_meta_enable_content_width":"","neve_meta_content_width":0,"neve_meta_title_alignment":"","neve_meta_author_avatar":"","neve_post_elements_order":"","neve_meta_disable_header":"","neve_meta_disable_footer":"","neve_meta_disable_title":"","_themeisle_gutenberg_block_has_review":false},"product_brand":[],"product_cat":[888,801,768],"product_tag":[],"class_list":{"0":"post-1819408","1":"product","2":"type-product","3":"status-publish","4":"has-post-thumbnail","6":"product_cat-dyfuzory-i-zawieszki","7":"product_cat-odswiezacze-powietrza","8":"product_cat-wnetrze-auta","10":"first","11":"instock","12":"taxable","13":"shipping-taxable","14":"purchasable","15":"product-type-simple"},"_links":{"self":[{"href":"https:\/\/liquidmaster.pl\/en\/wp-json\/wp\/v2\/product\/1819408","targetHints":{"allow":["GET"]}}],"collection":[{"href":"https:\/\/liquidmaster.pl\/en\/wp-json\/wp\/v2\/product"}],"about":[{"href":"https:\/\/liquidmaster.pl\/en\/wp-json\/wp\/v2\/types\/product"}],"replies":[{"embeddable":true,"href":"https:\/\/liquidmaster.pl\/en\/wp-json\/wp\/v2\/comments?post=1819408"}],"wp:featuredmedia":[{"embeddable":true,"href":"https:\/\/liquidmaster.pl\/en\/wp-json\/wp\/v2\/media\/1851049"}],"wp:attachment":[{"href":"https:\/\/liquidmaster.pl\/en\/wp-json\/wp\/v2\/media?parent=1819408"}],"wp:term":[{"taxonomy":"product_brand","embeddable":true,"href":"https:\/\/liquidmaster.pl\/en\/wp-json\/wp\/v2\/product_brand?post=1819408"},{"taxonomy":"product_cat","embeddable":true,"href":"https:\/\/liquidmaster.pl\/en\/wp-json\/wp\/v2\/product_cat?post=1819408"},{"taxonomy":"product_tag","embeddable":true,"href":"https:\/\/liquidmaster.pl\/en\/wp-json\/wp\/v2\/product_tag?post=1819408"}],"curies":[{"name":"wp","href":"https:\/\/api.w.org\/{rel}","templated":true}]}}