{"id":1819309,"date":"2025-04-30T02:34:40","date_gmt":"2025-04-30T00:34:40","guid":{"rendered":"https:\/\/liquidmaster.pl\/fresso-interior-dressing-500ml-dressing-do-wnetrza\/"},"modified":"2026-04-18T04:41:44","modified_gmt":"2026-04-18T02:41:44","slug":"fresso-interior-dressing-500ml-dressing-do-wnetrza","status":"publish","type":"product","link":"https:\/\/liquidmaster.pl\/en\/fresso-interior-dressing-500ml-dressing-do-wnetrza\/","title":{"rendered":"Fresso Interior Dressing 500ml \u2013 interior dressing"},"content":{"rendered":"<p>This product nourishes and protects plastic, rubber, and vinyl surfaces in the car interior. It creates an antistatic coating that lastingly prevents dust and dirt from accumulating. Thanks to UV filters, it protects plastics from degradation and discoloration.<\/p>\n<p>It provides a natural finish to plastics and a darkening effect that gives the car&#039;s interior a premium look. The product&#039;s high performance allows you to enjoy a beautiful interior for a long time and enjoy driving in the best aesthetic conditions.<\/p>\n<p>Warning! The simple application means you may become addicted to the results.<\/p>\n<p>Key product features<\/p>\n<ul>\n<li>Nourishes car interior components made of rubber, plastic, or vinyl<\/li>\n<li>Protects plastics against discoloration<\/li>\n<li>Strong darkening effect<\/li>\n<li>Leaves a satin-matt finish depending on the type of surface<\/li>\n<li>Protects against dust accumulation<\/li>\n<li>Protects against UV radiation<\/li>\n<li>Extremely efficient<\/li>\n<\/ul>\n<p>Usage<\/p>\n<li>Apply a small amount of product to a microfiber cloth or applicator.<\/li>\n<li>Spread the product evenly over the element.<\/li>\n<li>Leave the product to dry for a while.<\/li>\n<li>Remove excess product with a dry microfiber cloth.<\/li>\n<p>Capacity 500ml<\/p>","protected":false},"excerpt":{"rendered":"<p>To produkt do od\u017cywienia i zabezpieczenia plastikowych, gumowych oraz winylowych powierzchni we wn\u0119trzu auta. Tworzy pow\u0142ok\u0119 antystatyczn\u0105, kt\u00f3ra d\u0142ugotrwale zapobiega osadzaniu si\u0119 kurzu oraz zabrudze\u0144. Dzi\u0119ki zawarto\u015bci filtr\u00f3w UV chroni tworzywa sztuczne przed degradacj\u0105 i przebarwieniami. Zapewnia naturalne wyko\u0144czenie plastik\u00f3w i efekt przyciemnienia, kt\u00f3ry sprawia, \u017ce wn\u0119trze samochodu wygl\u0105da ekskluzywnie. Wysoka wydajno\u015b\u0107 produktu, pozwala cieszy\u0107&hellip;&nbsp;<a href=\"https:\/\/liquidmaster.pl\/en\/fresso-interior-dressing-500ml-dressing-do-wnetrza\/\" rel=\"bookmark\">Read More \u00bb<span class=\"screen-reader-text\">Fresso Interior Dressing 500ml \u2013 interior dressing<\/span><\/a><\/p>","protected":false},"featured_media":1850852,"comment_status":"open","ping_status":"open","template":"","meta":{"neve_meta_sidebar":"","neve_meta_container":"","neve_meta_enable_content_width":"","neve_meta_content_width":0,"neve_meta_title_alignment":"","neve_meta_author_avatar":"","neve_post_elements_order":"","neve_meta_disable_header":"","neve_meta_disable_footer":"","neve_meta_disable_title":"","_themeisle_gutenberg_block_has_review":false},"product_brand":[],"product_cat":[796,795,768],"product_tag":[296],"class_list":{"0":"post-1819309","1":"product","2":"type-product","3":"status-publish","4":"has-post-thumbnail","6":"product_cat-ochrona-plastikow-wewnetrznych","7":"product_cat-plastiki-wewnetrzne","8":"product_cat-wnetrze-auta","9":"product_tag-fresso","10":"pa_promocja-promocje","12":"first","13":"instock","14":"taxable","15":"shipping-taxable","16":"purchasable","17":"product-type-simple"},"_links":{"self":[{"href":"https:\/\/liquidmaster.pl\/en\/wp-json\/wp\/v2\/product\/1819309","targetHints":{"allow":["GET"]}}],"collection":[{"href":"https:\/\/liquidmaster.pl\/en\/wp-json\/wp\/v2\/product"}],"about":[{"href":"https:\/\/liquidmaster.pl\/en\/wp-json\/wp\/v2\/types\/product"}],"replies":[{"embeddable":true,"href":"https:\/\/liquidmaster.pl\/en\/wp-json\/wp\/v2\/comments?post=1819309"}],"wp:featuredmedia":[{"embeddable":true,"href":"https:\/\/liquidmaster.pl\/en\/wp-json\/wp\/v2\/media\/1850852"}],"wp:attachment":[{"href":"https:\/\/liquidmaster.pl\/en\/wp-json\/wp\/v2\/media?parent=1819309"}],"wp:term":[{"taxonomy":"product_brand","embeddable":true,"href":"https:\/\/liquidmaster.pl\/en\/wp-json\/wp\/v2\/product_brand?post=1819309"},{"taxonomy":"product_cat","embeddable":true,"href":"https:\/\/liquidmaster.pl\/en\/wp-json\/wp\/v2\/product_cat?post=1819309"},{"taxonomy":"product_tag","embeddable":true,"href":"https:\/\/liquidmaster.pl\/en\/wp-json\/wp\/v2\/product_tag?post=1819309"}],"curies":[{"name":"wp","href":"https:\/\/api.w.org\/{rel}","templated":true}]}}